{"id":19761,"date":"2025-03-10T16:06:46","date_gmt":"2025-03-10T15:06:46","guid":{"rendered":"https:\/\/www.groupeguillin.fr\/politica-de-confidencialidade\/"},"modified":"2025-03-10T17:12:01","modified_gmt":"2025-03-10T16:12:01","slug":"politica-de-confidencialidade","status":"publish","type":"page","link":"https:\/\/www.groupeguillin.fr\/pt-pt\/politica-de-confidencialidade\/","title":{"rendered":"Pol\u00edtica de confidencialidade"},"content":{"rendered":"<p>[et_pb_section fb_built=&#8221;1&#8243; _builder_version=&#8221;4.16&#8243; saved_tabs=&#8221;all&#8221; global_colors_info=&#8221;{}&#8221;][et_pb_row _builder_version=&#8221;4.16&#8243; background_size=&#8221;initial&#8221; background_position=&#8221;top_left&#8221; background_repeat=&#8221;repeat&#8221; global_colors_info=&#8221;{}&#8221;][et_pb_column type=&#8221;4_4&#8243; _builder_version=&#8221;4.16&#8243; custom_padding=&#8221;|||&#8221; global_colors_info=&#8221;{}&#8221; custom_padding__hover=&#8221;|||&#8221;][et_pb_button button_url=&#8221;@ET-DC@eyJkeW5hbWljIjp0cnVlLCJjb250ZW50IjoiaG9tZV91cmwiLCJzZXR0aW5ncyI6e319@&#8221; button_text=&#8221;Voltar&#8221; button_alignment=&#8221;left&#8221; _builder_version=&#8221;4.16&#8243; _dynamic_attributes=&#8221;button_url&#8221; _module_preset=&#8221;default&#8221; custom_button=&#8221;on&#8221; button_text_size=&#8221;15px&#8221; button_text_color=&#8221;#ffffff&#8221; button_bg_color=&#8221;#21aa6b&#8221; button_border_width=&#8221;0px&#8221; button_border_radius=&#8221;25px&#8221; button_font=&#8221;|600||on|||||&#8221; custom_margin=&#8221;0px||0px||false|false&#8221; custom_margin_tablet=&#8221;&#8221; custom_margin_phone=&#8221;||30px||false|false&#8221; custom_margin_last_edited=&#8221;on|phone&#8221; custom_padding=&#8221;4px||4px||true|false&#8221; locked=&#8221;off&#8221; global_colors_info=&#8221;{}&#8221;][\/et_pb_button][et_pb_post_title meta=&#8221;off&#8221; _builder_version=&#8221;4.16&#8243; _module_preset=&#8221;default&#8221; title_font_size=&#8221;28px&#8221; custom_margin=&#8221;20px||20px||true|false&#8221; custom_padding=&#8221;0px||0px||true|false&#8221; locked=&#8221;off&#8221; global_colors_info=&#8221;{}&#8221;][\/et_pb_post_title][et_pb_text _builder_version=&#8221;4.27.4&#8243; text_line_height=&#8221;1.1em&#8221; background_size=&#8221;initial&#8221; background_position=&#8221;top_left&#8221; background_repeat=&#8221;repeat&#8221; hover_enabled=&#8221;0&#8243; custom_css_main_element=&#8221;padding-bottom:0 !important;&#8221; global_colors_info=&#8221;{}&#8221; sticky_enabled=&#8221;0&#8243;]<!-- divi:paragraph -->A p\u00e1gina web <a href=\"https:\/\/www.groupeguillin.fr\">www.groupeguillin.fr<\/a> \u00e9 uma p\u00e1gina institucional. N\u00e3o \u00e9, em nenhuma situa\u00e7\u00e3o, uma p\u00e1gina web comercial de vendas.<\/p>\n<p>&nbsp;<\/p>\n<p><!-- \/divi:paragraph --> <!-- divi:paragraph -->A presente pol\u00edtica de confidencialidade tem como objetivo explicar os motivos e como s\u00e3o tratados os dados pessoais que nos s\u00e3o disponibilizados, em conformidade com a lei 78-17 denominada \u00abinform\u00e1tica e liberdades\u00bb de 6 de janeiro de 1978 modificada e com o Regulamento da UE 2016\/679 de 27 de abril de 2016 denominado \u00abRGPD\u00bb.<\/p>\n<p>&nbsp;<\/p>\n<p><!-- \/divi:paragraph --> <!-- divi:paragraph --><a>Defini\u00e7\u00f5es<\/a><\/p>\n<p>&nbsp;<\/p>\n<p><!-- \/divi:paragraph --> <!-- divi:paragraph -->Defini\u00e7\u00f5es Introdut\u00f3rias\u00a0:<\/p>\n<p><!-- \/divi:paragraph --> <!-- divi:paragraph -->Dado pessoal: Dado que permita identificar (diretamente) direta ou indiretamente o utilizador.<\/p>\n<p><!-- \/divi:paragraph --> <!-- divi:paragraph -->Respons\u00e1vel pelo tratamento: Pessoa respons\u00e1vel pela gest\u00e3o dos seus dados pessoais.<\/p>\n<p><!-- \/divi:paragraph --> <!-- divi:paragraph -->Finalidades: 5Motivo pelo qual recolhemos os seus dados (por exemplo: responder a uma pergunta, enviar uma newsletter, tratar a sua candidatura\u2026)<\/p>\n<p><!-- \/divi:paragraph --> <!-- divi:paragraph -->Fundamento: Base jur\u00eddica ao abrigo da qual procedemos \u00e0 recolha dos seus dados. Pode tratar-se de uma obriga\u00e7\u00e3o legal, da execu\u00e7\u00e3o de um contrato ou, simplesmente, do seu consentimento para que os seus dados sejam utilizados.<\/p>\n<p><!-- \/divi:paragraph --> <!-- divi:paragraph -->Transfer\u00eancia: Qualquer transfer\u00eancia de dados pessoais para um outro pa\u00eds. Uma transfer\u00eancia pode ser efetuada mediante qualquer comunica\u00e7\u00e3o, c\u00f3pia, transfer\u00eancia ou divulga\u00e7\u00e3o de dados pessoais atrav\u00e9s de uma rede, incluindo o acesso remoto a uma base de dados ou a transfer\u00eancia de um suporte para outro (por exemplo, do disco r\u00edgido do computador para um servidor).<\/p>\n<p>&nbsp;<\/p>\n<p><!-- \/divi:paragraph --> <!-- divi:paragraph --><a>Quem \u00e9 o Respons\u00e1vel pelo tratamento?<\/a><\/p>\n<p><!-- \/divi:paragraph --> <!-- divi:paragraph -->\u00c9 a Groupe Guillin, sociedade de responsabilidade limitada com capital social de 11.487.825 \u20ac, com sede social sita em Zone Industrielle, Avenue du Mar\u00e9chal de Lattre de Tassigny, 25290 Ornans Fran\u00e7a e registada no Registo Comercial de Besan\u00e7on sob o n\u00famero 349\u00a0846 303.<\/p>\n<p>&nbsp;<\/p>\n<p><!-- \/divi:paragraph --> <!-- divi:paragraph --><a>Que Dados s\u00e3o recolhidos?<\/a><\/p>\n<p><!-- \/divi:paragraph --> <!-- divi:list --><\/p>\n<ul>\n<li>No separador Formul\u00e1rio de contacto: apelido, nome pr\u00f3prio, e-mail (pessoal ou profissional), empresa a que pertence, n\u00famero de telefone (fixo ou telem\u00f3vel), endere\u00e7o, c\u00f3digo postal e cidade.<\/li>\n<\/ul>\n<p><!-- \/divi:list --> <!-- divi:list --><\/p>\n<ul>\n<li>No separador Oferta de trabalho: apelido, nome pr\u00f3prio, endere\u00e7o, c\u00f3digo postal e cidade, n\u00famero de telefone fixo e telem\u00f3vel, fax, e-mail, fotografia e CV.<\/li>\n<\/ul>\n<p><!-- \/divi:list --> <!-- divi:paragraph -->Os campos seguidos de * s\u00e3o de preenchimento obrigat\u00f3rio. Caso n\u00e3o sejam preenchidos, n\u00e3o nos ser\u00e1 poss\u00edvel tratar corretamente o seu pedido. Os restantes dados s\u00e3o facultativos.<\/p>\n<p>&nbsp;<\/p>\n<p><!-- \/divi:paragraph --> <!-- divi:paragraph --><a>Porque motivo procedemos \u00e0 recolha destes dados?<\/a><\/p>\n<p>&nbsp;<\/p>\n<p><!-- \/divi:paragraph --> <!-- divi:table --><\/p>\n<figure class=\"wp-block-table\">\n<table>\n<tbody>\n<tr>\n<td><strong>Tipos de dados<\/strong><\/td>\n<td><strong>Finalidades<\/strong><\/td>\n<td><strong>Fundamento do tratamento<\/strong><\/td>\n<\/tr>\n<tr>\n<td>apelido, nome pr\u00f3prio, e-mail, empresa a que pertence, n\u00famero de telefone, endere\u00e7o, c\u00f3digo postal e cidade<\/td>\n<td>-Responder ao seu pedido -Gest\u00e3o da nossa comunica\u00e7\u00e3o externa e financeira<\/td>\n<td>Contrato: a utiliza\u00e7\u00e3o destes dados \u00e9 necess\u00e1ria para que lhe possamos providenciar uma resposta. Consentimento: ao preencher o formul\u00e1rio, autoriza expressamente que os seus dados sejam utilizados.\n<\/td>\n<\/tr>\n<tr>\n<td>apelido, nome pr\u00f3prio, endere\u00e7o, c\u00f3digo postal e cidade, n\u00famero de telefone fixo e telem\u00f3vel, fax, e-mail, fotografia e CV<\/td>\n<td>-Analisar internamente a sua candidatura no Grupo Guillin<\/td>\n<td>Contrato: execu\u00e7\u00e3o de medidas pr\u00e9-contratuais tomadas a seu pedido<br \/>\nConsentimento: ao candidatar-se, autoriza expressamente que os seus dados sejam analisados.\n<\/td>\n<\/tr>\n<\/tbody>\n<\/table>\n<\/figure>\n<p><!-- \/divi:table --><\/p>\n<p>&nbsp;<\/p>\n<p><!-- divi:paragraph --><a>Durante quanto tempo conservamos os seus dados?<\/a><\/p>\n<table>\n<tbody>\n<tr>\n<td rowspan=\"2\" width=\"94\"><\/td>\n<td rowspan=\"2\" width=\"236\">&nbsp;<\/p>\n<p><strong>Dados relativos ao formul\u00e1rio de contacto<\/strong><\/td>\n<td colspan=\"2\" width=\"274\"><strong>Dados relativos ao formul\u00e1rio de recrutamento<\/strong><\/td>\n<\/tr>\n<tr>\n<td width=\"137\"><strong>Recrutamento bem-sucedido<\/strong><\/td>\n<td width=\"137\"><strong>Recrutamento malsucedido<\/strong><\/td>\n<\/tr>\n<tr>\n<td width=\"94\"><strong>Conserva\u00e7\u00e3\u00a0<\/strong><strong>o na nossa base de dados ativa<\/strong><\/p>\n<p><strong>\u00a0<\/strong><\/td>\n<td width=\"236\">3 anos a partir da data do seu pedido<\/td>\n<td width=\"137\">Durante toda a dura\u00e7\u00e3o do contrato de trabalho<\/td>\n<td width=\"137\">2 anos a partir da data do \u00faltimo contato com a pessoa em causa<\/td>\n<\/tr>\n<tr>\n<td width=\"94\"><strong>Arquivo<\/strong><strong>\u00a0<\/strong><\/td>\n<td width=\"236\">5 anos*<\/td>\n<td width=\"137\">5 anos**<\/td>\n<td width=\"137\">Os dados s\u00e3o destru\u00eddos<\/td>\n<\/tr>\n<\/tbody>\n<\/table>\n<p>&nbsp;<\/p>\n<p>*Estes dados ficam arquivados durante 5 anos para fins probat\u00f3rios em conformidade com as disposi\u00e7\u00f5es do C\u00f3digo Civil franc\u00eas e do C\u00f3digo Comercial franc\u00eas, sujeito a la defesa de um direito num processo judicial.<\/p>\n<p>&nbsp;<\/p>\n<p><!-- \/divi:paragraph --> <!-- divi:paragraph --><a>Quem tem acesso aos meus dados?<\/a><\/p>\n<p>&nbsp;<\/p>\n<p><!-- \/divi:paragraph --> <!-- divi:paragraph -->No limite das respetivas atribui\u00e7\u00f5es e para as finalidades indicadas anteriormente, as pessoas suscet\u00edveis de ter acesso aos seus dados s\u00e3o as seguintes:<\/p>\n<p>&nbsp;<\/p>\n<p><!-- \/divi:paragraph --> <!-- divi:list --><\/p>\n<ul>\n<li>No que respeita aos dados recolhidos atrav\u00e9s do formul\u00e1rio de contacto e segundo a natureza do seu pedido: o departamento de marketing, o departamento comercial, o departamento financeiro da Guillin Portugal e, eventualmente, o departamento de inform\u00e1tica e os departamentos do Grupo Guillin aos quais a Guillin Portugal pertence.<\/li>\n<\/ul>\n<p><!-- \/divi:list --> <!-- divi:list --><\/p>\n<ul>\n<li>No que respeita aos dados recolhidos atrav\u00e9s do formul\u00e1rio de recrutamento: as pessoas autorizadas dos servi\u00e7os de recursos humanos da Guillin Portugal e o departamento respons\u00e1vel pelo recrutamento.<\/li>\n<\/ul>\n<p><!-- \/divi:list --> <!-- divi:paragraph -->&#8211; Para todos os dados: <\/p>\n<p>&nbsp;<\/p>\n<p><!-- \/divi:paragraph --> <!-- divi:list --><\/p>\n<ul>\n<li>Pessoal autorizado dos nossos subcontratados tais como o respons\u00e1vel pelo alojamento e o respons\u00e1vel pela manuten\u00e7\u00e3o da p\u00e1gina web que dever\u00e3o executar as suas tarefas segundo as indica\u00e7\u00f5es do Respons\u00e1vel pelo tratamento<\/li>\n<li>Terceiros, caso recebamos um pedido por parte de uma autoridade judicial ou p\u00fablica autorizada legalmente para esse efeito.<\/li>\n<\/ul>\n<p><!-- \/divi:list --> <!-- divi:heading {\"level\":3} --><\/p>\n<h3><a>Que direitos tenho?<\/a><\/h3>\n<p><!-- \/divi:heading --> <!-- divi:paragraph -->Em conformidade com a regulamenta\u00e7\u00e3o, disp\u00f5e de v\u00e1rios direitos:<\/p>\n<p>&nbsp;<\/p>\n<p><!-- \/divi:paragraph --> <!-- divi:list --><\/p>\n<ul>\n<li>direito de consulta e acesso aos dados tratados,<\/li>\n<li>direito de retifica\u00e7\u00e3o dos seus dados,<\/li>\n<li>direito de oposi\u00e7\u00e3o aos dados que lhe digam respeito, retirando o seu consentimento,<\/li>\n<li>direito de elimina\u00e7\u00e3o, ou seja, de supress\u00e3o dos seus dados,<\/li>\n<li>direito de portabilidade dos seus dados, ou seja, de obten\u00e7\u00e3o de uma c\u00f3pia dos seus dados num formato estruturado e leg\u00edvel por uma m\u00e1quina,<\/li>\n<li>direito de oposi\u00e7\u00e3o \u00e0 realiza\u00e7\u00e3o de um perfil,<\/li>\n<li>direito de apresentar uma reclama\u00e7\u00e3o junto da CNIL no seguinte endere\u00e7o: <a href=\"https:\/\/www.cnil.fr\/fr\/plaintes\">https:\/\/www.cnil.fr\/fr\/plaintes<\/a>,<\/li>\n<li>direito de formular instru\u00e7\u00f5es sobre o futuro dos seus dados ap\u00f3s o seu falecimento.<\/li>\n<\/ul>\n<p><!-- \/divi:list --> <!-- divi:paragraph -->Pode exercer os seus direitos enviando o pedido para:<\/p>\n<p>&nbsp;<\/p>\n<p><!-- \/divi:paragraph --> <!-- divi:paragraph -->\u00a0Groupe GUILLIN<\/p>\n<p>&nbsp;<\/p>\n<p><!-- \/divi:paragraph --> <!-- divi:paragraph -->\u00a0 ZI Avenue du Mar\u00e9chal de Lattre de Tassigny<\/p>\n<p>&nbsp;<\/p>\n<p><!-- \/divi:paragraph --> <!-- divi:paragraph -->\u00a0 25290 ORNANS<\/p>\n<p>&nbsp;<\/p>\n<p><!-- \/divi:paragraph --> <!-- divi:paragraph -->ou enviando um e-mail para <a href=\"mailto:contactrgpd@groupeguillin.fr.\" target=\"_blank\" rel=\"noopener noreferrer\">contactrgpd@groupeguillin.fr.<\/a><\/p>\n<p>&nbsp;<\/p>\n<p><!-- \/divi:paragraph --> <!-- divi:paragraph -->Iremos responder o mais rapidamente poss\u00edvel e, o (<strike>mais tardar<\/strike>,) no prazo m\u00e1ximo de um m\u00eas a partir da data da rece\u00e7\u00e3o do seu pedido. <\/p>\n<p>&nbsp;<\/p>\n<p><!-- \/divi:paragraph --> <!-- divi:paragraph -->Em caso de d\u00favida razo\u00e1vel em rela\u00e7\u00e3o \u00e0 sua identidade, poderemos exigir um documento comprovativo de identidade.<\/p>\n<p>&nbsp;<\/p>\n<p><!-- \/divi:paragraph --> <!-- divi:paragraph -->Neste \u00faltimo caso, a c\u00f3pia do seu documento de identifica\u00e7\u00e3o ficar\u00e1 conservada durante um ano no caso de exerc\u00edcio do direito de acesso ou de retifica\u00e7\u00e3o ou durante tr\u00eas anos no caso de exerc\u00edcio do direito de oposi\u00e7\u00e3o em conformidade com as disposi\u00e7\u00f5es do C\u00f3digo Penal.<\/p>\n<p>&nbsp;<\/p>\n<p><!-- \/divi:paragraph --> <!-- divi:heading {\"level\":3} --><\/p>\n<h3><a>Os dados v\u00e3o ser transferidos para fora da Uni\u00e3o Europeia?<\/a><\/h3>\n<p><!-- \/divi:heading --> <!-- divi:paragraph -->Os seus dados n\u00e3o ser\u00e3o transferidos para fora da Uni\u00e3o Europeia.<\/p>\n<p>&nbsp;<\/p>\n<p><!-- \/divi:paragraph --> <!-- divi:heading {\"level\":3} --><\/p>\n<h3><a>Cookies e marcadores<\/a><\/h3>\n<p><!-- \/divi:heading --> <!-- divi:paragraph -->Um cookie \u00e9 um ficheiro em formato texto que se integra no seu terminal (nomeadamente, computador, tablet, telem\u00f3vel) sempre que acede a um p\u00e1gina web.<\/p>\n<p>&nbsp;<\/p>\n<p><!-- \/divi:paragraph --> <!-- divi:paragraph -->Recolhemos cookies para fins estat\u00edsticos. Os cookies t\u00eam um per\u00edodo de utiliza\u00e7\u00e3o de 13 meses. As informa\u00e7\u00f5es recolhidas atrav\u00e9s dos cookies ficar\u00e3o conservadas durante 25 meses.<\/p>\n<p>&nbsp;<\/p>\n<p><!-- \/divi:paragraph --> <!-- divi:paragraph -->Ao clicar nos \u00edcones relacionados com as redes sociais LinkedIn, Twitter e YouTube que s\u00e3o apresentados no nossa p\u00e1gina web e se aceitar a instala\u00e7\u00e3o de cookies no seguimento da sua navega\u00e7\u00e3o, as aplica\u00e7\u00f5es LinkedIn, Twitter e You Tube podem igualmente instalar cookies nos seus terminais.<\/p>\n<p>&nbsp;<\/p>\n<p><!-- \/divi:paragraph --> <!-- divi:heading {\"level\":3} --><\/p>\n<h3><a>Qual \u00e9 o n\u00edvel de prote\u00e7\u00e3o?<\/a><\/h3>\n<p><!-- \/divi:heading --> <!-- divi:paragraph -->Implementamos medidas t\u00e9cnicas e organizacionais apropriadas para garantir um n\u00edvel de seguran\u00e7a adaptado ao risco e evitar que os seus dados sejam alterados, modificados, danificados ou que sejam alvo de acesso por parte de terceiros n\u00e3o autorizados.<\/p>\n<p>&nbsp;<\/p>\n<p><!-- \/divi:paragraph --> <!-- divi:paragraph -->Para esse efeito, os locais encontram-se protegidos e o pessoal autorizado a tratar os seus dados pessoais est\u00e3o sensibilizados para este assunto e comprometem-se a respeitar a mais estrita confidencialidade.<\/p>\n<p>&nbsp;<\/p>\n<p><!-- \/divi:paragraph --> <!-- divi:heading {\"level\":3} --><\/p>\n<h3><a>Altera\u00e7\u00f5es \u00e0 nossa pol\u00edtica<\/a><\/h3>\n<p><!-- \/divi:heading --> <!-- divi:paragraph -->Reservamo-nos o direito de realizar atualiza\u00e7\u00f5es \u00e0 presente pol\u00edtica para que a mesma possa acompanhar a evolu\u00e7\u00e3o da legisla\u00e7\u00e3o. <\/p>\n<p>&nbsp;<\/p>\n<p><!-- \/divi:paragraph -->[\/et_pb_text][et_pb_button button_url=&#8221;@ET-DC@eyJkeW5hbWljIjp0cnVlLCJjb250ZW50IjoiaG9tZV91cmwiLCJzZXR0aW5ncyI6e319@&#8221; button_text=&#8221;Voltar&#8221; button_alignment=&#8221;left&#8221; _builder_version=&#8221;4.16&#8243; _dynamic_attributes=&#8221;button_url&#8221; _module_preset=&#8221;default&#8221; custom_button=&#8221;on&#8221; button_text_size=&#8221;15px&#8221; button_text_color=&#8221;#ffffff&#8221; button_bg_color=&#8221;#21aa6b&#8221; button_border_width=&#8221;0px&#8221; button_border_radius=&#8221;25px&#8221; button_font=&#8221;|600||on|||||&#8221; custom_margin=&#8221;0px||0px||false|false&#8221; custom_margin_tablet=&#8221;&#8221; custom_margin_phone=&#8221;||30px||false|false&#8221; custom_margin_last_edited=&#8221;on|phone&#8221; custom_padding=&#8221;4px||4px||true|false&#8221; locked=&#8221;off&#8221; global_colors_info=&#8221;{}&#8221;][\/et_pb_button][\/et_pb_column][\/et_pb_row][\/et_pb_section]<\/p>\n","protected":false},"excerpt":{"rendered":"<p>A p\u00e1gina web www.groupeguillin.fr \u00e9 uma p\u00e1gina institucional. N\u00e3o \u00e9, em nenhuma situa\u00e7\u00e3o, uma p\u00e1gina web comercial de vendas. &nbsp; A presente pol\u00edtica de confidencialidade tem como objetivo explicar os motivos e como s\u00e3o tratados os dados pessoais que nos s\u00e3o disponibilizados, em conformidade com a lei 78-17 denominada \u00abinform\u00e1tica e liberdades\u00bb de 6 de [&hellip;]<\/p>\n","protected":false},"author":1,"featured_media":0,"parent":0,"menu_order":0,"comment_status":"closed","ping_status":"open","template":"","meta":{"_acf_changed":false,"_et_pb_use_builder":"on","_et_pb_old_content":"","_et_gb_content_width":"","footnotes":""},"class_list":["post-19761","page","type-page","status-publish","hentry"],"acf":[],"yoast_head":"<!-- This site is optimized with the Yoast SEO plugin v27.4 - https:\/\/yoast.com\/product\/yoast-seo-wordpress\/ -->\n<title>Pol\u00edtica de confidencialidade - Groupe GUILLIN<\/title>\n<meta name=\"description\" content=\"Le Groupe GUILLIN est le r\u00e9f\u00e9rent europ\u00e9en de l&#039;emballage plastique alimentaire\" \/>\n<meta name=\"robots\" content=\"index, follow, max-snippet:-1, max-image-preview:large, max-video-preview:-1\" \/>\n<link rel=\"canonical\" href=\"https:\/\/www.groupeguillin.fr\/pt-pt\/politica-de-confidencialidade\/\" \/>\n<meta property=\"og:locale\" content=\"pt_PT\" \/>\n<meta property=\"og:type\" content=\"article\" \/>\n<meta property=\"og:title\" content=\"Pol\u00edtica de confidencialidade - Groupe GUILLIN\" \/>\n<meta property=\"og:description\" content=\"Le Groupe GUILLIN est le r\u00e9f\u00e9rent europ\u00e9en de l&#039;emballage plastique alimentaire\" \/>\n<meta property=\"og:url\" content=\"https:\/\/www.groupeguillin.fr\/pt-pt\/politica-de-confidencialidade\/\" \/>\n<meta property=\"og:site_name\" content=\"Groupe GUILLIN\" \/>\n<meta property=\"article:modified_time\" content=\"2025-03-10T16:12:01+00:00\" \/>\n<meta property=\"og:image\" content=\"https:\/\/www.groupeguillin.fr\/wp-content\/uploads\/2020\/09\/Logo-guillin-1.png\" \/>\n\t<meta property=\"og:image:width\" content=\"1172\" \/>\n\t<meta property=\"og:image:height\" content=\"300\" \/>\n\t<meta property=\"og:image:type\" content=\"image\/png\" \/>\n<meta name=\"twitter:card\" content=\"summary_large_image\" \/>\n<meta name=\"twitter:label1\" content=\"Est. reading time\" \/>\n\t<meta name=\"twitter:data1\" content=\"8 minutes\" \/>\n<script type=\"application\/ld+json\" class=\"yoast-schema-graph\">{\"@context\":\"https:\\\/\\\/schema.org\",\"@graph\":[{\"@type\":\"WebPage\",\"@id\":\"https:\\\/\\\/www.groupeguillin.fr\\\/pt-pt\\\/politica-de-confidencialidade\\\/\",\"url\":\"https:\\\/\\\/www.groupeguillin.fr\\\/pt-pt\\\/politica-de-confidencialidade\\\/\",\"name\":\"Pol\u00edtica de confidencialidade - Groupe GUILLIN\",\"isPartOf\":{\"@id\":\"https:\\\/\\\/www.groupeguillin.fr\\\/pt-pt\\\/#website\"},\"datePublished\":\"2025-03-10T15:06:46+00:00\",\"dateModified\":\"2025-03-10T16:12:01+00:00\",\"description\":\"Le Groupe GUILLIN est le r\u00e9f\u00e9rent europ\u00e9en de l'emballage plastique alimentaire\",\"breadcrumb\":{\"@id\":\"https:\\\/\\\/www.groupeguillin.fr\\\/pt-pt\\\/politica-de-confidencialidade\\\/#breadcrumb\"},\"inLanguage\":\"pt-PT\",\"potentialAction\":[{\"@type\":\"ReadAction\",\"target\":[\"https:\\\/\\\/www.groupeguillin.fr\\\/pt-pt\\\/politica-de-confidencialidade\\\/\"]}]},{\"@type\":\"BreadcrumbList\",\"@id\":\"https:\\\/\\\/www.groupeguillin.fr\\\/pt-pt\\\/politica-de-confidencialidade\\\/#breadcrumb\",\"itemListElement\":[{\"@type\":\"ListItem\",\"position\":1,\"name\":\"Accueil\",\"item\":\"https:\\\/\\\/www.groupeguillin.fr\\\/pt-pt\\\/\"},{\"@type\":\"ListItem\",\"position\":2,\"name\":\"Pol\u00edtica de confidencialidade\"}]},{\"@type\":\"WebSite\",\"@id\":\"https:\\\/\\\/www.groupeguillin.fr\\\/pt-pt\\\/#website\",\"url\":\"https:\\\/\\\/www.groupeguillin.fr\\\/pt-pt\\\/\",\"name\":\"Groupe GUILLIN\",\"description\":\"We protect your food\",\"publisher\":{\"@id\":\"https:\\\/\\\/www.groupeguillin.fr\\\/pt-pt\\\/#organization\"},\"potentialAction\":[{\"@type\":\"SearchAction\",\"target\":{\"@type\":\"EntryPoint\",\"urlTemplate\":\"https:\\\/\\\/www.groupeguillin.fr\\\/pt-pt\\\/?s={search_term_string}\"},\"query-input\":{\"@type\":\"PropertyValueSpecification\",\"valueRequired\":true,\"valueName\":\"search_term_string\"}}],\"inLanguage\":\"pt-PT\"},{\"@type\":\"Organization\",\"@id\":\"https:\\\/\\\/www.groupeguillin.fr\\\/pt-pt\\\/#organization\",\"name\":\"Groupe GUILLIN\",\"url\":\"https:\\\/\\\/www.groupeguillin.fr\\\/pt-pt\\\/\",\"logo\":{\"@type\":\"ImageObject\",\"inLanguage\":\"pt-PT\",\"@id\":\"https:\\\/\\\/www.groupeguillin.fr\\\/pt-pt\\\/#\\\/schema\\\/logo\\\/image\\\/\",\"url\":\"https:\\\/\\\/www.groupeguillin.fr\\\/wp-content\\\/uploads\\\/2020\\\/09\\\/Logo-guillin-1.png\",\"contentUrl\":\"https:\\\/\\\/www.groupeguillin.fr\\\/wp-content\\\/uploads\\\/2020\\\/09\\\/Logo-guillin-1.png\",\"width\":1172,\"height\":300,\"caption\":\"Groupe GUILLIN\"},\"image\":{\"@id\":\"https:\\\/\\\/www.groupeguillin.fr\\\/pt-pt\\\/#\\\/schema\\\/logo\\\/image\\\/\"},\"sameAs\":[\"https:\\\/\\\/www.instagram.com\\\/groupeguillin\\\/\",\"https:\\\/\\\/www.linkedin.com\\\/company\\\/guillin-emballages\\\/\",\"https:\\\/\\\/www.youtube.com\\\/channel\\\/UCS-Q4Qkgd1bN9pdIPGRjogQ\"]}]}<\/script>\n<!-- \/ Yoast SEO plugin. -->","yoast_head_json":{"title":"Pol\u00edtica de confidencialidade - Groupe GUILLIN","description":"Le Groupe GUILLIN est le r\u00e9f\u00e9rent europ\u00e9en de l'emballage plastique alimentaire","robots":{"index":"index","follow":"follow","max-snippet":"max-snippet:-1","max-image-preview":"max-image-preview:large","max-video-preview":"max-video-preview:-1"},"canonical":"https:\/\/www.groupeguillin.fr\/pt-pt\/politica-de-confidencialidade\/","og_locale":"pt_PT","og_type":"article","og_title":"Pol\u00edtica de confidencialidade - Groupe GUILLIN","og_description":"Le Groupe GUILLIN est le r\u00e9f\u00e9rent europ\u00e9en de l'emballage plastique alimentaire","og_url":"https:\/\/www.groupeguillin.fr\/pt-pt\/politica-de-confidencialidade\/","og_site_name":"Groupe GUILLIN","article_modified_time":"2025-03-10T16:12:01+00:00","og_image":[{"width":1172,"height":300,"url":"https:\/\/www.groupeguillin.fr\/wp-content\/uploads\/2020\/09\/Logo-guillin-1.png","type":"image\/png"}],"twitter_card":"summary_large_image","twitter_misc":{"Est. reading time":"8 minutes"},"schema":{"@context":"https:\/\/schema.org","@graph":[{"@type":"WebPage","@id":"https:\/\/www.groupeguillin.fr\/pt-pt\/politica-de-confidencialidade\/","url":"https:\/\/www.groupeguillin.fr\/pt-pt\/politica-de-confidencialidade\/","name":"Pol\u00edtica de confidencialidade - Groupe GUILLIN","isPartOf":{"@id":"https:\/\/www.groupeguillin.fr\/pt-pt\/#website"},"datePublished":"2025-03-10T15:06:46+00:00","dateModified":"2025-03-10T16:12:01+00:00","description":"Le Groupe GUILLIN est le r\u00e9f\u00e9rent europ\u00e9en de l'emballage plastique alimentaire","breadcrumb":{"@id":"https:\/\/www.groupeguillin.fr\/pt-pt\/politica-de-confidencialidade\/#breadcrumb"},"inLanguage":"pt-PT","potentialAction":[{"@type":"ReadAction","target":["https:\/\/www.groupeguillin.fr\/pt-pt\/politica-de-confidencialidade\/"]}]},{"@type":"BreadcrumbList","@id":"https:\/\/www.groupeguillin.fr\/pt-pt\/politica-de-confidencialidade\/#breadcrumb","itemListElement":[{"@type":"ListItem","position":1,"name":"Accueil","item":"https:\/\/www.groupeguillin.fr\/pt-pt\/"},{"@type":"ListItem","position":2,"name":"Pol\u00edtica de confidencialidade"}]},{"@type":"WebSite","@id":"https:\/\/www.groupeguillin.fr\/pt-pt\/#website","url":"https:\/\/www.groupeguillin.fr\/pt-pt\/","name":"Groupe GUILLIN","description":"We protect your food","publisher":{"@id":"https:\/\/www.groupeguillin.fr\/pt-pt\/#organization"},"potentialAction":[{"@type":"SearchAction","target":{"@type":"EntryPoint","urlTemplate":"https:\/\/www.groupeguillin.fr\/pt-pt\/?s={search_term_string}"},"query-input":{"@type":"PropertyValueSpecification","valueRequired":true,"valueName":"search_term_string"}}],"inLanguage":"pt-PT"},{"@type":"Organization","@id":"https:\/\/www.groupeguillin.fr\/pt-pt\/#organization","name":"Groupe GUILLIN","url":"https:\/\/www.groupeguillin.fr\/pt-pt\/","logo":{"@type":"ImageObject","inLanguage":"pt-PT","@id":"https:\/\/www.groupeguillin.fr\/pt-pt\/#\/schema\/logo\/image\/","url":"https:\/\/www.groupeguillin.fr\/wp-content\/uploads\/2020\/09\/Logo-guillin-1.png","contentUrl":"https:\/\/www.groupeguillin.fr\/wp-content\/uploads\/2020\/09\/Logo-guillin-1.png","width":1172,"height":300,"caption":"Groupe GUILLIN"},"image":{"@id":"https:\/\/www.groupeguillin.fr\/pt-pt\/#\/schema\/logo\/image\/"},"sameAs":["https:\/\/www.instagram.com\/groupeguillin\/","https:\/\/www.linkedin.com\/company\/guillin-emballages\/","https:\/\/www.youtube.com\/channel\/UCS-Q4Qkgd1bN9pdIPGRjogQ"]}]}},"publishpress_future_action":{"enabled":false,"date":"2026-04-22 00:41:16","action":"change-status","newStatus":"draft","terms":[],"taxonomy":"translation_priority","extraData":[]},"publishpress_future_workflow_manual_trigger":{"enabledWorkflows":[]},"_links":{"self":[{"href":"https:\/\/www.groupeguillin.fr\/pt-pt\/wp-json\/wp\/v2\/pages\/19761","targetHints":{"allow":["GET"]}}],"collection":[{"href":"https:\/\/www.groupeguillin.fr\/pt-pt\/wp-json\/wp\/v2\/pages"}],"about":[{"href":"https:\/\/www.groupeguillin.fr\/pt-pt\/wp-json\/wp\/v2\/types\/page"}],"author":[{"embeddable":true,"href":"https:\/\/www.groupeguillin.fr\/pt-pt\/wp-json\/wp\/v2\/users\/1"}],"replies":[{"embeddable":true,"href":"https:\/\/www.groupeguillin.fr\/pt-pt\/wp-json\/wp\/v2\/comments?post=19761"}],"version-history":[{"count":3,"href":"https:\/\/www.groupeguillin.fr\/pt-pt\/wp-json\/wp\/v2\/pages\/19761\/revisions"}],"predecessor-version":[{"id":19765,"href":"https:\/\/www.groupeguillin.fr\/pt-pt\/wp-json\/wp\/v2\/pages\/19761\/revisions\/19765"}],"wp:attachment":[{"href":"https:\/\/www.groupeguillin.fr\/pt-pt\/wp-json\/wp\/v2\/media?parent=19761"}],"curies":[{"name":"wp","href":"https:\/\/api.w.org\/{rel}","templated":true}]}}