{"id":19695,"date":"2025-03-05T14:09:12","date_gmt":"2025-03-05T13:09:12","guid":{"rendered":"https:\/\/www.groupeguillin.fr\/condicoes-de-utilizacao\/"},"modified":"2025-03-10T15:58:42","modified_gmt":"2025-03-10T14:58:42","slug":"condicoes-de-utilizacao","status":"publish","type":"page","link":"https:\/\/www.groupeguillin.fr\/pt-pt\/condicoes-de-utilizacao\/","title":{"rendered":"Condi\u00e7\u00f5es de utiliza\u00e7\u00e3o"},"content":{"rendered":"[et_pb_section fb_built=&#8221;1&#8243; admin_label=&#8221;section&#8221; _builder_version=&#8221;4.16&#8243; saved_tabs=&#8221;all&#8221; global_colors_info=&#8221;{}&#8221;][et_pb_row admin_label=&#8221;row&#8221; _builder_version=&#8221;4.16&#8243; background_size=&#8221;initial&#8221; background_position=&#8221;top_left&#8221; background_repeat=&#8221;repeat&#8221; global_colors_info=&#8221;{}&#8221;][et_pb_column type=&#8221;4_4&#8243; _builder_version=&#8221;4.16&#8243; custom_padding=&#8221;|||&#8221; global_colors_info=&#8221;{}&#8221; custom_padding__hover=&#8221;|||&#8221;][et_pb_button button_url=&#8221;@ET-DC@eyJkeW5hbWljIjp0cnVlLCJjb250ZW50IjoiaG9tZV91cmwiLCJzZXR0aW5ncyI6e319@&#8221; button_text=&#8221;Voltar&#8221; button_alignment=&#8221;left&#8221; _builder_version=&#8221;4.16&#8243; _dynamic_attributes=&#8221;button_url&#8221; _module_preset=&#8221;default&#8221; custom_button=&#8221;on&#8221; button_text_size=&#8221;15px&#8221; button_text_color=&#8221;#ffffff&#8221; button_bg_color=&#8221;#21aa6b&#8221; button_border_width=&#8221;0px&#8221; button_border_radius=&#8221;25px&#8221; button_font=&#8221;|600||on|||||&#8221; custom_margin=&#8221;0px||0px||false|false&#8221; custom_margin_tablet=&#8221;&#8221; custom_margin_phone=&#8221;||30px||false|false&#8221; custom_margin_last_edited=&#8221;on|phone&#8221; custom_padding=&#8221;4px||4px||true|false&#8221; global_colors_info=&#8221;{}&#8221;][\/et_pb_button][et_pb_post_title meta=&#8221;off&#8221; _builder_version=&#8221;4.16&#8243; _module_preset=&#8221;default&#8221; title_font_size=&#8221;28px&#8221; custom_margin=&#8221;20px||20px||true|false&#8221; custom_padding=&#8221;0px||0px||true|false&#8221; global_colors_info=&#8221;{}&#8221;][\/et_pb_post_title][et_pb_text admin_label=&#8221;Text&#8221; _builder_version=&#8221;4.27.4&#8243; background_size=&#8221;initial&#8221; background_position=&#8221;top_left&#8221; background_repeat=&#8221;repeat&#8221; custom_margin=&#8221;0px||0px||true|false&#8221; custom_padding=&#8221;0px||0px||true|false&#8221; hover_enabled=&#8221;0&#8243; global_colors_info=&#8221;{}&#8221; sticky_enabled=&#8221;0&#8243;]A p\u00e1gina web foi concebida por:\nGroupe Guillin SA \u2013 Zone Industrielle, Avenue du Mar\u00e9chal de Lattre de Tassigny \u2013 25\u00a0290 Ornans\n\n<!-- \/wp:post-content -->\n\n<!-- \/wp:paragraph -->Tel.: 33 (0)3 81 40 23 23 &#8211; Fax: +33 (0)3 81 62 15 92 &#8211; E-mail:contact@groupeguillin.fr\n\n<!-- \/wp:paragraph -->\n\n<!-- \/wp:paragraph -->349\u00a0846 303 RCS Besan\u00e7on\nCapital social: 11.487.825 Euros\n\nA p\u00e1gina web \u00e9 gerida por: OVH SAS &#8211; 2\u00a0rue Kellermann\u00a0&#8211; BP 80157 &#8211; 59053 ROUBAIX CEDEX 1 \/ www.ovh.com\n\n<!-- \/wp:paragraph -->\n\n<!-- \/wp:paragraph --><strong>Acesso \u00e0 p\u00e1gina web<\/strong>\n\n<!-- \/wp:paragraph -->\n\n<!-- \/wp:paragraph -->Qualquer pessoa que aceda \u00e0 p\u00e1gina web <a href=\"https:\/\/www.groupeguillin.fr\">www.groupeguillin.fr<\/a> (doravante \u00abp\u00e1gina web\u00bb) compromete-se a respeitar as presentes condi\u00e7\u00f5es de utiliza\u00e7\u00e3o. A liga\u00e7\u00e3o ou o acesso a esta p\u00e1gina web ficam submetidos \u00e0s presentes condi\u00e7\u00f5es de utiliza\u00e7\u00e3o e implicam a aceita\u00e7\u00e3o integral e sem reservas por parte do internauta de todas as condi\u00e7\u00f5es de utiliza\u00e7\u00e3o, pol\u00edtica de confidencialidade e gest\u00e3o de cookies.\n\n<!-- \/wp:paragraph -->\n\n<!-- \/wp:paragraph -->As p\u00e1ginas apresentadas pela p\u00e1gina web <a href=\"https:\/\/www.groupeguillin.fr\">www.groupeguillin.fr<\/a> destinam-se a profissionais. Nenhum dos elementos apresentados na p\u00e1gina web constitui uma proposta de compra ou de venda.\n\n<!-- \/wp:paragraph -->\n\n<!-- \/wp:paragraph -->A p\u00e1gina web encontra-se dispon\u00edvel 24 horas por dia, 7 dias por semana. (<span style=\"text-decoration: line-through;\">A<\/span>) O Groupe Guillin SA n\u00e3o ser\u00e1 considerado respons\u00e1vel por qualquer indisponibilidade t\u00e9cnica da liga\u00e7\u00e3o, que se deva, nomeadamente, a motivos de for\u00e7a maior, a manuten\u00e7\u00e3o, a uma atualiza\u00e7\u00e3o, a uma modifica\u00e7\u00e3o da p\u00e1gina web, a uma interven\u00e7\u00e3o no alojamento, a uma falha na rede, a uma falha de alimenta\u00e7\u00e3o el\u00e9trica ou ainda a uma configura\u00e7\u00e3o ou utiliza\u00e7\u00e3o erradas do computador imputadas ao utilizador.\n\n<!-- \/wp:paragraph -->\n\n<!-- \/wp:paragraph -->O (<span style=\"text-decoration: line-through;\">A<\/span>) Groupe Guillin SA envida permanentemente os seus melhores esfor\u00e7os para proteger a sua p\u00e1gina web contra v\u00edrus, no entanto, n\u00e3o possui as condi\u00e7\u00f5es para garantir a sua total aus\u00eancia. Por esse motivo, o (<span style=\"text-decoration: line-through;\">a<\/span>) Groupe Guillin SA recomenda ao utilizador que garanta a sua prote\u00e7\u00e3o adequada contra os v\u00edrus (nomeadamente atrav\u00e9s de um antiv\u00edrus), antes de transferir documentos e dados.\n\n<!-- \/wp:paragraph -->\n\n<!-- \/wp:paragraph -->Todas as informa\u00e7\u00f5es contidas na presente p\u00e1gina web s\u00e3o informa\u00e7\u00f5es de car\u00e1ter geral e n\u00e3o possuem qualquer valor contratual.\n\n<!-- \/wp:paragraph -->\n\n<!-- \/wp:paragraph --><strong>Propriedade intelectual<\/strong>\n\n<!-- \/wp:paragraph -->\n\n<!-- \/wp:paragraph -->A p\u00e1gina web e todos os seus elementos encontram-se protegidos pela legisla\u00e7\u00e3o em vigor e, nomeadamente, pelos direitos de propriedade intelectual, quer se tratem de direitos de autor ou de direitos de propriedade industrial (tais como patentes, marcas, desenhos e modelos). Ser\u00e3o considerados propriedade exclusiva do Groupe Guillin SA ou de terceiros autorizados a utilizar os mesmos pelo Groupe Guillin SA. A utiliza\u00e7\u00e3o da p\u00e1gina web reserva-se exclusivamente \u00e0s necessidades do utilizador.\n\n<!-- \/wp:paragraph -->\n\n<!-- \/wp:paragraph -->Qualquer utiliza\u00e7\u00e3o, reprodu\u00e7\u00e3o, explora\u00e7\u00e3o, apresenta\u00e7\u00e3o, adapta\u00e7\u00e3o, modifica\u00e7\u00e3o, incorpora\u00e7\u00e3o, tradu\u00e7\u00e3o, comercializa\u00e7\u00e3o, total ou parcial da p\u00e1gina web e\/ou dos seus elementos protegidos, incluindo as aplica\u00e7\u00f5es inform\u00e1ticas e os documentos que possam ser transferidos ou reprodu\u00e7\u00f5es fotogr\u00e1ficas, independentemente do processo ou do suporte, conhecidos ou desconhecidos \u00e0 presente data, junto de qualquer p\u00fablico, fica estritamente proibida sem a autoriza\u00e7\u00e3o expressa, por escrito e pr\u00e9via do Groupe Guillin SA, salvo nas exce\u00e7\u00f5es previstas pela legisla\u00e7\u00e3o francesa. Qualquer incumprimento da disposi\u00e7\u00e3o anterior ser\u00e1 objeto de processo civil ou penal, nomeadamente a t\u00edtulo de falsifica\u00e7\u00e3o.\n\n<!-- \/wp:paragraph -->\n\n<!-- \/wp:paragraph -->Assim, a t\u00edtulo n\u00e3o limitativo, o Groupe Guillin SA pro\u00edbe nomeadamente a utiliza\u00e7\u00e3o, reprodu\u00e7\u00e3o, explora\u00e7\u00e3o, apresenta\u00e7\u00e3o, adapta\u00e7\u00e3o, modifica\u00e7\u00e3o, incorpora\u00e7\u00e3o, tradu\u00e7\u00e3o, comercializa\u00e7\u00e3o da sua marca, do seu nome comercial, do seu log\u00f3tipo ou qualquer outro s\u00edmbolo distintivo que a empresa ou as suas filiais utilize, sem sua autoriza\u00e7\u00e3o pr\u00e9via e por escrito.\n\n<!-- \/wp:paragraph -->\n\n<!-- \/wp:paragraph -->Qualquer liga\u00e7\u00e3o de hipertexto que redirecione para a presente p\u00e1gina web deve igualmente ser objeto de uma autoriza\u00e7\u00e3o pr\u00e9via por parte (<span style=\"text-decoration: line-through;\">da<\/span>) do Groupe Guillin SA, o qual poder\u00e1 recusar a mesma sem ter, em qualquer circunst\u00e2ncia, de justificar a sua decis\u00e3o. Caso uma autoriza\u00e7\u00e3o deste tipo seja concedida, a mesma poder\u00e1 ser retirada, por simples pedido por parte (<span style=\"text-decoration: line-through;\">da<\/span>) do Groupe Guillin SA, a qualquer momento e sem aviso pr\u00e9vio.\n\n<!-- \/wp:paragraph -->\n\n<!-- \/wp:paragraph --><strong>Responsabilidade<\/strong>\n\n<!-- \/wp:paragraph -->\n\n<!-- \/wp:paragraph -->O internauta utiliza a p\u00e1gina web sob a sua exclusiva e inteira responsabilidade.\n\n<!-- \/wp:paragraph -->\n\n<!-- \/wp:paragraph -->O (<span style=\"text-decoration: line-through;\">A<\/span>) Groupe Guillin SA n\u00e3o ser\u00e1 considerado respons\u00e1vel, em nenhuma situa\u00e7\u00e3o, por quaisquer danos, diretos ou indiretos, materiais ou imateriais ou especiais, que resultem nomeadamente da consulta e\/ou da utiliza\u00e7\u00e3o da presente p\u00e1gina web ou de outras p\u00e1ginas web relacionadas, como sejam as utiliza\u00e7\u00f5es de informa\u00e7\u00f5es textuais, sonoras ou visuais que possam ter sido recolhidas na mesma e, nomeadamente, por qualquer preju\u00edzo financeiro ou comercial, de perdas de programas ou de dados no sistema de informa\u00e7\u00e3o do utilizador ou outros.\n\n<!-- \/wp:paragraph -->\n\n<!-- \/wp:paragraph -->A p\u00e1gina web pode conter liga\u00e7\u00f5es para outras p\u00e1ginas web sob as quais (<span style=\"text-decoration: line-through;\">a<\/span>) o Groupe Guillin SA n\u00e3o tem qualquer controlo. Nessas circunst\u00e2ncias, n\u00e3o \u00e9 dada qualquer garantia, expressa ou impl\u00edcita, relativamente \u00e0 exatid\u00e3o, \u00e0 exaustividade ou \u00e0 qualidade dos conte\u00fados presentes nas mesmas e o (<span style=\"text-decoration: line-through;\">a<\/span>) Groupe Guillin SA declina qualquer responsabilidade relativamente \u00e0 consulta dessas liga\u00e7\u00f5es para essas p\u00e1ginas web. Da mesma forma, (<span style=\"text-decoration: line-through;\">a<\/span>) o Groupe Guillin SA n\u00e3o ser\u00e1 considerado respons\u00e1vel nem pelos conte\u00fados nem pelos produtos ou servi\u00e7os apresentados nas p\u00e1ginas web com os quais a p\u00e1gina web se encontre relacionada pelas liga\u00e7\u00f5es de hipertexto ou qualquer outro tipo de liga\u00e7\u00e3o.\n\n<!-- \/wp:paragraph -->\n\n<!-- \/wp:paragraph --><strong>Atualiza\u00e7\u00e3o<\/strong>\n\n<!-- \/wp:paragraph -->\n\n<!-- \/wp:paragraph -->O (<span style=\"text-decoration: line-through;\">A<\/span>) Groupe Guillin SA reserva-se o direito de modificar e de atualizar, sem aviso pr\u00e9vio, as presentes men\u00e7\u00f5es legais e todos os elementos, produtos ou servi\u00e7os apresentados na p\u00e1gina web. As men\u00e7\u00f5es legais s\u00e3o impostas aos internautas. Compete a estes consultar regularmente esta rubrica para verificar as condi\u00e7\u00f5es em vigor.\n\n<!-- \/wp:paragraph -->\n\n<!-- \/wp:paragraph --><strong>Legisla\u00e7\u00e3o aplic\u00e1vel e jurisdi\u00e7\u00e3o<\/strong>\n\n<!-- \/wp:paragraph -->\n\n<!-- \/wp:paragraph -->A presente p\u00e1gina web encontra-se submetida \u00e0 legisla\u00e7\u00e3o francesa, com exclus\u00e3o de qualquer disposi\u00e7\u00e3o de direito internacional que possa conduzir \u00e0 aplica\u00e7\u00e3o de legisla\u00e7\u00e3o diferente. Qualquer lit\u00edgio relativo ao conte\u00fado da p\u00e1gina web ou \u00e0 sua utiliza\u00e7\u00e3o \u00e9 compet\u00eancia exclusiva dos tribunais franceses.[\/et_pb_text][et_pb_button button_url=&#8221;@ET-DC@eyJkeW5hbWljIjp0cnVlLCJjb250ZW50IjoiaG9tZV91cmwiLCJzZXR0aW5ncyI6e319@&#8221; button_text=&#8221;Voltar&#8221; button_alignment=&#8221;left&#8221; _builder_version=&#8221;4.16&#8243; _dynamic_attributes=&#8221;button_url&#8221; _module_preset=&#8221;default&#8221; custom_button=&#8221;on&#8221; button_text_size=&#8221;15px&#8221; button_text_color=&#8221;#ffffff&#8221; button_bg_color=&#8221;#21aa6b&#8221; button_border_width=&#8221;0px&#8221; button_border_radius=&#8221;25px&#8221; button_font=&#8221;|600||on|||||&#8221; custom_margin=&#8221;0px||0px||false|false&#8221; custom_margin_tablet=&#8221;&#8221; custom_margin_phone=&#8221;||30px||false|false&#8221; custom_margin_last_edited=&#8221;on|phone&#8221; custom_padding=&#8221;4px||4px||true|false&#8221; global_colors_info=&#8221;{}&#8221;][\/et_pb_button][\/et_pb_column][\/et_pb_row][\/et_pb_section]<!-- \/wp:freeform -->","protected":false},"excerpt":{"rendered":"<p>A p\u00e1gina web foi concebida por: Groupe Guillin SA \u2013 Zone Industrielle, Avenue du Mar\u00e9chal de Lattre de Tassigny \u2013 25\u00a0290 Ornans Tel.: 33 (0)3 81 40 23 23 &#8211; Fax: +33 (0)3 81 62 15 92 &#8211; E-mail:contact@groupeguillin.fr 349\u00a0846 303 RCS Besan\u00e7on Capital social: 11.487.825 Euros A p\u00e1gina web \u00e9 gerida por: OVH SAS [&hellip;]<\/p>\n","protected":false},"author":1,"featured_media":0,"parent":0,"menu_order":0,"comment_status":"closed","ping_status":"closed","template":"","meta":{"_acf_changed":false,"_et_pb_use_builder":"on","_et_pb_old_content":"","_et_gb_content_width":"","footnotes":""},"class_list":["post-19695","page","type-page","status-publish","hentry"],"acf":[],"yoast_head":"<!-- This site is optimized with the Yoast SEO plugin v27.4 - https:\/\/yoast.com\/product\/yoast-seo-wordpress\/ -->\n<title>Condi\u00e7\u00f5es de utiliza\u00e7\u00e3o - Groupe GUILLIN<\/title>\n<meta name=\"description\" content=\"Le Groupe GUILLIN est le r\u00e9f\u00e9rent europ\u00e9en de l&#039;emballage plastique alimentaire\" \/>\n<meta name=\"robots\" content=\"index, follow, max-snippet:-1, max-image-preview:large, max-video-preview:-1\" \/>\n<link rel=\"canonical\" href=\"https:\/\/www.groupeguillin.fr\/pt-pt\/condicoes-de-utilizacao\/\" \/>\n<meta property=\"og:locale\" content=\"pt_PT\" \/>\n<meta property=\"og:type\" content=\"article\" \/>\n<meta property=\"og:title\" content=\"Condi\u00e7\u00f5es de utiliza\u00e7\u00e3o - Groupe GUILLIN\" \/>\n<meta property=\"og:description\" content=\"Le Groupe GUILLIN est le r\u00e9f\u00e9rent europ\u00e9en de l&#039;emballage plastique alimentaire\" \/>\n<meta property=\"og:url\" content=\"https:\/\/www.groupeguillin.fr\/pt-pt\/condicoes-de-utilizacao\/\" \/>\n<meta property=\"og:site_name\" content=\"Groupe GUILLIN\" \/>\n<meta property=\"article:modified_time\" content=\"2025-03-10T14:58:42+00:00\" \/>\n<meta property=\"og:image\" content=\"https:\/\/www.groupeguillin.fr\/wp-content\/uploads\/2020\/09\/Logo-guillin-1.png\" \/>\n\t<meta property=\"og:image:width\" content=\"1172\" \/>\n\t<meta property=\"og:image:height\" content=\"300\" \/>\n\t<meta property=\"og:image:type\" content=\"image\/png\" \/>\n<meta name=\"twitter:card\" content=\"summary_large_image\" \/>\n<meta name=\"twitter:label1\" content=\"Est. reading time\" \/>\n\t<meta name=\"twitter:data1\" content=\"7 minutes\" \/>\n<script type=\"application\/ld+json\" class=\"yoast-schema-graph\">{\"@context\":\"https:\\\/\\\/schema.org\",\"@graph\":[{\"@type\":\"WebPage\",\"@id\":\"https:\\\/\\\/www.groupeguillin.fr\\\/pt-pt\\\/condicoes-de-utilizacao\\\/\",\"url\":\"https:\\\/\\\/www.groupeguillin.fr\\\/pt-pt\\\/condicoes-de-utilizacao\\\/\",\"name\":\"Condi\u00e7\u00f5es de utiliza\u00e7\u00e3o - Groupe GUILLIN\",\"isPartOf\":{\"@id\":\"https:\\\/\\\/www.groupeguillin.fr\\\/pt-pt\\\/#website\"},\"datePublished\":\"2025-03-05T13:09:12+00:00\",\"dateModified\":\"2025-03-10T14:58:42+00:00\",\"description\":\"Le Groupe GUILLIN est le r\u00e9f\u00e9rent europ\u00e9en de l'emballage plastique alimentaire\",\"breadcrumb\":{\"@id\":\"https:\\\/\\\/www.groupeguillin.fr\\\/pt-pt\\\/condicoes-de-utilizacao\\\/#breadcrumb\"},\"inLanguage\":\"pt-PT\",\"potentialAction\":[{\"@type\":\"ReadAction\",\"target\":[\"https:\\\/\\\/www.groupeguillin.fr\\\/pt-pt\\\/condicoes-de-utilizacao\\\/\"]}]},{\"@type\":\"BreadcrumbList\",\"@id\":\"https:\\\/\\\/www.groupeguillin.fr\\\/pt-pt\\\/condicoes-de-utilizacao\\\/#breadcrumb\",\"itemListElement\":[{\"@type\":\"ListItem\",\"position\":1,\"name\":\"Accueil\",\"item\":\"https:\\\/\\\/www.groupeguillin.fr\\\/pt-pt\\\/\"},{\"@type\":\"ListItem\",\"position\":2,\"name\":\"Condi\u00e7\u00f5es de utiliza\u00e7\u00e3o\"}]},{\"@type\":\"WebSite\",\"@id\":\"https:\\\/\\\/www.groupeguillin.fr\\\/pt-pt\\\/#website\",\"url\":\"https:\\\/\\\/www.groupeguillin.fr\\\/pt-pt\\\/\",\"name\":\"Groupe GUILLIN\",\"description\":\"We protect your food\",\"publisher\":{\"@id\":\"https:\\\/\\\/www.groupeguillin.fr\\\/pt-pt\\\/#organization\"},\"potentialAction\":[{\"@type\":\"SearchAction\",\"target\":{\"@type\":\"EntryPoint\",\"urlTemplate\":\"https:\\\/\\\/www.groupeguillin.fr\\\/pt-pt\\\/?s={search_term_string}\"},\"query-input\":{\"@type\":\"PropertyValueSpecification\",\"valueRequired\":true,\"valueName\":\"search_term_string\"}}],\"inLanguage\":\"pt-PT\"},{\"@type\":\"Organization\",\"@id\":\"https:\\\/\\\/www.groupeguillin.fr\\\/pt-pt\\\/#organization\",\"name\":\"Groupe GUILLIN\",\"url\":\"https:\\\/\\\/www.groupeguillin.fr\\\/pt-pt\\\/\",\"logo\":{\"@type\":\"ImageObject\",\"inLanguage\":\"pt-PT\",\"@id\":\"https:\\\/\\\/www.groupeguillin.fr\\\/pt-pt\\\/#\\\/schema\\\/logo\\\/image\\\/\",\"url\":\"https:\\\/\\\/www.groupeguillin.fr\\\/wp-content\\\/uploads\\\/2020\\\/09\\\/Logo-guillin-1.png\",\"contentUrl\":\"https:\\\/\\\/www.groupeguillin.fr\\\/wp-content\\\/uploads\\\/2020\\\/09\\\/Logo-guillin-1.png\",\"width\":1172,\"height\":300,\"caption\":\"Groupe GUILLIN\"},\"image\":{\"@id\":\"https:\\\/\\\/www.groupeguillin.fr\\\/pt-pt\\\/#\\\/schema\\\/logo\\\/image\\\/\"},\"sameAs\":[\"https:\\\/\\\/www.instagram.com\\\/groupeguillin\\\/\",\"https:\\\/\\\/www.linkedin.com\\\/company\\\/guillin-emballages\\\/\",\"https:\\\/\\\/www.youtube.com\\\/channel\\\/UCS-Q4Qkgd1bN9pdIPGRjogQ\"]}]}<\/script>\n<!-- \/ Yoast SEO plugin. -->","yoast_head_json":{"title":"Condi\u00e7\u00f5es de utiliza\u00e7\u00e3o - Groupe GUILLIN","description":"Le Groupe GUILLIN est le r\u00e9f\u00e9rent europ\u00e9en de l'emballage plastique alimentaire","robots":{"index":"index","follow":"follow","max-snippet":"max-snippet:-1","max-image-preview":"max-image-preview:large","max-video-preview":"max-video-preview:-1"},"canonical":"https:\/\/www.groupeguillin.fr\/pt-pt\/condicoes-de-utilizacao\/","og_locale":"pt_PT","og_type":"article","og_title":"Condi\u00e7\u00f5es de utiliza\u00e7\u00e3o - Groupe GUILLIN","og_description":"Le Groupe GUILLIN est le r\u00e9f\u00e9rent europ\u00e9en de l'emballage plastique alimentaire","og_url":"https:\/\/www.groupeguillin.fr\/pt-pt\/condicoes-de-utilizacao\/","og_site_name":"Groupe GUILLIN","article_modified_time":"2025-03-10T14:58:42+00:00","og_image":[{"width":1172,"height":300,"url":"https:\/\/www.groupeguillin.fr\/wp-content\/uploads\/2020\/09\/Logo-guillin-1.png","type":"image\/png"}],"twitter_card":"summary_large_image","twitter_misc":{"Est. reading time":"7 minutes"},"schema":{"@context":"https:\/\/schema.org","@graph":[{"@type":"WebPage","@id":"https:\/\/www.groupeguillin.fr\/pt-pt\/condicoes-de-utilizacao\/","url":"https:\/\/www.groupeguillin.fr\/pt-pt\/condicoes-de-utilizacao\/","name":"Condi\u00e7\u00f5es de utiliza\u00e7\u00e3o - Groupe GUILLIN","isPartOf":{"@id":"https:\/\/www.groupeguillin.fr\/pt-pt\/#website"},"datePublished":"2025-03-05T13:09:12+00:00","dateModified":"2025-03-10T14:58:42+00:00","description":"Le Groupe GUILLIN est le r\u00e9f\u00e9rent europ\u00e9en de l'emballage plastique alimentaire","breadcrumb":{"@id":"https:\/\/www.groupeguillin.fr\/pt-pt\/condicoes-de-utilizacao\/#breadcrumb"},"inLanguage":"pt-PT","potentialAction":[{"@type":"ReadAction","target":["https:\/\/www.groupeguillin.fr\/pt-pt\/condicoes-de-utilizacao\/"]}]},{"@type":"BreadcrumbList","@id":"https:\/\/www.groupeguillin.fr\/pt-pt\/condicoes-de-utilizacao\/#breadcrumb","itemListElement":[{"@type":"ListItem","position":1,"name":"Accueil","item":"https:\/\/www.groupeguillin.fr\/pt-pt\/"},{"@type":"ListItem","position":2,"name":"Condi\u00e7\u00f5es de utiliza\u00e7\u00e3o"}]},{"@type":"WebSite","@id":"https:\/\/www.groupeguillin.fr\/pt-pt\/#website","url":"https:\/\/www.groupeguillin.fr\/pt-pt\/","name":"Groupe GUILLIN","description":"We protect your food","publisher":{"@id":"https:\/\/www.groupeguillin.fr\/pt-pt\/#organization"},"potentialAction":[{"@type":"SearchAction","target":{"@type":"EntryPoint","urlTemplate":"https:\/\/www.groupeguillin.fr\/pt-pt\/?s={search_term_string}"},"query-input":{"@type":"PropertyValueSpecification","valueRequired":true,"valueName":"search_term_string"}}],"inLanguage":"pt-PT"},{"@type":"Organization","@id":"https:\/\/www.groupeguillin.fr\/pt-pt\/#organization","name":"Groupe GUILLIN","url":"https:\/\/www.groupeguillin.fr\/pt-pt\/","logo":{"@type":"ImageObject","inLanguage":"pt-PT","@id":"https:\/\/www.groupeguillin.fr\/pt-pt\/#\/schema\/logo\/image\/","url":"https:\/\/www.groupeguillin.fr\/wp-content\/uploads\/2020\/09\/Logo-guillin-1.png","contentUrl":"https:\/\/www.groupeguillin.fr\/wp-content\/uploads\/2020\/09\/Logo-guillin-1.png","width":1172,"height":300,"caption":"Groupe GUILLIN"},"image":{"@id":"https:\/\/www.groupeguillin.fr\/pt-pt\/#\/schema\/logo\/image\/"},"sameAs":["https:\/\/www.instagram.com\/groupeguillin\/","https:\/\/www.linkedin.com\/company\/guillin-emballages\/","https:\/\/www.youtube.com\/channel\/UCS-Q4Qkgd1bN9pdIPGRjogQ"]}]}},"publishpress_future_action":{"enabled":false,"date":"2026-04-21 19:33:50","action":"change-status","newStatus":"draft","terms":[],"taxonomy":"translation_priority","extraData":[]},"publishpress_future_workflow_manual_trigger":{"enabledWorkflows":[]},"_links":{"self":[{"href":"https:\/\/www.groupeguillin.fr\/pt-pt\/wp-json\/wp\/v2\/pages\/19695","targetHints":{"allow":["GET"]}}],"collection":[{"href":"https:\/\/www.groupeguillin.fr\/pt-pt\/wp-json\/wp\/v2\/pages"}],"about":[{"href":"https:\/\/www.groupeguillin.fr\/pt-pt\/wp-json\/wp\/v2\/types\/page"}],"author":[{"embeddable":true,"href":"https:\/\/www.groupeguillin.fr\/pt-pt\/wp-json\/wp\/v2\/users\/1"}],"replies":[{"embeddable":true,"href":"https:\/\/www.groupeguillin.fr\/pt-pt\/wp-json\/wp\/v2\/comments?post=19695"}],"version-history":[{"count":8,"href":"https:\/\/www.groupeguillin.fr\/pt-pt\/wp-json\/wp\/v2\/pages\/19695\/revisions"}],"predecessor-version":[{"id":19760,"href":"https:\/\/www.groupeguillin.fr\/pt-pt\/wp-json\/wp\/v2\/pages\/19695\/revisions\/19760"}],"wp:attachment":[{"href":"https:\/\/www.groupeguillin.fr\/pt-pt\/wp-json\/wp\/v2\/media?parent=19695"}],"curies":[{"name":"wp","href":"https:\/\/api.w.org\/{rel}","templated":true}]}}