{"id":11027,"date":"2022-04-04T13:52:53","date_gmt":"2022-04-04T11:52:53","guid":{"rendered":"https:\/\/www.groupeguillin.fr\/warunki-uzytkowania\/"},"modified":"2022-04-04T13:52:55","modified_gmt":"2022-04-04T11:52:55","slug":"warunki-uzytkowania","status":"publish","type":"page","link":"https:\/\/www.groupeguillin.fr\/pl\/warunki-uzytkowania\/","title":{"rendered":"Warunki u\u017cytkowania"},"content":{"rendered":"<p>[et_pb_section fb_built=&#8221;1&#8243; admin_label=&#8221;section&#8221; _builder_version=&#8221;3.22&#8243; global_module=&#8221;10986&#8243; saved_tabs=&#8221;all&#8221;][et_pb_row admin_label=&#8221;row&#8221; _builder_version=&#8221;3.25&#8243; background_size=&#8221;initial&#8221; background_position=&#8221;top_left&#8221; background_repeat=&#8221;repeat&#8221;][et_pb_column type=&#8221;4_4&#8243; _builder_version=&#8221;3.25&#8243; custom_padding=&#8221;|||&#8221; custom_padding__hover=&#8221;|||&#8221;][et_pb_button button_url=&#8221;@ET-DC@eyJkeW5hbWljIjp0cnVlLCJjb250ZW50IjoiaG9tZV91cmwiLCJzZXR0aW5ncyI6W119@&#8221; button_text=&#8221;Powr\u00f3t&#8221; button_alignment=&#8221;left&#8221; _builder_version=&#8221;4.7.3&#8243; _dynamic_attributes=&#8221;button_url&#8221; _module_preset=&#8221;default&#8221; custom_button=&#8221;on&#8221; button_text_size=&#8221;15px&#8221; button_text_color=&#8221;#ffffff&#8221; button_bg_color=&#8221;#21aa6b&#8221; button_border_width=&#8221;0px&#8221; button_border_radius=&#8221;25px&#8221; button_font=&#8221;|600||on|||||&#8221; custom_margin=&#8221;0px||0px||false|false&#8221; custom_margin_tablet=&#8221;&#8221; custom_margin_phone=&#8221;||30px||false|false&#8221; custom_margin_last_edited=&#8221;on|phone&#8221; custom_padding=&#8221;4px||4px||true|false&#8221;][\/et_pb_button][et_pb_post_title meta=&#8221;off&#8221; _builder_version=&#8221;4.7.4&#8243; _module_preset=&#8221;default&#8221; title_font_size=&#8221;28px&#8221; custom_margin=&#8221;20px||20px||true|false&#8221; custom_padding=&#8221;0px||0px||true|false&#8221;][\/et_pb_post_title][et_pb_text admin_label=&#8221;Text&#8221; _builder_version=&#8221;4.7.3&#8243; background_size=&#8221;initial&#8221; background_position=&#8221;top_left&#8221; background_repeat=&#8221;repeat&#8221; custom_margin=&#8221;0px||0px||true|false&#8221; custom_padding=&#8221;0px||0px||true|false&#8221;]<\/p>\nLe site est\u00a0\u00e9dit\u00e9\u00a0par :<br\/> Groupe GUILLIN SA \u2013 ZI, Avenue du Mar\u00e9chal de Lattre de Tassigny- 25\u00a0290 Ornans\n<p><\/p>T\u00e9l : 33 (0)3 81 40 23 23 &#8211; Fax : +33 (0)3 81 62 15 92 &#8211; E-mail\u00a0: contact@groupeguillin.fr\n<p><\/p>349\u00a0846 303 RCS Besancon<br\/> Capital social :\u00a0 11\u00a0487 825 Euros\n<p>Le site est h\u00e9berg\u00e9\u00a0par : OVH SAS &#8211; 2\u00a0rue Kellermann\u00a0&#8211; BP 80157 &#8211; 59053 ROUBAIX CEDEX 1 \/ www.ovh.com<\/p>\n<p><\/p><strong>Acc\u00e8s au site<\/strong>\n<p><\/p>Toute personne qui acc\u00e8de au site <a href=\"https:\/\/www.groupeguillin.fr\">www.groupeguillin.fr<\/a> (\u00ab\u00a0site\u00a0\u00bb) s\u2019engage \u00e0 respecter les pr\u00e9sentes conditions d\u2019utilisation. La connexion ou l\u2019acc\u00e8s de ce site sont soumis aux pr\u00e9sentes conditions d\u2019utilisation et impliquent l\u2019acceptation int\u00e9grale et sans r\u00e9serve par l\u2019internaute de toutes les conditions d\u2019utilisation, politique de confidentialit\u00e9 et gestion des cookies. \u00a0\n<p><\/p>Les pages produits du site <a href=\"https:\/\/www.groupeguillin.fr\">www.groupeguillin.fr<\/a> sont destin\u00e9es \u00e0 des professionnels. Aucun des \u00e9l\u00e9ments pr\u00e9sent\u00e9s sur le site ne constituent de proposition de vente ou d\u2019achat.\n<p><\/p>Le site est accessible 24h\/24 et 7j\/7. La responsabilit\u00e9 de Groupe GUILLIN SA ne saurait \u00eatre engag\u00e9e en raison d\u2019une indisponibilit\u00e9 technique de la connexion, qu\u2019elle soit due notamment \u00e0 un cas de force majeure, \u00e0 une maintenance, \u00e0 une mise \u00e0 jour, \u00e0 une modification du site, \u00e0 une intervention de l\u2019h\u00e9bergeur, \u00e0 une panne de r\u00e9seau, \u00e0 une coupure d\u2019alimentation \u00e9lectrique ou encore \u00e0 une mauvaise configuration ou utilisation de l\u2019ordinateur par vos soins.\n<p><\/p>Groupe GUILLIN SA fait de son mieux pour pr\u00e9server son site Internet d\u00b4\u00e9ventuels virus mais n\u2019est toutefois pas en mesure d\u00b4en garantir l\u00b4absence. C\u00b4est la raison pour laquelle Groupe GUILLIN SA vous recommande de vous assurer d\u00b4une protection ad\u00e9quate contre les virus (notamment par l\u00b4utilisation d\u00b4antivirus), avant le t\u00e9l\u00e9chargement de documents et de donn\u00e9es.\n<p><\/p>Toute information contenue sur ce site est une information \u00e0 caract\u00e8re g\u00e9n\u00e9ral et n\u2019a pas valeur contractuelle.\n<p><\/p><strong>Propri\u00e9t\u00e9 intellectuelle<\/strong>\n<p><\/p>Le site et tous ses \u00e9l\u00e9ments sont prot\u00e9g\u00e9s par les lois en vigueur et notamment par les droits de propri\u00e9t\u00e9 intellectuelle que ce soit les droits d\u2019auteur ou de propri\u00e9t\u00e9 industrielle (tels que brevets, marques, dessins et mod\u00e8les). Ils sont la propri\u00e9t\u00e9 exclusive de Groupe GUILLIN SA ou de tiers ayant autoris\u00e9s Groupe GUILLIN SA \u00e0 les utiliser. L&#8217;utilisation du site est r\u00e9serv\u00e9e aux seuls besoins de l\u2019utilisateur.\n<p><\/p>Toute utilisation, reproduction, exploitation, repr\u00e9sentation, adaptation, modification, incorporation, traduction, commercialisation, en tout ou en partie du site et\/ou de ses \u00e9l\u00e9ments prot\u00e9g\u00e9s, y compris les applications informatiques et documents t\u00e9l\u00e9chargeables ou reproductions photographiques, sur quelque proc\u00e9d\u00e9 ou support que ce soit, connus ou inconnus \u00e0 ce jour, aupr\u00e8s de tout public, est strictement interdite sans l\u2019accord expr\u00e8s, \u00e9crit et pr\u00e9alable de Groupe GUILLIN SA, sauf pour les exceptions pr\u00e9vues par la loi fran\u00e7aise. Tout manquement pourra faire l\u2019objet de poursuite au plan civil ou p\u00e9nal, notamment au titre de la contrefa\u00e7on.\n<p><\/p>Ainsi, \u00e0 titre non limitatif, Groupe GUILLIN SA interdit notamment l\u2019utilisation reproduction, exploitation, repr\u00e9sentation, adaptation, modification, incorporation, traduction, commercialisation de sa marque, son nom commercial, son logo ou tout autre signe distinctif qu\u2019il ou ses filiales utilise sans son accord pr\u00e9alable et \u00e9crit.\n<p><\/p>Tout lien hypertexte renvoyant directement au pr\u00e9sent site devra \u00e9galement faire l&#8217;objet d&#8217;une autorisation pr\u00e9alable de Groupe GUILLIN SA qui est libre de la refuser sans avoir \u00e0 justifier sa d\u00e9cision de quelque mani\u00e8re que ce soit. Si une telle autorisation \u00e9tait accord\u00e9e, elle pourra \u00eatre retir\u00e9e, sur simple demande de Groupe GUILLIN SA, \u00e0 tout moment et sans pr\u00e9avis.\n<p><\/p><strong>Responsabilit\u00e9<\/strong>\n<p><\/p>L\u2019internaute utilise le site sous sa seule et enti\u00e8re responsabilit\u00e9.\n<p><\/p>En aucun cas, la responsabilit\u00e9 de Groupe GUILLIN SA ne pourra \u00eatre engag\u00e9e en raison de dommages quelconques, directs ou indirects, mat\u00e9riels ou immat\u00e9riels ou sp\u00e9ciaux, r\u00e9sultant notamment de la consultation et \/ou de l&#8217;utilisation de ce site internet ou d&#8217;autres sites qui lui sont li\u00e9s, comme des utilisations d&#8217;informations textuelles, sonores ou visuelles qui auraient pu y \u00eatre recueillies et notamment de tout pr\u00e9judice financier ou commercial, de pertes de programmes ou de donn\u00e9es dans votre syst\u00e8me d&#8217;information ou autre.\n<p><\/p>Le site peut contenir des liens vers d\u2019autres sites internet sur lesquels Groupe GUILLIN SA n\u2019exerce aucun contr\u00f4le. Dans ces circonstances, il n\u2019est donn\u00e9 aucune garantie, expresse ou implicite, quant \u00e0 l\u2019exactitude, l\u2019exhaustivit\u00e9 ou la qualit\u00e9 des contenus qui y sont pr\u00e9sent\u00e9es et Groupe GUILLIN SA d\u00e9cline toute responsabilit\u00e9 quant \u00e0 la consultation de ces liens internet. Tout comme Groupe GUILLIN SA ne peut en aucun cas \u00eatre tenue responsable du contenu ainsi que des produits ou services propos\u00e9s sur les sites internet auxquelles le site se trouverait li\u00e9 par des liens hypertextes ou tout autre type de liens.\n<p><\/p><strong>Mise \u00e0 jour<\/strong>\n<p><\/p>Groupe GUILLIN SA se r\u00e9serve le droit de modifier et de mettre \u00e0 jour, sans pr\u00e9avis, les pr\u00e9sentes mentions l\u00e9gales et tous les \u00e9l\u00e9ments, produits ou services pr\u00e9sent\u00e9s sur le site. Elles s\u2019imposent aux internautes. Il appartient \u00e0 l\u2019utilisateur de se r\u00e9f\u00e9rer r\u00e9guli\u00e8rement \u00e0 cette rubrique pour v\u00e9rifier les conditions en vigueur.\n<p><\/p><strong>Loi applicable et juridiction<\/strong>\n<p><\/p>Le pr\u00e9sent site est soumis \u00e0 la loi fran\u00e7aise, \u00e0 l\u2019exclusion de toute disposition de droit international priv\u00e9 qui pourrait conduire \u00e0 l\u2019application d\u2019une autre loi. Tout litige relatif au contenu du site ou \u00e0 son utilisation rel\u00e8ve de la comp\u00e9tence exclusive des tribunaux fran\u00e7ais.\n<p><\/p><\/p>\n<p>[\/et_pb_text][et_pb_button button_url=&#8221;@ET-DC@eyJkeW5hbWljIjp0cnVlLCJjb250ZW50IjoiaG9tZV91cmwiLCJzZXR0aW5ncyI6W119@&#8221; button_text=&#8221;Powr\u00f3t&#8221; button_alignment=&#8221;left&#8221; _builder_version=&#8221;4.7.3&#8243; _dynamic_attributes=&#8221;button_url&#8221; _module_preset=&#8221;default&#8221; custom_button=&#8221;on&#8221; button_text_size=&#8221;15px&#8221; button_text_color=&#8221;#ffffff&#8221; button_bg_color=&#8221;#21aa6b&#8221; button_border_width=&#8221;0px&#8221; button_border_radius=&#8221;25px&#8221; button_font=&#8221;|600||on|||||&#8221; custom_margin=&#8221;0px||0px||false|false&#8221; custom_margin_tablet=&#8221;&#8221; custom_margin_phone=&#8221;||30px||false|false&#8221; custom_margin_last_edited=&#8221;on|phone&#8221; custom_padding=&#8221;4px||4px||true|false&#8221;][\/et_pb_button][\/et_pb_column][\/et_pb_row][\/et_pb_section]<\/p>\n","protected":false},"excerpt":{"rendered":"<p>Le site est\u00a0\u00e9dit\u00e9\u00a0par : Groupe GUILLIN SA \u2013 ZI, Avenue du Mar\u00e9chal de Lattre de Tassigny- 25\u00a0290 Ornans T\u00e9l : 33 (0)3 81 40 23 23 &#8211; Fax : +33 (0)3 81 62 15 92 &#8211; E-mail\u00a0: contact@groupeguillin.fr 349\u00a0846 303 RCS Besancon Capital social :\u00a0 11\u00a0487 825 Euros Le site est h\u00e9berg\u00e9\u00a0par : OVH SAS [&hellip;]<\/p>\n","protected":false},"author":1,"featured_media":0,"parent":0,"menu_order":0,"comment_status":"closed","ping_status":"closed","template":"","meta":{"_acf_changed":false,"_et_pb_use_builder":"on","_et_pb_old_content":"","_et_gb_content_width":"","footnotes":""},"class_list":["post-11027","page","type-page","status-publish","hentry"],"acf":[],"yoast_head":"<!-- This site is optimized with the Yoast SEO plugin v27.4 - https:\/\/yoast.com\/product\/yoast-seo-wordpress\/ -->\n<title>Warunki u\u017cytkowania - Groupe GUILLIN<\/title>\n<meta name=\"description\" content=\"Le Groupe GUILLIN est le r\u00e9f\u00e9rent europ\u00e9en de l&#039;emballage plastique alimentaire\" \/>\n<meta name=\"robots\" content=\"index, follow, max-snippet:-1, max-image-preview:large, max-video-preview:-1\" \/>\n<link rel=\"canonical\" href=\"https:\/\/www.groupeguillin.fr\/pl\/warunki-uzytkowania\/\" \/>\n<meta property=\"og:locale\" content=\"pl_PL\" \/>\n<meta property=\"og:type\" content=\"article\" \/>\n<meta property=\"og:title\" content=\"Warunki u\u017cytkowania - Groupe GUILLIN\" \/>\n<meta property=\"og:description\" content=\"Le Groupe GUILLIN est le r\u00e9f\u00e9rent europ\u00e9en de l&#039;emballage plastique alimentaire\" \/>\n<meta property=\"og:url\" content=\"https:\/\/www.groupeguillin.fr\/pl\/warunki-uzytkowania\/\" \/>\n<meta property=\"og:site_name\" content=\"Groupe GUILLIN\" \/>\n<meta property=\"article:modified_time\" content=\"2022-04-04T11:52:55+00:00\" \/>\n<meta property=\"og:image\" content=\"https:\/\/www.groupeguillin.fr\/wp-content\/uploads\/2020\/09\/Logo-guillin-1.png\" \/>\n\t<meta property=\"og:image:width\" content=\"1172\" \/>\n\t<meta property=\"og:image:height\" content=\"300\" \/>\n\t<meta property=\"og:image:type\" content=\"image\/png\" \/>\n<meta name=\"twitter:card\" content=\"summary_large_image\" \/>\n<meta name=\"twitter:label1\" content=\"Est. reading time\" \/>\n\t<meta name=\"twitter:data1\" content=\"6 minutes\" \/>\n<script type=\"application\/ld+json\" class=\"yoast-schema-graph\">{\"@context\":\"https:\\\/\\\/schema.org\",\"@graph\":[{\"@type\":\"WebPage\",\"@id\":\"https:\\\/\\\/www.groupeguillin.fr\\\/pl\\\/warunki-uzytkowania\\\/\",\"url\":\"https:\\\/\\\/www.groupeguillin.fr\\\/pl\\\/warunki-uzytkowania\\\/\",\"name\":\"Warunki u\u017cytkowania - Groupe GUILLIN\",\"isPartOf\":{\"@id\":\"https:\\\/\\\/www.groupeguillin.fr\\\/pl\\\/#website\"},\"datePublished\":\"2022-04-04T11:52:53+00:00\",\"dateModified\":\"2022-04-04T11:52:55+00:00\",\"description\":\"Le Groupe GUILLIN est le r\u00e9f\u00e9rent europ\u00e9en de l'emballage plastique alimentaire\",\"breadcrumb\":{\"@id\":\"https:\\\/\\\/www.groupeguillin.fr\\\/pl\\\/warunki-uzytkowania\\\/#breadcrumb\"},\"inLanguage\":\"pl-PL\",\"potentialAction\":[{\"@type\":\"ReadAction\",\"target\":[\"https:\\\/\\\/www.groupeguillin.fr\\\/pl\\\/warunki-uzytkowania\\\/\"]}]},{\"@type\":\"BreadcrumbList\",\"@id\":\"https:\\\/\\\/www.groupeguillin.fr\\\/pl\\\/warunki-uzytkowania\\\/#breadcrumb\",\"itemListElement\":[{\"@type\":\"ListItem\",\"position\":1,\"name\":\"Accueil\",\"item\":\"https:\\\/\\\/www.groupeguillin.fr\\\/pl\\\/\"},{\"@type\":\"ListItem\",\"position\":2,\"name\":\"Warunki u\u017cytkowania\"}]},{\"@type\":\"WebSite\",\"@id\":\"https:\\\/\\\/www.groupeguillin.fr\\\/pl\\\/#website\",\"url\":\"https:\\\/\\\/www.groupeguillin.fr\\\/pl\\\/\",\"name\":\"Groupe GUILLIN\",\"description\":\"We protect your food\",\"publisher\":{\"@id\":\"https:\\\/\\\/www.groupeguillin.fr\\\/pl\\\/#organization\"},\"potentialAction\":[{\"@type\":\"SearchAction\",\"target\":{\"@type\":\"EntryPoint\",\"urlTemplate\":\"https:\\\/\\\/www.groupeguillin.fr\\\/pl\\\/?s={search_term_string}\"},\"query-input\":{\"@type\":\"PropertyValueSpecification\",\"valueRequired\":true,\"valueName\":\"search_term_string\"}}],\"inLanguage\":\"pl-PL\"},{\"@type\":\"Organization\",\"@id\":\"https:\\\/\\\/www.groupeguillin.fr\\\/pl\\\/#organization\",\"name\":\"Groupe GUILLIN\",\"url\":\"https:\\\/\\\/www.groupeguillin.fr\\\/pl\\\/\",\"logo\":{\"@type\":\"ImageObject\",\"inLanguage\":\"pl-PL\",\"@id\":\"https:\\\/\\\/www.groupeguillin.fr\\\/pl\\\/#\\\/schema\\\/logo\\\/image\\\/\",\"url\":\"https:\\\/\\\/www.groupeguillin.fr\\\/wp-content\\\/uploads\\\/2020\\\/09\\\/Logo-guillin-1.png\",\"contentUrl\":\"https:\\\/\\\/www.groupeguillin.fr\\\/wp-content\\\/uploads\\\/2020\\\/09\\\/Logo-guillin-1.png\",\"width\":1172,\"height\":300,\"caption\":\"Groupe GUILLIN\"},\"image\":{\"@id\":\"https:\\\/\\\/www.groupeguillin.fr\\\/pl\\\/#\\\/schema\\\/logo\\\/image\\\/\"},\"sameAs\":[\"https:\\\/\\\/www.instagram.com\\\/groupeguillin\\\/\",\"https:\\\/\\\/www.linkedin.com\\\/company\\\/guillin-emballages\\\/\",\"https:\\\/\\\/www.youtube.com\\\/channel\\\/UCS-Q4Qkgd1bN9pdIPGRjogQ\"]}]}<\/script>\n<!-- \/ Yoast SEO plugin. -->","yoast_head_json":{"title":"Warunki u\u017cytkowania - Groupe GUILLIN","description":"Le Groupe GUILLIN est le r\u00e9f\u00e9rent europ\u00e9en de l'emballage plastique alimentaire","robots":{"index":"index","follow":"follow","max-snippet":"max-snippet:-1","max-image-preview":"max-image-preview:large","max-video-preview":"max-video-preview:-1"},"canonical":"https:\/\/www.groupeguillin.fr\/pl\/warunki-uzytkowania\/","og_locale":"pl_PL","og_type":"article","og_title":"Warunki u\u017cytkowania - Groupe GUILLIN","og_description":"Le Groupe GUILLIN est le r\u00e9f\u00e9rent europ\u00e9en de l'emballage plastique alimentaire","og_url":"https:\/\/www.groupeguillin.fr\/pl\/warunki-uzytkowania\/","og_site_name":"Groupe GUILLIN","article_modified_time":"2022-04-04T11:52:55+00:00","og_image":[{"width":1172,"height":300,"url":"https:\/\/www.groupeguillin.fr\/wp-content\/uploads\/2020\/09\/Logo-guillin-1.png","type":"image\/png"}],"twitter_card":"summary_large_image","twitter_misc":{"Est. reading time":"6 minutes"},"schema":{"@context":"https:\/\/schema.org","@graph":[{"@type":"WebPage","@id":"https:\/\/www.groupeguillin.fr\/pl\/warunki-uzytkowania\/","url":"https:\/\/www.groupeguillin.fr\/pl\/warunki-uzytkowania\/","name":"Warunki u\u017cytkowania - Groupe GUILLIN","isPartOf":{"@id":"https:\/\/www.groupeguillin.fr\/pl\/#website"},"datePublished":"2022-04-04T11:52:53+00:00","dateModified":"2022-04-04T11:52:55+00:00","description":"Le Groupe GUILLIN est le r\u00e9f\u00e9rent europ\u00e9en de l'emballage plastique alimentaire","breadcrumb":{"@id":"https:\/\/www.groupeguillin.fr\/pl\/warunki-uzytkowania\/#breadcrumb"},"inLanguage":"pl-PL","potentialAction":[{"@type":"ReadAction","target":["https:\/\/www.groupeguillin.fr\/pl\/warunki-uzytkowania\/"]}]},{"@type":"BreadcrumbList","@id":"https:\/\/www.groupeguillin.fr\/pl\/warunki-uzytkowania\/#breadcrumb","itemListElement":[{"@type":"ListItem","position":1,"name":"Accueil","item":"https:\/\/www.groupeguillin.fr\/pl\/"},{"@type":"ListItem","position":2,"name":"Warunki u\u017cytkowania"}]},{"@type":"WebSite","@id":"https:\/\/www.groupeguillin.fr\/pl\/#website","url":"https:\/\/www.groupeguillin.fr\/pl\/","name":"Groupe GUILLIN","description":"We protect your food","publisher":{"@id":"https:\/\/www.groupeguillin.fr\/pl\/#organization"},"potentialAction":[{"@type":"SearchAction","target":{"@type":"EntryPoint","urlTemplate":"https:\/\/www.groupeguillin.fr\/pl\/?s={search_term_string}"},"query-input":{"@type":"PropertyValueSpecification","valueRequired":true,"valueName":"search_term_string"}}],"inLanguage":"pl-PL"},{"@type":"Organization","@id":"https:\/\/www.groupeguillin.fr\/pl\/#organization","name":"Groupe GUILLIN","url":"https:\/\/www.groupeguillin.fr\/pl\/","logo":{"@type":"ImageObject","inLanguage":"pl-PL","@id":"https:\/\/www.groupeguillin.fr\/pl\/#\/schema\/logo\/image\/","url":"https:\/\/www.groupeguillin.fr\/wp-content\/uploads\/2020\/09\/Logo-guillin-1.png","contentUrl":"https:\/\/www.groupeguillin.fr\/wp-content\/uploads\/2020\/09\/Logo-guillin-1.png","width":1172,"height":300,"caption":"Groupe GUILLIN"},"image":{"@id":"https:\/\/www.groupeguillin.fr\/pl\/#\/schema\/logo\/image\/"},"sameAs":["https:\/\/www.instagram.com\/groupeguillin\/","https:\/\/www.linkedin.com\/company\/guillin-emballages\/","https:\/\/www.youtube.com\/channel\/UCS-Q4Qkgd1bN9pdIPGRjogQ"]}]}},"publishpress_future_action":{"enabled":false,"date":"2026-04-23 18:43:49","action":"change-status","newStatus":"draft","terms":[],"taxonomy":"translation_priority","extraData":[]},"publishpress_future_workflow_manual_trigger":{"enabledWorkflows":[]},"_links":{"self":[{"href":"https:\/\/www.groupeguillin.fr\/pl\/wp-json\/wp\/v2\/pages\/11027","targetHints":{"allow":["GET"]}}],"collection":[{"href":"https:\/\/www.groupeguillin.fr\/pl\/wp-json\/wp\/v2\/pages"}],"about":[{"href":"https:\/\/www.groupeguillin.fr\/pl\/wp-json\/wp\/v2\/types\/page"}],"author":[{"embeddable":true,"href":"https:\/\/www.groupeguillin.fr\/pl\/wp-json\/wp\/v2\/users\/1"}],"replies":[{"embeddable":true,"href":"https:\/\/www.groupeguillin.fr\/pl\/wp-json\/wp\/v2\/comments?post=11027"}],"version-history":[{"count":1,"href":"https:\/\/www.groupeguillin.fr\/pl\/wp-json\/wp\/v2\/pages\/11027\/revisions"}],"predecessor-version":[{"id":11028,"href":"https:\/\/www.groupeguillin.fr\/pl\/wp-json\/wp\/v2\/pages\/11027\/revisions\/11028"}],"wp:attachment":[{"href":"https:\/\/www.groupeguillin.fr\/pl\/wp-json\/wp\/v2\/media?parent=11027"}],"curies":[{"name":"wp","href":"https:\/\/api.w.org\/{rel}","templated":true}]}}