{"id":10992,"date":"2022-04-04T09:51:53","date_gmt":"2022-04-04T07:51:53","guid":{"rendered":"https:\/\/www.groupeguillin.fr\/polityka-prywatnosci\/"},"modified":"2022-04-05T10:40:37","modified_gmt":"2022-04-05T08:40:37","slug":"polityka-prywatnosci","status":"publish","type":"page","link":"https:\/\/www.groupeguillin.fr\/pl\/polityka-prywatnosci\/","title":{"rendered":"Polityka prywatno\u015bci"},"content":{"rendered":"<p>[et_pb_section fb_built=&#8221;1&#8243; _builder_version=&#8221;3.0.47&#8243; global_module=&#8221;10984&#8243; saved_tabs=&#8221;all&#8221;][et_pb_row _builder_version=&#8221;3.25&#8243; background_size=&#8221;initial&#8221; background_position=&#8221;top_left&#8221; background_repeat=&#8221;repeat&#8221;][et_pb_column type=&#8221;4_4&#8243; _builder_version=&#8221;3.25&#8243; custom_padding=&#8221;|||&#8221; custom_padding__hover=&#8221;|||&#8221;][et_pb_button button_url=&#8221;@ET-DC@eyJkeW5hbWljIjp0cnVlLCJjb250ZW50IjoiaG9tZV91cmwiLCJzZXR0aW5ncyI6e319@&#8221; button_text=&#8221;Powr\u00f3t&#8221; button_alignment=&#8221;left&#8221; _builder_version=&#8221;4.8.1&#8243; _dynamic_attributes=&#8221;button_url&#8221; _module_preset=&#8221;default&#8221; custom_button=&#8221;on&#8221; button_text_size=&#8221;15px&#8221; button_text_color=&#8221;#ffffff&#8221; button_bg_color=&#8221;#21aa6b&#8221; button_border_width=&#8221;0px&#8221; button_border_radius=&#8221;25px&#8221; button_font=&#8221;|600||on|||||&#8221; custom_margin=&#8221;0px||0px||false|false&#8221; custom_margin_tablet=&#8221;&#8221; custom_margin_phone=&#8221;||30px||false|false&#8221; custom_margin_last_edited=&#8221;on|phone&#8221; custom_padding=&#8221;4px||4px||true|false&#8221; locked=&#8221;off&#8221;][\/et_pb_button][et_pb_post_title meta=&#8221;off&#8221; _builder_version=&#8221;4.7.4&#8243; _module_preset=&#8221;default&#8221; title_font_size=&#8221;28px&#8221; custom_margin=&#8221;20px||20px||true|false&#8221; custom_padding=&#8221;0px||0px||true|false&#8221; locked=&#8221;off&#8221;][\/et_pb_post_title][et_pb_text _builder_version=&#8221;4.8.1&#8243; text_line_height=&#8221;1.1em&#8221; background_size=&#8221;initial&#8221; background_position=&#8221;top_left&#8221; background_repeat=&#8221;repeat&#8221; custom_css_main_element=&#8221;padding-bottom:0 !important;&#8221;]<\/p>\n<p>Witryna <a href=\"https:\/\/www.groupeguillin.fr\">www.groupeguillin.fr<\/a> jest witryn\u0105 instytucjonaln\u0105. W \u017cadnym przypadku nie jest to witryna handlowa.<\/p>\n<p>Celem niniejszej polityki prywatno\u015bci jest wyja\u015bnienie, dlaczego i w jaki spos\u00f3b przetwarzane s\u0105 powierzone nam dane osobowe, zgodnie z francusk\u0105 ustaw\u0105 78-17 \u201eInformatique et Libert\u00e9s\u201d (Informatyka i wolno\u015bci) z dnia 6 stycznia 1978 r. z p\u00f3\u017aniejszymi zmianami oraz Rozporz\u0105dzeniem UE 2016\/679 z dnia 27 kwietnia 2016 r. tzw. \u201eRODO\u201d.<\/p>\n<p>&nbsp;<\/p>\n<p><a name=\"_Toc22133150\"><\/a>Definicje<\/p>\n<p>Poni\u017csze terminy \u00a0z niniejszego dokumentu przyjmuj\u0105 nast\u0119puj\u0105ce znaczenie:<\/p>\n<p><u>Dane osobowe<\/u>: s\u0105 to dane, kt\u00f3re pozwalaj\u0105 na bezpo\u015bredni\u0105 lub po\u015bredni\u0105 identyfikacj\u0119 u\u017cytkownika.<\/p>\n<p><u>Administrator danych<\/u>: Administrator danych to osoba odpowiedzialna za zarz\u0105dzanie Pa\u0144stwa danymi osobowymi.<\/p>\n<p><u>Cele<\/u>: to jest pow\u00f3d, dla kt\u00f3rego zbieramy Pa\u0144stwa dane (na przyk\u0142ad: udzielenie odpowiedzi na pytanie, wys\u0142anie newslettera, rozpatrzenie Pa\u0144stwa aplikacji itp.)<\/p>\n<p><u>Podstawa<\/u>: jest to podstawa prawna, kt\u00f3ra pozwala nam gromadzi\u0107 Pa\u0144stwa dane. Mo\u017ce to by\u0107 obowi\u0105zek prawny, wykonanie umowy lub po prostu Pa\u0144stwa zgoda na wykorzystanie danych.<\/p>\n<p><u>Transfer<\/u>: oznacza ka\u017cde przekazanie danych osobowych do innego kraju. Transfer mo\u017ce odbywa\u0107 si\u0119 za po\u015brednictwem dowolnej formy komunikacji, kopiowania, przesy\u0142ania albo ujawniania danych osobowych w sieci, w tym zdalnego dost\u0119pu do bazy danych albo transferu z jednego no\u015bnika na inny (na przyk\u0142ad z dysku twardego komputera na serwer).<\/p>\n<p><a name=\"_Toc22133151\"><\/a>Kto jest administratorem danych?<\/p>\n<p>Administratorem danych jest Groupe Guillin,S.A. z kapita\u0142em 11.487.825 EUR, z siedzib\u0105 pod nast\u0119puj\u0105cym adresem: Zone Industrielle, Avenue du Mar\u00e9chal de Lattre de Tassigny, 25\u00a0290 Ornans Francja i jest wpisana do rejestru w RCS Besan\u00e7on pod numerem 349\u00a0846 303.<\/p>\n<p>&nbsp;<\/p>\n<p><a name=\"_Toc22133152\"><\/a>Jakie dane s\u0105 gromadzone?<\/p>\n<ul>\n<li><u>W zak\u0142adce Formularz kontaktowy<\/u>: nazwisko, imi\u0119, adres e-mail (osobisty lub s\u0142u\u017cbowy), przedsi\u0119biorstwo, w kt\u00f3rym Pa\u0144stwo pracuj\u0105, numer telefonu (stacjonarny lub kom\u00f3rkowy, prywatny lub s\u0142u\u017cbowy), adres, kod pocztowy i miasto (osobisty albo s\u0142u\u017cbowy)<\/li>\n<\/ul>\n<p>&nbsp;<\/p>\n<ul>\n<li><u>W zak\u0142adce Oferta pracy: <\/u>nazwisko, imi\u0119, adres, kod pocztowy i miejscowo\u015b\u0107, numer telefonu stacjonarnego i kom\u00f3rkowego, fax, e-mail, zdj\u0119cie i CV<\/li>\n<\/ul>\n<p>Pola oznaczone * s\u0105 wymagane. Je\u015bli nie zostan\u0105 one wype\u0142nione, nie b\u0119dziemy mogli prawid\u0142owo przetworzy\u0107 Pa\u0144stwa \u00a0wniosku. Pozosta\u0142e dane s\u0105 opcjonalne.<\/p>\n<p>&nbsp;<\/p>\n<p><a name=\"_Toc22133153\"><\/a>Dlaczego gromadzimy te dane?<\/p>\n<table>\n<tbody>\n<tr>\n<td width=\"208\"><strong>Rodzaje danych<\/strong><\/td>\n<td width=\"198\"><strong>Cele<\/strong><\/td>\n<td width=\"198\"><strong>Podstawa przetwarzania<\/strong><\/td>\n<\/tr>\n<tr>\n<td width=\"208\">nazwisko, imi\u0119, adres e-mail, przedsi\u0119biorstwo, w kt\u00f3rym Pa\u0144stwo pracuj\u0105, numer telefonu, adres, kod pocztowy i miasto<\/td>\n<td width=\"198\">\n<p>&#8211; odpowied\u017a na Pa\u0144stwa zapytanie<\/p>\n<p>&#8211; zarz\u0105dzanie nasz\u0105 komunikacj\u0105 zewn\u0119trzn\u0105 i finansow\u0105<\/p>\n<p>&nbsp;<\/p>\n<\/td>\n<td width=\"198\">\n<p><u>Umowa<\/u>: wykorzystanie tych danych jest niezb\u0119dne do udzielenia Pa\u0144stwu odpowiedzi.<\/p>\n<p><u>Zgoda<\/u>: wype\u0142niaj\u0105c formularz, wyrazili Pa\u0144stwo zgod\u0119 na wykorzystanie danych.<\/p>\n<\/td>\n<\/tr>\n<tr>\n<td width=\"208\">nazwisko, imi\u0119, adres, kod pocztowy i miejscowo\u015b\u0107, numer telefonu stacjonarnego i kom\u00f3rkowego, fax, e-mail, zdj\u0119cie i CV<\/td>\n<td width=\"198\">&#8211; rozpatrzenie Pa\u0144stwa aplikacji o prac\u0119 w Groupe Guillin<\/td>\n<td width=\"198\">\n<p><u>Umowa<\/u>: wykonanie dzia\u0142a\u0144 przed zawarciem umowy podj\u0119tych na Pa\u0144stwa \u00a0wniosek<\/p>\n<p><u>Zgoda<\/u>: Sk\u0142adaj\u0105c wniosek, wyra\u017caj\u0105 Pa\u0144stwo zgod\u0119 na analiz\u0119 Pa\u0144stwa danych.<\/p>\n<\/td>\n<\/tr>\n<\/tbody>\n<\/table>\n<p>&nbsp;<\/p>\n<p><a name=\"_Toc22133154\"><\/a>Jak d\u0142ugo przechowujemy Pa\u0144stwa dane?<\/p>\n<table>\n<tbody>\n<tr>\n<td rowspan=\"2\" width=\"94\"><\/td>\n<td rowspan=\"2\" width=\"236\">\n<p>&nbsp;<\/p>\n<p><strong>Dane z formularza kontaktowego<\/strong><\/p>\n<\/td>\n<td colspan=\"2\" width=\"274\"><strong>Dane z formularza rekrutacyjnego<\/strong><\/td>\n<\/tr>\n<tr>\n<td width=\"137\"><strong>Rekrutacja zako\u0144czy\u0142a si\u0119 sukcesem<\/strong><\/td>\n<td width=\"137\"><strong>Rekrutacja nie powiod\u0142a si\u0119<\/strong><\/td>\n<\/tr>\n<tr>\n<td width=\"94\">\n<p><strong>\u00a0<\/strong><\/p>\n<p><strong>\u00a0<\/strong><\/p>\n<p><strong>Przechowywanie<\/strong><\/p>\n<p><strong>w naszej aktywnej bazie danych<\/strong><\/p>\n<p><strong>\u00a0<\/strong><\/p>\n<\/td>\n<td width=\"236\">\n<p>&nbsp;<\/p>\n<p>&nbsp;<\/p>\n<p>&nbsp;<\/p>\n<p>&nbsp;<\/p>\n<p>3 lata od z\u0142o\u017cenia wniosku<\/p>\n<\/td>\n<td width=\"137\">\n<p>&nbsp;<\/p>\n<p>&nbsp;<\/p>\n<p>&nbsp;<\/p>\n<p>Przez ca\u0142y czas trwania umowy o prac\u0119<\/p>\n<\/td>\n<td width=\"137\">\n<p>&nbsp;<\/p>\n<p>&nbsp;<\/p>\n<p>&nbsp;<\/p>\n<p>2 lata od ostatniego kontaktu z osob\u0105 zainteresowan\u0105<\/p>\n<\/td>\n<\/tr>\n<tr>\n<td width=\"94\">\n<p><strong>\u00a0<\/strong><\/p>\n<p><strong>\u00a0<\/strong><\/p>\n<p><strong>Archiwum<\/strong><\/p>\n<p><strong>\u00a0<\/strong><\/p>\n<p><strong>\u00a0<\/strong><\/p>\n<p><strong>\u00a0<\/strong><\/p>\n<\/td>\n<td width=\"236\">\n<p>&nbsp;<\/p>\n<p>&nbsp;<\/p>\n<p>5 lat*<\/p>\n<\/td>\n<td width=\"137\">\n<p>&nbsp;<\/p>\n<p>&nbsp;<\/p>\n<p>5 lat*<\/p>\n<\/td>\n<td width=\"137\">\n<p>&nbsp;<\/p>\n<p>&nbsp;<\/p>\n<p>NIE &#8211; dane s\u0105 zniszczone<\/p>\n<\/td>\n<\/tr>\n<\/tbody>\n<\/table>\n<p>&nbsp;<\/p>\n<p>* Dane te s\u0105 archiwizowane przez 5 lat w celach dowodowych, zgodnie z przepisami francuskiego Kodeksu Cywilnego i Kodeksu Handlowego, zastrze\u017ceniem dochodzenia lub obrony roszcze\u0144.<\/p>\n<p>&nbsp;<\/p>\n<p><a name=\"_Toc22133155\"><\/a>Kto ma dost\u0119p do moich danych?<\/p>\n<p>W granicach nadanych uprawnie\u0144 i w celach wymienionych powy\u017cej, osobami, kt\u00f3re prawdopodobnie b\u0119d\u0105 mia\u0142y dost\u0119p do Pa\u0144stwa danych, s\u0105:<\/p>\n<p>&nbsp;<\/p>\n<ul>\n<li><u>W odniesieniu do danych zbieranych za po\u015brednictwem formularza kontaktowego i w zale\u017cno\u015bci od charakteru Pa\u0144stwa zapytania<\/u>: dzia\u0142 marketingu, dzia\u0142 sprzeda\u017cy, dzia\u0142 finansowy Guillin Polska i ewentualnie dzia\u0142 IT Groupe Guillin, do kt\u00f3rej nale\u017cy Guillin Polska.<\/li>\n<\/ul>\n<p>&nbsp;<\/p>\n<ul>\n<li><u>W odniesieniu do danych zbieranych za po\u015brednictwem formularza rekrutacyjnego<\/u>: osoby upowa\u017cnione z dzia\u0142u personalnego Guillin Polska oraz dzia\u0142u zajmuj\u0105cego si\u0119 rekrutacj\u0105<\/li>\n<\/ul>\n<p>&nbsp;<\/p>\n<p>&nbsp;<\/p>\n<p>&#8211;<u>W odniesieniu do wszystkich danych: <\/u><\/p>\n<p>&nbsp;<\/p>\n<ul>\n<li>Upowa\u017cniony personel naszych podwykonawc\u00f3w, taki jak hosting serwisu, kt\u00f3ry b\u0119dzie dzia\u0142a\u0142 zgodnie z wytycznymi Administratora danych<\/li>\n<li>Strony trzecie w przypadku, gdy otrzymamy \u017c\u0105danie od organu s\u0105dowego albo administracji publicznej, upowa\u017cnionej do tego przez prawo.<\/li>\n<\/ul>\n<p>&nbsp;<\/p>\n<h3><a name=\"_Toc22133156\"><\/a>Jakie mam prawa?<\/h3>\n<p>Zgodnie z przepisami przys\u0142uguj\u0105 Pa\u0144stwu nast\u0119puj\u0105ce prawa:<\/p>\n<ul>\n<li>prawo do weryfikacji i dost\u0119pu do przetwarzanych danych,<\/li>\n<li>prawo do sprostowania Pa\u0144stwa danych,<\/li>\n<li>prawo do sprzeciwu w odniesieniu do danych Pa\u0144stwa dotycz\u0105cych poprzez cofni\u0119cie zgody,<\/li>\n<li>prawo do usuni\u0119cia Pa\u0144stwa danych,<\/li>\n<li>prawo do przenoszenia Pa\u0144stwa danych, tj. uzyskania kopii Pa\u0144stwa danych w ustrukturyzowanym formacie nadaj\u0105cym si\u0119 do odczytu maszynowego,<\/li>\n<li>prawo do sprzeciwu wobec profilowania,<\/li>\n<li>prawo do wniesienia skargi do CNIL pod adresem www: <a href=\"https:\/\/www.cnil.fr\/fr\/plaintes\">https:\/\/www.cnil.fr\/fr\/plaintes<\/a>,<\/li>\n<li>prawo do formu\u0142owania instrukcji co do losu danych osobowych po Pa\u0144stwa \u015bmierci.<\/li>\n<\/ul>\n<p>&nbsp;<\/p>\n<p>Mo\u017cecie Pa\u0144stwo skorzysta\u0107 ze swoich praw, pisz\u0105c na adres:<\/p>\n<p>Groupe GUILLIN<\/p>\n<p>ZI Avenue du Mar\u00e9chal de Lattre de Tassigny<\/p>\n<p>25290 ORNANS<\/p>\n<p>&nbsp;<\/p>\n<p>albo wysy\u0142aj\u0105c e-mail na adres <a href=\"mailto:contactrgpd@groupeguillin.fr\">contactrgpd@groupeguillin.fr<\/a>.<\/p>\n<p>&nbsp;<\/p>\n<p>Udzielimy Pa\u0144stwu odpowiedzi tak szybko, jak b\u0119dzie to mo\u017cliwe, nie p\u00f3\u017aniej ni\u017c w ci\u0105gu miesi\u0105ca od daty otrzymania \u017c\u0105dania.<\/p>\n<p>W przypadku uzasadnionych w\u0105tpliwo\u015bci co do Pa\u0144stwa to\u017csamo\u015bci, mo\u017cemy poprosi\u0107 o dow\u00f3d to\u017csamo\u015bci.<\/p>\n<p>W tym ostatnim przypadku kopia Pa\u0144stwa dokumentu to\u017csamo\u015bci b\u0119dzie przechowywana przez rok w przypadku skorzystania z prawa do wgl\u0105du albo sprostowania, albo przez trzy lata w przypadku skorzystania z prawa do sprzeciwu zgodnie z przepisami francuskiego Kodeksu karnego.<\/p>\n<p>&nbsp;<\/p>\n<h3><a name=\"_Toc22133157\"><\/a>Czy dane przekazywane s\u0105 poza Uni\u0119 Europejsk\u0105?<\/h3>\n<p>Pa\u0144stwa dane nie s\u0105 przekazywane poza Uni\u0119 Europejsk\u0105<\/p>\n<p>&nbsp;<\/p>\n<h3><a name=\"_Toc22133158\"><\/a>Pliki cookies i \u015bledz\u0105ce<\/h3>\n<p>Plik cookie to plik tekstowy, kt\u00f3ry jest zapisywany na Pa\u0144stwa urz\u0105dzeniu (w szczeg\u00f3lno\u015bci na komputerze, tablecie, telefonie kom\u00f3rkowym), kiedy odwiedzaj\u0105 Pa\u0144stwo stron\u0119 internetow\u0105.<\/p>\n<p>Gromadzimy pliki cookies do cel\u00f3w statystycznych. Pliki cookies maj\u0105 \u017cywotno\u015b\u0107 wynosz\u0105c\u0105 13 miesi\u0119cy. Informacje zebrane za pomoc\u0105 plik\u00f3w cookies b\u0119d\u0105 przechowywane przez 25 miesi\u0119cy.<\/p>\n<p>Po klikni\u0119ciu na ikony odnosz\u0105ce si\u0119 do sieci spo\u0142eczno\u015bciowych, takich jak LinkedIn, Twitter i YouTube pojawiaj\u0105ce si\u0119 na naszej stronie,\u00a0 je\u015bli zaakceptowali Pa\u0144stwo zapisywanie plik\u00f3w cookies i kontynuuj\u0105 korzystanie z tych stron, LinkedIn, Twitter i YouTube mog\u0105 r\u00f3wnie\u017c zapisywa\u0107 pliki cookies na Pa\u0144stwa urz\u0105dzeniach.<\/p>\n<p>&nbsp;<\/p>\n<h3><a name=\"_Toc22133159\"><\/a>Jaki jest poziom ochrony?<\/h3>\n<p>Zastosowali\u015bmy odpowiednie \u015brodki techniczne i organizacyjne, aby zagwarantowa\u0107 poziom bezpiecze\u0144stwa dostosowany do ryzyka oraz uniemo\u017cliwi\u0107 zmian\u0119, modyfikacj\u0119, uszkodzenie Pa\u0144stwa danych oraz dost\u0119p do nich nieuprawnionym osobom trzecim.<\/p>\n<p>W zwi\u0105zku z tym dane przechowywane lokalnie s\u0105 chronione, a personel upowa\u017cniony do przetwarzania danych osobowych zosta\u0142 poinformowany o tej kwestii i zobowi\u0105zuje si\u0119 do zachowania \u015bcis\u0142ej poufno\u015bci.<\/p>\n<p>&nbsp;<\/p>\n<h3><a name=\"_Toc22133160\"><\/a>Zmiany w naszej Polityce prywatno\u015bci<\/h3>\n<p>Zastrzegamy sobie prawo do wprowadzenia zmian do niniejszej polityki prywatno\u015bci w celu dostosowania jej do zmian w przepisach prawa<\/p>\n<p><!-- \/divi:paragraph -->[\/et_pb_text][et_pb_button button_url=&#8221;@ET-DC@eyJkeW5hbWljIjp0cnVlLCJjb250ZW50IjoiaG9tZV91cmwiLCJzZXR0aW5ncyI6e319@&#8221; button_text=&#8221;Powr\u00f3t&#8221; button_alignment=&#8221;left&#8221; _builder_version=&#8221;4.8.1&#8243; _dynamic_attributes=&#8221;button_url&#8221; _module_preset=&#8221;default&#8221; custom_button=&#8221;on&#8221; button_text_size=&#8221;15px&#8221; button_text_color=&#8221;#ffffff&#8221; button_bg_color=&#8221;#21aa6b&#8221; button_border_width=&#8221;0px&#8221; button_border_radius=&#8221;25px&#8221; button_font=&#8221;|600||on|||||&#8221; custom_margin=&#8221;0px||0px||false|false&#8221; custom_margin_tablet=&#8221;&#8221; custom_margin_phone=&#8221;||30px||false|false&#8221; custom_margin_last_edited=&#8221;on|phone&#8221; custom_padding=&#8221;4px||4px||true|false&#8221; locked=&#8221;off&#8221;][\/et_pb_button][\/et_pb_column][\/et_pb_row][\/et_pb_section]<\/p>\n","protected":false},"excerpt":{"rendered":"<p>Witryna www.groupeguillin.fr jest witryn\u0105 instytucjonaln\u0105. W \u017cadnym przypadku nie jest to witryna handlowa. Celem niniejszej polityki prywatno\u015bci jest wyja\u015bnienie, dlaczego i w jaki spos\u00f3b przetwarzane s\u0105 powierzone nam dane osobowe, zgodnie z francusk\u0105 ustaw\u0105 78-17 \u201eInformatique et Libert\u00e9s\u201d (Informatyka i wolno\u015bci) z dnia 6 stycznia 1978 r. z p\u00f3\u017aniejszymi zmianami oraz Rozporz\u0105dzeniem UE 2016\/679 z [&hellip;]<\/p>\n","protected":false},"author":1,"featured_media":0,"parent":0,"menu_order":0,"comment_status":"closed","ping_status":"open","template":"","meta":{"_acf_changed":false,"_et_pb_use_builder":"on","_et_pb_old_content":"","_et_gb_content_width":"","footnotes":""},"class_list":["post-10992","page","type-page","status-publish","hentry"],"acf":[],"yoast_head":"<!-- This site is optimized with the Yoast SEO plugin v27.3 - https:\/\/yoast.com\/product\/yoast-seo-wordpress\/ -->\n<title>Polityka prywatno\u015bci - Groupe GUILLIN<\/title>\n<meta name=\"description\" content=\"Le Groupe GUILLIN est le r\u00e9f\u00e9rent europ\u00e9en de l&#039;emballage plastique alimentaire\" \/>\n<meta name=\"robots\" content=\"index, follow, max-snippet:-1, max-image-preview:large, max-video-preview:-1\" \/>\n<link rel=\"canonical\" href=\"https:\/\/www.groupeguillin.fr\/pl\/polityka-prywatnosci\/\" \/>\n<meta property=\"og:locale\" content=\"pl_PL\" \/>\n<meta property=\"og:type\" content=\"article\" \/>\n<meta property=\"og:title\" content=\"Polityka prywatno\u015bci - Groupe GUILLIN\" \/>\n<meta property=\"og:description\" content=\"Le Groupe GUILLIN est le r\u00e9f\u00e9rent europ\u00e9en de l&#039;emballage plastique alimentaire\" \/>\n<meta property=\"og:url\" content=\"https:\/\/www.groupeguillin.fr\/pl\/polityka-prywatnosci\/\" \/>\n<meta property=\"og:site_name\" content=\"Groupe GUILLIN\" \/>\n<meta property=\"article:modified_time\" content=\"2022-04-05T08:40:37+00:00\" \/>\n<meta property=\"og:image\" content=\"https:\/\/www.groupeguillin.fr\/wp-content\/uploads\/2020\/09\/Logo-guillin-1.png\" \/>\n\t<meta property=\"og:image:width\" content=\"1172\" \/>\n\t<meta property=\"og:image:height\" content=\"300\" \/>\n\t<meta property=\"og:image:type\" content=\"image\/png\" \/>\n<meta name=\"twitter:card\" content=\"summary_large_image\" \/>\n<meta name=\"twitter:label1\" content=\"Est. reading time\" \/>\n\t<meta name=\"twitter:data1\" content=\"8 minutes\" \/>\n<script type=\"application\/ld+json\" class=\"yoast-schema-graph\">{\"@context\":\"https:\\\/\\\/schema.org\",\"@graph\":[{\"@type\":\"WebPage\",\"@id\":\"https:\\\/\\\/www.groupeguillin.fr\\\/pl\\\/polityka-prywatnosci\\\/\",\"url\":\"https:\\\/\\\/www.groupeguillin.fr\\\/pl\\\/polityka-prywatnosci\\\/\",\"name\":\"Polityka prywatno\u015bci - Groupe GUILLIN\",\"isPartOf\":{\"@id\":\"https:\\\/\\\/www.groupeguillin.fr\\\/pl\\\/#website\"},\"datePublished\":\"2022-04-04T07:51:53+00:00\",\"dateModified\":\"2022-04-05T08:40:37+00:00\",\"description\":\"Le Groupe GUILLIN est le r\u00e9f\u00e9rent europ\u00e9en de l'emballage plastique alimentaire\",\"breadcrumb\":{\"@id\":\"https:\\\/\\\/www.groupeguillin.fr\\\/pl\\\/polityka-prywatnosci\\\/#breadcrumb\"},\"inLanguage\":\"pl-PL\",\"potentialAction\":[{\"@type\":\"ReadAction\",\"target\":[\"https:\\\/\\\/www.groupeguillin.fr\\\/pl\\\/polityka-prywatnosci\\\/\"]}]},{\"@type\":\"BreadcrumbList\",\"@id\":\"https:\\\/\\\/www.groupeguillin.fr\\\/pl\\\/polityka-prywatnosci\\\/#breadcrumb\",\"itemListElement\":[{\"@type\":\"ListItem\",\"position\":1,\"name\":\"Accueil\",\"item\":\"https:\\\/\\\/www.groupeguillin.fr\\\/pl\\\/\"},{\"@type\":\"ListItem\",\"position\":2,\"name\":\"Polityka prywatno\u015bci\"}]},{\"@type\":\"WebSite\",\"@id\":\"https:\\\/\\\/www.groupeguillin.fr\\\/pl\\\/#website\",\"url\":\"https:\\\/\\\/www.groupeguillin.fr\\\/pl\\\/\",\"name\":\"Groupe GUILLIN\",\"description\":\"We protect your food\",\"publisher\":{\"@id\":\"https:\\\/\\\/www.groupeguillin.fr\\\/pl\\\/#organization\"},\"potentialAction\":[{\"@type\":\"SearchAction\",\"target\":{\"@type\":\"EntryPoint\",\"urlTemplate\":\"https:\\\/\\\/www.groupeguillin.fr\\\/pl\\\/?s={search_term_string}\"},\"query-input\":{\"@type\":\"PropertyValueSpecification\",\"valueRequired\":true,\"valueName\":\"search_term_string\"}}],\"inLanguage\":\"pl-PL\"},{\"@type\":\"Organization\",\"@id\":\"https:\\\/\\\/www.groupeguillin.fr\\\/pl\\\/#organization\",\"name\":\"Groupe GUILLIN\",\"url\":\"https:\\\/\\\/www.groupeguillin.fr\\\/pl\\\/\",\"logo\":{\"@type\":\"ImageObject\",\"inLanguage\":\"pl-PL\",\"@id\":\"https:\\\/\\\/www.groupeguillin.fr\\\/pl\\\/#\\\/schema\\\/logo\\\/image\\\/\",\"url\":\"https:\\\/\\\/www.groupeguillin.fr\\\/wp-content\\\/uploads\\\/2020\\\/09\\\/Logo-guillin-1.png\",\"contentUrl\":\"https:\\\/\\\/www.groupeguillin.fr\\\/wp-content\\\/uploads\\\/2020\\\/09\\\/Logo-guillin-1.png\",\"width\":1172,\"height\":300,\"caption\":\"Groupe GUILLIN\"},\"image\":{\"@id\":\"https:\\\/\\\/www.groupeguillin.fr\\\/pl\\\/#\\\/schema\\\/logo\\\/image\\\/\"},\"sameAs\":[\"https:\\\/\\\/www.instagram.com\\\/groupeguillin\\\/\",\"https:\\\/\\\/www.linkedin.com\\\/company\\\/guillin-emballages\\\/\",\"https:\\\/\\\/www.youtube.com\\\/channel\\\/UCS-Q4Qkgd1bN9pdIPGRjogQ\"]}]}<\/script>\n<!-- \/ Yoast SEO plugin. -->","yoast_head_json":{"title":"Polityka prywatno\u015bci - Groupe GUILLIN","description":"Le Groupe GUILLIN est le r\u00e9f\u00e9rent europ\u00e9en de l'emballage plastique alimentaire","robots":{"index":"index","follow":"follow","max-snippet":"max-snippet:-1","max-image-preview":"max-image-preview:large","max-video-preview":"max-video-preview:-1"},"canonical":"https:\/\/www.groupeguillin.fr\/pl\/polityka-prywatnosci\/","og_locale":"pl_PL","og_type":"article","og_title":"Polityka prywatno\u015bci - Groupe GUILLIN","og_description":"Le Groupe GUILLIN est le r\u00e9f\u00e9rent europ\u00e9en de l'emballage plastique alimentaire","og_url":"https:\/\/www.groupeguillin.fr\/pl\/polityka-prywatnosci\/","og_site_name":"Groupe GUILLIN","article_modified_time":"2022-04-05T08:40:37+00:00","og_image":[{"width":1172,"height":300,"url":"https:\/\/www.groupeguillin.fr\/wp-content\/uploads\/2020\/09\/Logo-guillin-1.png","type":"image\/png"}],"twitter_card":"summary_large_image","twitter_misc":{"Est. reading time":"8 minutes"},"schema":{"@context":"https:\/\/schema.org","@graph":[{"@type":"WebPage","@id":"https:\/\/www.groupeguillin.fr\/pl\/polityka-prywatnosci\/","url":"https:\/\/www.groupeguillin.fr\/pl\/polityka-prywatnosci\/","name":"Polityka prywatno\u015bci - Groupe GUILLIN","isPartOf":{"@id":"https:\/\/www.groupeguillin.fr\/pl\/#website"},"datePublished":"2022-04-04T07:51:53+00:00","dateModified":"2022-04-05T08:40:37+00:00","description":"Le Groupe GUILLIN est le r\u00e9f\u00e9rent europ\u00e9en de l'emballage plastique alimentaire","breadcrumb":{"@id":"https:\/\/www.groupeguillin.fr\/pl\/polityka-prywatnosci\/#breadcrumb"},"inLanguage":"pl-PL","potentialAction":[{"@type":"ReadAction","target":["https:\/\/www.groupeguillin.fr\/pl\/polityka-prywatnosci\/"]}]},{"@type":"BreadcrumbList","@id":"https:\/\/www.groupeguillin.fr\/pl\/polityka-prywatnosci\/#breadcrumb","itemListElement":[{"@type":"ListItem","position":1,"name":"Accueil","item":"https:\/\/www.groupeguillin.fr\/pl\/"},{"@type":"ListItem","position":2,"name":"Polityka prywatno\u015bci"}]},{"@type":"WebSite","@id":"https:\/\/www.groupeguillin.fr\/pl\/#website","url":"https:\/\/www.groupeguillin.fr\/pl\/","name":"Groupe GUILLIN","description":"We protect your food","publisher":{"@id":"https:\/\/www.groupeguillin.fr\/pl\/#organization"},"potentialAction":[{"@type":"SearchAction","target":{"@type":"EntryPoint","urlTemplate":"https:\/\/www.groupeguillin.fr\/pl\/?s={search_term_string}"},"query-input":{"@type":"PropertyValueSpecification","valueRequired":true,"valueName":"search_term_string"}}],"inLanguage":"pl-PL"},{"@type":"Organization","@id":"https:\/\/www.groupeguillin.fr\/pl\/#organization","name":"Groupe GUILLIN","url":"https:\/\/www.groupeguillin.fr\/pl\/","logo":{"@type":"ImageObject","inLanguage":"pl-PL","@id":"https:\/\/www.groupeguillin.fr\/pl\/#\/schema\/logo\/image\/","url":"https:\/\/www.groupeguillin.fr\/wp-content\/uploads\/2020\/09\/Logo-guillin-1.png","contentUrl":"https:\/\/www.groupeguillin.fr\/wp-content\/uploads\/2020\/09\/Logo-guillin-1.png","width":1172,"height":300,"caption":"Groupe GUILLIN"},"image":{"@id":"https:\/\/www.groupeguillin.fr\/pl\/#\/schema\/logo\/image\/"},"sameAs":["https:\/\/www.instagram.com\/groupeguillin\/","https:\/\/www.linkedin.com\/company\/guillin-emballages\/","https:\/\/www.youtube.com\/channel\/UCS-Q4Qkgd1bN9pdIPGRjogQ"]}]}},"publishpress_future_action":{"enabled":false,"date":"2026-04-14 14:25:15","action":"change-status","newStatus":"draft","terms":[],"taxonomy":"translation_priority","extraData":[]},"publishpress_future_workflow_manual_trigger":{"enabledWorkflows":[]},"_links":{"self":[{"href":"https:\/\/www.groupeguillin.fr\/pl\/wp-json\/wp\/v2\/pages\/10992","targetHints":{"allow":["GET"]}}],"collection":[{"href":"https:\/\/www.groupeguillin.fr\/pl\/wp-json\/wp\/v2\/pages"}],"about":[{"href":"https:\/\/www.groupeguillin.fr\/pl\/wp-json\/wp\/v2\/types\/page"}],"author":[{"embeddable":true,"href":"https:\/\/www.groupeguillin.fr\/pl\/wp-json\/wp\/v2\/users\/1"}],"replies":[{"embeddable":true,"href":"https:\/\/www.groupeguillin.fr\/pl\/wp-json\/wp\/v2\/comments?post=10992"}],"version-history":[{"count":21,"href":"https:\/\/www.groupeguillin.fr\/pl\/wp-json\/wp\/v2\/pages\/10992\/revisions"}],"predecessor-version":[{"id":11049,"href":"https:\/\/www.groupeguillin.fr\/pl\/wp-json\/wp\/v2\/pages\/10992\/revisions\/11049"}],"wp:attachment":[{"href":"https:\/\/www.groupeguillin.fr\/pl\/wp-json\/wp\/v2\/media?parent=10992"}],"curies":[{"name":"wp","href":"https:\/\/api.w.org\/{rel}","templated":true}]}}