{"id":14652,"date":"2023-02-08T16:30:21","date_gmt":"2023-02-08T15:30:21","guid":{"rendered":"https:\/\/www.groupeguillin.fr\/performance-et-services\/"},"modified":"2023-10-03T16:52:51","modified_gmt":"2023-10-03T14:52:51","slug":"performance-e-servizi","status":"publish","type":"page","link":"https:\/\/www.groupeguillin.fr\/it\/performance-e-servizi\/","title":{"rendered":"PERFORMANCE E SERVIZI"},"content":{"rendered":"<p>[et_pb_section fb_built=&#8221;1&#8243; fullwidth=&#8221;on&#8221; _builder_version=&#8221;4.8.1&#8243; _module_preset=&#8221;default&#8221;][et_pb_fullwidth_image src=&#8221;https:\/\/www.groupeguillin.fr\/wp-content\/uploads\/2020\/09\/Performance_guillin_header-scaled.jpg&#8221; title_text=&#8221;Performance_guillin_header&#8221; _builder_version=&#8221;4.7.0&#8243; _module_preset=&#8221;default&#8221; transform_scale_tablet=&#8221;&#8221; transform_scale_phone=&#8221;&#8221; transform_scale_last_edited=&#8221;on|desktop&#8221; transform_translate=&#8221;0px|-182px&#8221; transform_translate_tablet=&#8221;0px|0px&#8221; transform_translate_phone=&#8221;0px|0px&#8221; transform_translate_last_edited=&#8221;on|tablet&#8221; transform_translate_linked=&#8221;off&#8221; transform_rotate_tablet=&#8221;&#8221; transform_rotate_phone=&#8221;&#8221; transform_rotate_last_edited=&#8221;on|desktop&#8221; transform_skew_tablet=&#8221;&#8221; transform_skew_phone=&#8221;&#8221; transform_skew_last_edited=&#8221;on|desktop&#8221; transform_origin_tablet=&#8221;&#8221; transform_origin_phone=&#8221;&#8221; transform_origin_last_edited=&#8221;on|desktop&#8221; transform_styles_last_edited=&#8221;on|tablet&#8221; max_height=&#8221;550px&#8221; transform_styles_tablet=&#8221;&#8221; transform_styles_phone=&#8221;&#8221;][\/et_pb_fullwidth_image][\/et_pb_section][et_pb_section fb_built=&#8221;1&#8243; _builder_version=&#8221;4.5.2&#8243; _module_preset=&#8221;default&#8221; background_color=&#8221;#ffffff&#8221; custom_padding=&#8221;0px||0px||false|false&#8221;][et_pb_row _builder_version=&#8221;4.5.2&#8243; _module_preset=&#8221;default&#8221; custom_margin=&#8221;||0px||false|false&#8221; custom_padding=&#8221;30px||30px||true|false&#8221; animation_style=&#8221;fade&#8221;][et_pb_column type=&#8221;4_4&#8243; _builder_version=&#8221;4.5.2&#8243; _module_preset=&#8221;default&#8221;][et_pb_text _builder_version=&#8221;4.7.3&#8243; _module_preset=&#8221;default&#8221; header_2_font=&#8221;|700|||||||&#8221; header_2_text_align=&#8221;center&#8221; header_2_font_size=&#8221;28px&#8221;]<\/p>\n<h2>QUALIT\u00c0, GAMMA, SERVIZIO: LA TRILOGIA DELLA PERFORMANCE<\/h2>\n<p>[\/et_pb_text][\/et_pb_column][\/et_pb_row][et_pb_row column_structure=&#8221;1_2,1_2&#8243; _builder_version=&#8221;4.5.2&#8243; _module_preset=&#8221;default&#8221; custom_padding=&#8221;0px||20px||false|false&#8221; animation_style=&#8221;fade&#8221;][et_pb_column type=&#8221;1_2&#8243; _builder_version=&#8221;4.5.2&#8243; _module_preset=&#8221;default&#8221;][et_pb_text _builder_version=&#8221;4.5.2&#8243; _module_preset=&#8221;default&#8221; header_2_font=&#8221;|700|||||||&#8221; header_2_text_align=&#8221;center&#8221; header_2_font_size=&#8221;28px&#8221;]<\/p>\n<p>Abbiamo sviluppato una duplice eccellenza industriale e logistica che ci permette di proporre ampie gamme di prodotti e di trasformare le complesse problematiche dei clienti in soluzioni semplici, per fornire un servizio unico, reattivo e irreprensibile.<br \/>La qualit\u00e0 \u00e8 riconosciuta dalle certificazioni ISO e BRC di tutte le imprese del Gruppo ed \u00e8 sottoposta ad azioni di sensibilizzazione e di controlli regolari. <\/p>\n<p>[\/et_pb_text][\/et_pb_column][et_pb_column type=&#8221;1_2&#8243; _builder_version=&#8221;4.5.2&#8243; _module_preset=&#8221;default&#8221;][et_pb_text _builder_version=&#8221;4.5.2&#8243; _module_preset=&#8221;default&#8221; header_2_font=&#8221;|700|||||||&#8221; header_2_text_align=&#8221;center&#8221; header_2_font_size=&#8221;28px&#8221;]<\/p>\n<p>La politica di gamma \u00e8 illustrata mediante la produzione di un insieme di prodotti omogenei, standard e specifici, che offrono un vero valore aggiunto di marketing per rispondere alla domanda di segmenti di mercato diversi. Infine, lo spirito di servizio che anima ogni collaboratore si basa sul saper prevedere le necessit\u00e0 e poggia su una organizzazione logistica rigorosa e reattiva.<\/p>\n<p>[\/et_pb_text][\/et_pb_column][\/et_pb_row][\/et_pb_section][et_pb_section fb_built=&#8221;1&#8243; _builder_version=&#8221;4.7.2&#8243; _module_preset=&#8221;default&#8221; background_color=&#8221;#1c82b4&#8243; custom_padding=&#8221;0px||0px||true|false&#8221; hover_transition_duration=&#8221;200ms&#8221; hover_transition_speed_curve=&#8221;ease-in&#8221;][et_pb_row column_structure=&#8221;1_2,1_2&#8243; use_custom_gutter=&#8221;on&#8221; gutter_width=&#8221;1&#8243; _builder_version=&#8221;4.5.2&#8243; _module_preset=&#8221;default&#8221; background_enable_color=&#8221;off&#8221; max_width=&#8221;1600px&#8221; custom_margin=&#8221;||||false|true&#8221; custom_padding=&#8221;30px||30px||true|false&#8221; animation_style=&#8221;fade&#8221;][et_pb_column type=&#8221;1_2&#8243; _builder_version=&#8221;4.5.2&#8243; _module_preset=&#8221;default&#8221; custom_padding=&#8221;|2%||2%|false|true&#8221;][et_pb_code _builder_version=&#8221;4.7.6&#8243; _module_preset=&#8221;default&#8221; custom_margin_tablet=&#8221;||50px||false|false&#8221; custom_margin_phone=&#8221;||50px||false|false&#8221; custom_margin_last_edited=&#8221;on|tablet&#8221;]<iframe width=\"560\" height=\"315\" src=\"https:\/\/www.youtube.com\/embed\/JLQqxtXM8K4?rel=0\" frameborder=\"0\" allow=\"accelerometer; autoplay; clipboard-write; encrypted-media; gyroscope; picture-in-picture\" allowfullscreen><\/iframe>[\/et_pb_code][\/et_pb_column][et_pb_column type=&#8221;1_2&#8243; _builder_version=&#8221;4.5.2&#8243; _module_preset=&#8221;default&#8221; custom_padding=&#8221;|2%||2%|false|true&#8221;][et_pb_code _builder_version=&#8221;4.8.1&#8243; _module_preset=&#8221;default&#8221; custom_margin_tablet=&#8221;||50px||false|false&#8221; custom_margin_phone=&#8221;||50px||false|false&#8221; custom_margin_last_edited=&#8221;on|tablet&#8221;]<iframe width=\"727\" height=\"409\" src=\"https:\/\/www.youtube.com\/embed\/lx-jcFsSugs?list=PLEmYDBgRbYaM1iDldzYEIrPYUOaQYwl4_\" frameborder=\"0\" allow=\"accelerometer; autoplay; clipboard-write; encrypted-media; gyroscope; picture-in-picture\" allowfullscreen><\/iframe>[\/et_pb_code][\/et_pb_column][\/et_pb_row][et_pb_row column_structure=&#8221;1_2,1_2&#8243; use_custom_gutter=&#8221;on&#8221; gutter_width=&#8221;1&#8243; _builder_version=&#8221;4.5.2&#8243; _module_preset=&#8221;default&#8221; background_enable_color=&#8221;off&#8221; max_width=&#8221;1600px&#8221; custom_margin=&#8221;||||false|true&#8221; custom_padding=&#8221;30px||30px||true|false&#8221; animation_style=&#8221;fade&#8221;][et_pb_column type=&#8221;1_2&#8243; _builder_version=&#8221;4.5.2&#8243; _module_preset=&#8221;default&#8221; custom_padding=&#8221;|2%||2%|false|true&#8221;][et_pb_code _builder_version=&#8221;4.7.6&#8243; _module_preset=&#8221;default&#8221; custom_margin_tablet=&#8221;||50px||false|false&#8221; custom_margin_phone=&#8221;||50px||false|false&#8221; custom_margin_last_edited=&#8221;on|tablet&#8221;]<iframe width=\"560\" height=\"315\" src=\"https:\/\/www.youtube.com\/embed\/nXDPTMxHE0A?rel=0\" frameborder=\"0\" allow=\"accelerometer; autoplay; clipboard-write; encrypted-media; gyroscope; picture-in-picture\" allowfullscreen><\/iframe>[\/et_pb_code][\/et_pb_column][et_pb_column type=&#8221;1_2&#8243; _builder_version=&#8221;4.5.2&#8243; _module_preset=&#8221;default&#8221; custom_padding=&#8221;|2%||2%|false|true&#8221;][et_pb_code _builder_version=&#8221;4.8.1&#8243; _module_preset=&#8221;default&#8221; custom_margin_tablet=&#8221;||50px||false|false&#8221; custom_margin_phone=&#8221;||50px||false|false&#8221; custom_margin_last_edited=&#8221;on|tablet&#8221;]<iframe width=\"727\" height=\"409\" src=\"https:\/\/www.youtube.com\/embed\/hIbB3nOL13Q?list=PLEmYDBgRbYaM1iDldzYEIrPYUOaQYwl4_\" frameborder=\"0\" allow=\"accelerometer; autoplay; clipboard-write; encrypted-media; gyroscope; picture-in-picture\" allowfullscreen><\/iframe>[\/et_pb_code][\/et_pb_column][\/et_pb_row][et_pb_row column_structure=&#8221;1_2,1_2&#8243; use_custom_gutter=&#8221;on&#8221; gutter_width=&#8221;1&#8243; _builder_version=&#8221;4.5.2&#8243; _module_preset=&#8221;default&#8221; background_enable_color=&#8221;off&#8221; max_width=&#8221;1600px&#8221; custom_margin=&#8221;||||false|true&#8221; custom_padding=&#8221;30px||30px||true|false&#8221; animation_style=&#8221;fade&#8221;][et_pb_column type=&#8221;1_2&#8243; _builder_version=&#8221;4.5.2&#8243; _module_preset=&#8221;default&#8221; custom_padding=&#8221;|2%||2%|false|true&#8221;][et_pb_code _builder_version=&#8221;4.8.1&#8243; _module_preset=&#8221;default&#8221; custom_margin_tablet=&#8221;||50px||false|false&#8221; custom_margin_phone=&#8221;||50px||false|false&#8221; custom_margin_last_edited=&#8221;on|tablet&#8221;]<iframe width=\"727\" height=\"409\" src=\"https:\/\/www.youtube.com\/embed\/WdX63h0dqrw?list=PLEmYDBgRbYaM1iDldzYEIrPYUOaQYwl4_\" frameborder=\"0\" allow=\"accelerometer; autoplay; clipboard-write; encrypted-media; gyroscope; picture-in-picture\" allowfullscreen><\/iframe>[\/et_pb_code][\/et_pb_column][et_pb_column type=&#8221;1_2&#8243; _builder_version=&#8221;4.5.2&#8243; _module_preset=&#8221;default&#8221; custom_padding=&#8221;|2%||2%|false|true&#8221;][et_pb_code _builder_version=&#8221;4.8.1&#8243; _module_preset=&#8221;default&#8221; custom_margin_tablet=&#8221;||50px||false|false&#8221; custom_margin_phone=&#8221;||50px||false|false&#8221; custom_margin_last_edited=&#8221;on|tablet&#8221;]<iframe width=\"727\" height=\"409\" src=\"https:\/\/www.youtube.com\/embed\/h_q_Q7CTof4?list=PLEmYDBgRbYaM1iDldzYEIrPYUOaQYwl4_\" frameborder=\"0\" allow=\"accelerometer; autoplay; clipboard-write; encrypted-media; gyroscope; picture-in-picture\" allowfullscreen><\/iframe>[\/et_pb_code][\/et_pb_column][\/et_pb_row][\/et_pb_section][et_pb_section fb_built=&#8221;1&#8243; module_class=&#8221;produits-phares&#8221; _builder_version=&#8221;4.5.2&#8243; _module_preset=&#8221;default&#8221; background_color=&#8221;#ffffff&#8221; custom_padding=&#8221;0px||0px||true|false&#8221; hover_transition_duration=&#8221;200ms&#8221;][et_pb_row _builder_version=&#8221;4.5.2&#8243; _module_preset=&#8221;default&#8221; max_width=&#8221;1600px&#8221; custom_padding=&#8221;30px||20px||false|false&#8221; animation_style=&#8221;fade&#8221;][et_pb_column type=&#8221;4_4&#8243; _builder_version=&#8221;4.5.2&#8243; _module_preset=&#8221;default&#8221;][et_pb_text _builder_version=&#8221;4.8.0&#8243; _module_preset=&#8221;default&#8221; text_font=&#8221;|800|||||||&#8221; header_3_font=&#8221;|700|||||||&#8221; header_3_text_align=&#8221;center&#8221; header_3_font_size=&#8221;28px&#8221; module_alignment=&#8221;center&#8221; custom_margin=&#8221;||0px||false|false&#8221; custom_padding=&#8221;||0px||false|false&#8221;]<\/p>\n<h3>LE NOSTRE TECNOLOGIE<\/h3>\n<p>[\/et_pb_text][et_pb_gallery gallery_ids=&#8221;16107,16101,16095&#8243; fullwidth=&#8221;on&#8221; _builder_version=&#8221;4.8.1&#8243; _module_preset=&#8221;default&#8221; width=&#8221;90%&#8221; width_tablet=&#8221;&#8221; width_phone=&#8221;100%&#8221; width_last_edited=&#8221;on|phone&#8221; module_alignment=&#8221;center&#8221; hover_enabled=&#8221;0&#8243; sticky_enabled=&#8221;0&#8243;][\/et_pb_gallery][\/et_pb_column][\/et_pb_row][\/et_pb_section][et_pb_section fb_built=&#8221;1&#8243; _builder_version=&#8221;4.5.2&#8243; _module_preset=&#8221;default&#8221; background_color=&#8221;#ededed&#8221; custom_padding=&#8221;0px||0px||true|false&#8221; locked=&#8221;off&#8221;][et_pb_row _builder_version=&#8221;4.5.2&#8243; _module_preset=&#8221;default&#8221; custom_padding=&#8221;30px||20px||false|false&#8221; animation_style=&#8221;fade&#8221;][et_pb_column type=&#8221;4_4&#8243; _builder_version=&#8221;4.5.2&#8243; _module_preset=&#8221;default&#8221;][et_pb_text _builder_version=&#8221;4.5.2&#8243; _module_preset=&#8221;default&#8221; text_font=&#8221;|800|||||||&#8221; header_3_font=&#8221;|700|||||||&#8221; header_3_text_align=&#8221;center&#8221; header_3_font_size=&#8221;28px&#8221; module_alignment=&#8221;center&#8221; custom_margin=&#8221;||0px||false|false&#8221; custom_padding=&#8221;||0px||false|false&#8221;]<\/p>\n<h3>DICONO DI NOI<\/h3>\n<p>[\/et_pb_text][\/et_pb_column][\/et_pb_row][et_pb_row column_structure=&#8221;1_2,1_2&#8243; _builder_version=&#8221;4.8.1&#8243; _module_preset=&#8221;default&#8221; custom_padding=&#8221;17px|||||&#8221;][et_pb_column type=&#8221;1_2&#8243; _builder_version=&#8221;4.5.2&#8243; _module_preset=&#8221;default&#8221;][et_pb_testimonial author=&#8221;JENNIFER ANDRE&#8221; job_title=&#8221;Rappresentante della marca Grobusch, Lussemburgo&#8221; portrait_url=&#8221;data:image\/svg+xml;base64,PHN2ZyB3aWR0aD0iNTAwIiBoZWlnaHQ9IjUwMCIgdmlld0JveD0iMCAwIDUwMCA1MDAiIHhtbG5zPSJodHRwOi8vd3d3LnczLm9yZy8yMDAwL3N2ZyI+CiAgICA8ZyBmaWxsPSJub25lIiBmaWxsLXJ1bGU9ImV2ZW5vZGQiPgogICAgICAgIDxwYXRoIGZpbGw9IiNFQkVCRUIiIGQ9Ik0wIDBoNTAwdjUwMEgweiIvPgogICAgICAgIDxyZWN0IGZpbGwtb3BhY2l0eT0iLjEiIGZpbGw9IiMwMDAiIHg9IjY4IiB5PSIzMDUiIHdpZHRoPSIzNjQiIGhlaWdodD0iNTY4IiByeD0iMTgyIi8+CiAgICAgICAgPGNpcmNsZSBmaWxsLW9wYWNpdHk9Ii4xIiBmaWxsPSIjMDAwIiBjeD0iMjQ5IiBjeT0iMTcyIiByPSIxMDAiLz4KICAgIDwvZz4KPC9zdmc+Cg==&#8221; quote_icon_color=&#8221;#ffffff&#8221; quote_icon_background_color=&#8221;#52A770&#8243; portrait_width=&#8221;1px&#8221; portrait_height=&#8221;1px&#8221; use_icon_font_size=&#8221;on&#8221; icon_font_size=&#8221;60px&#8221; module_class=&#8221;temoignage-no-photo&#8221; _builder_version=&#8221;4.7.2&#8243; _module_preset=&#8221;default&#8221; body_font=&#8221;||||||||&#8221; body_text_align=&#8221;justify&#8221; author_text_color=&#8221;#52A770&#8243; author_font_size=&#8221;20px&#8221; position_font=&#8221;||||||||&#8221; position_text_color=&#8221;#52A770&#8243; background_color=&#8221;rgba(255,255,255,0)&#8221; width=&#8221;80%&#8221; module_alignment=&#8221;center&#8221; custom_margin=&#8221;0px|||0px|false|false&#8221; custom_padding=&#8221;||0px|0px|false|false&#8221;]<\/p>\n<p>DYNAPLAST e il Gruppo GUILLIN ci accompagnano in tutti i nostri progetti. Con la loro professionalit\u00e0 e attenzione, sanno sempre soddisfare le nostre necessit\u00e0.<\/p>\n<p>Il rapporto con il cliente, la risposta, l\u2019efficacia e la qualit\u00e0 dei prodotti sono i loro punti forti che consolidano la nostra collaborazione. Raccomandiamo vivamente il Gruppo GUILLIN<\/p>\n<p>[\/et_pb_testimonial][\/et_pb_column][et_pb_column type=&#8221;1_2&#8243; _builder_version=&#8221;4.5.2&#8243; _module_preset=&#8221;default&#8221;][et_pb_testimonial author=&#8221;GIUSEPPE CASALOTTO&#8221; job_title=&#8221;Finser Packaging SA, Svizzera&#8221; portrait_url=&#8221;data:image\/svg+xml;base64,PHN2ZyB3aWR0aD0iNTAwIiBoZWlnaHQ9IjUwMCIgdmlld0JveD0iMCAwIDUwMCA1MDAiIHhtbG5zPSJodHRwOi8vd3d3LnczLm9yZy8yMDAwL3N2ZyI+CiAgICA8ZyBmaWxsPSJub25lIiBmaWxsLXJ1bGU9ImV2ZW5vZGQiPgogICAgICAgIDxwYXRoIGZpbGw9IiNFQkVCRUIiIGQ9Ik0wIDBoNTAwdjUwMEgweiIvPgogICAgICAgIDxyZWN0IGZpbGwtb3BhY2l0eT0iLjEiIGZpbGw9IiMwMDAiIHg9IjY4IiB5PSIzMDUiIHdpZHRoPSIzNjQiIGhlaWdodD0iNTY4IiByeD0iMTgyIi8+CiAgICAgICAgPGNpcmNsZSBmaWxsLW9wYWNpdHk9Ii4xIiBmaWxsPSIjMDAwIiBjeD0iMjQ5IiBjeT0iMTcyIiByPSIxMDAiLz4KICAgIDwvZz4KPC9zdmc+Cg==&#8221; quote_icon_color=&#8221;#ffffff&#8221; quote_icon_background_color=&#8221;#52A770&#8243; portrait_width=&#8221;1px&#8221; portrait_height=&#8221;1px&#8221; use_icon_font_size=&#8221;on&#8221; icon_font_size=&#8221;60px&#8221; module_class=&#8221;temoignage-no-photo&#8221; _builder_version=&#8221;4.8.0&#8243; _module_preset=&#8221;default&#8221; body_font=&#8221;||||||||&#8221; body_text_align=&#8221;justify&#8221; author_text_color=&#8221;#52A770&#8243; author_font_size=&#8221;20px&#8221; position_font=&#8221;||||||||&#8221; position_text_color=&#8221;#52A770&#8243; background_color=&#8221;rgba(255,255,255,0)&#8221; width=&#8221;80%&#8221; module_alignment=&#8221;center&#8221; custom_margin=&#8221;0px|||0px|false|false&#8221; custom_padding=&#8221;||0px|0px|false|false&#8221;]<\/p>\n<p>Da 20 anni Finser Packaging lavora con il Gruppo GUILLIN, abbiamo sempre avuto uno splendido rapporto, chiaro, corretto e di comprensione reciproca.<\/p>\n<p>Un partner, non soltanto un fornitore, e la sinergia ci ha permesso di crescere insieme<\/p>\n<p>[\/et_pb_testimonial][\/et_pb_column][\/et_pb_row][\/et_pb_section]<\/p>\n","protected":false},"excerpt":{"rendered":"<p>QUALIT\u00c0, GAMMA, SERVIZIO: LA TRILOGIA DELLA PERFORMANCEAbbiamo sviluppato una duplice eccellenza industriale e logistica che ci permette di proporre ampie gamme di prodotti e di trasformare le complesse problematiche dei clienti in soluzioni semplici, per fornire un servizio unico, reattivo e irreprensibile.La qualit\u00e0 \u00e8 riconosciuta dalle certificazioni ISO e BRC di tutte le imprese del [&hellip;]<\/p>\n","protected":false},"author":1,"featured_media":0,"parent":0,"menu_order":0,"comment_status":"closed","ping_status":"closed","template":"","meta":{"_acf_changed":false,"_et_pb_use_builder":"on","_et_pb_old_content":"","_et_gb_content_width":"","footnotes":""},"class_list":["post-14652","page","type-page","status-publish","hentry"],"acf":[],"yoast_head":"<!-- This site is optimized with the Yoast SEO plugin v27.4 - https:\/\/yoast.com\/product\/yoast-seo-wordpress\/ -->\n<title>PERFORMANCE E SERVIZI - Groupe GUILLIN<\/title>\n<meta name=\"description\" content=\"Le Groupe GUILLIN est le r\u00e9f\u00e9rent europ\u00e9en de l&#039;emballage plastique alimentaire\" \/>\n<meta name=\"robots\" content=\"index, follow, max-snippet:-1, max-image-preview:large, max-video-preview:-1\" \/>\n<link rel=\"canonical\" href=\"https:\/\/www.groupeguillin.fr\/it\/performance-e-servizi\/\" \/>\n<meta property=\"og:locale\" content=\"it_IT\" \/>\n<meta property=\"og:type\" content=\"article\" \/>\n<meta property=\"og:title\" content=\"PERFORMANCE E SERVIZI - Groupe GUILLIN\" \/>\n<meta property=\"og:description\" content=\"Le Groupe GUILLIN est le r\u00e9f\u00e9rent europ\u00e9en de l&#039;emballage plastique alimentaire\" \/>\n<meta property=\"og:url\" content=\"https:\/\/www.groupeguillin.fr\/it\/performance-e-servizi\/\" \/>\n<meta property=\"og:site_name\" content=\"Groupe GUILLIN\" \/>\n<meta property=\"article:modified_time\" content=\"2023-10-03T14:52:51+00:00\" \/>\n<meta property=\"og:image\" content=\"https:\/\/www.groupeguillin.fr\/wp-content\/uploads\/2020\/09\/Logo-guillin-1.png\" \/>\n\t<meta property=\"og:image:width\" content=\"1172\" \/>\n\t<meta property=\"og:image:height\" content=\"300\" \/>\n\t<meta property=\"og:image:type\" content=\"image\/png\" \/>\n<meta name=\"twitter:card\" content=\"summary_large_image\" \/>\n<meta name=\"twitter:label1\" content=\"Est. reading time\" \/>\n\t<meta name=\"twitter:data1\" content=\"7 minutes\" \/>\n<script type=\"application\/ld+json\" class=\"yoast-schema-graph\">{\"@context\":\"https:\\\/\\\/schema.org\",\"@graph\":[{\"@type\":\"WebPage\",\"@id\":\"https:\\\/\\\/www.groupeguillin.fr\\\/it\\\/performance-e-servizi\\\/\",\"url\":\"https:\\\/\\\/www.groupeguillin.fr\\\/it\\\/performance-e-servizi\\\/\",\"name\":\"PERFORMANCE E SERVIZI - Groupe GUILLIN\",\"isPartOf\":{\"@id\":\"https:\\\/\\\/www.groupeguillin.fr\\\/it\\\/#website\"},\"datePublished\":\"2023-02-08T15:30:21+00:00\",\"dateModified\":\"2023-10-03T14:52:51+00:00\",\"description\":\"Le Groupe GUILLIN est le r\u00e9f\u00e9rent europ\u00e9en de l'emballage plastique alimentaire\",\"breadcrumb\":{\"@id\":\"https:\\\/\\\/www.groupeguillin.fr\\\/it\\\/performance-e-servizi\\\/#breadcrumb\"},\"inLanguage\":\"it-IT\",\"potentialAction\":[{\"@type\":\"ReadAction\",\"target\":[\"https:\\\/\\\/www.groupeguillin.fr\\\/it\\\/performance-e-servizi\\\/\"]}]},{\"@type\":\"BreadcrumbList\",\"@id\":\"https:\\\/\\\/www.groupeguillin.fr\\\/it\\\/performance-e-servizi\\\/#breadcrumb\",\"itemListElement\":[{\"@type\":\"ListItem\",\"position\":1,\"name\":\"Accueil\",\"item\":\"https:\\\/\\\/www.groupeguillin.fr\\\/it\\\/\"},{\"@type\":\"ListItem\",\"position\":2,\"name\":\"PERFORMANCE E SERVIZI\"}]},{\"@type\":\"WebSite\",\"@id\":\"https:\\\/\\\/www.groupeguillin.fr\\\/it\\\/#website\",\"url\":\"https:\\\/\\\/www.groupeguillin.fr\\\/it\\\/\",\"name\":\"Groupe GUILLIN\",\"description\":\"We protect your food\",\"publisher\":{\"@id\":\"https:\\\/\\\/www.groupeguillin.fr\\\/it\\\/#organization\"},\"potentialAction\":[{\"@type\":\"SearchAction\",\"target\":{\"@type\":\"EntryPoint\",\"urlTemplate\":\"https:\\\/\\\/www.groupeguillin.fr\\\/it\\\/?s={search_term_string}\"},\"query-input\":{\"@type\":\"PropertyValueSpecification\",\"valueRequired\":true,\"valueName\":\"search_term_string\"}}],\"inLanguage\":\"it-IT\"},{\"@type\":\"Organization\",\"@id\":\"https:\\\/\\\/www.groupeguillin.fr\\\/it\\\/#organization\",\"name\":\"Groupe GUILLIN\",\"url\":\"https:\\\/\\\/www.groupeguillin.fr\\\/it\\\/\",\"logo\":{\"@type\":\"ImageObject\",\"inLanguage\":\"it-IT\",\"@id\":\"https:\\\/\\\/www.groupeguillin.fr\\\/it\\\/#\\\/schema\\\/logo\\\/image\\\/\",\"url\":\"https:\\\/\\\/www.groupeguillin.fr\\\/wp-content\\\/uploads\\\/2020\\\/09\\\/Logo-guillin-1.png\",\"contentUrl\":\"https:\\\/\\\/www.groupeguillin.fr\\\/wp-content\\\/uploads\\\/2020\\\/09\\\/Logo-guillin-1.png\",\"width\":1172,\"height\":300,\"caption\":\"Groupe GUILLIN\"},\"image\":{\"@id\":\"https:\\\/\\\/www.groupeguillin.fr\\\/it\\\/#\\\/schema\\\/logo\\\/image\\\/\"},\"sameAs\":[\"https:\\\/\\\/www.instagram.com\\\/groupeguillin\\\/\",\"https:\\\/\\\/www.linkedin.com\\\/company\\\/guillin-emballages\\\/\",\"https:\\\/\\\/www.youtube.com\\\/channel\\\/UCS-Q4Qkgd1bN9pdIPGRjogQ\"]}]}<\/script>\n<!-- \/ Yoast SEO plugin. -->","yoast_head_json":{"title":"PERFORMANCE E SERVIZI - Groupe GUILLIN","description":"Le Groupe GUILLIN est le r\u00e9f\u00e9rent europ\u00e9en de l'emballage plastique alimentaire","robots":{"index":"index","follow":"follow","max-snippet":"max-snippet:-1","max-image-preview":"max-image-preview:large","max-video-preview":"max-video-preview:-1"},"canonical":"https:\/\/www.groupeguillin.fr\/it\/performance-e-servizi\/","og_locale":"it_IT","og_type":"article","og_title":"PERFORMANCE E SERVIZI - Groupe GUILLIN","og_description":"Le Groupe GUILLIN est le r\u00e9f\u00e9rent europ\u00e9en de l'emballage plastique alimentaire","og_url":"https:\/\/www.groupeguillin.fr\/it\/performance-e-servizi\/","og_site_name":"Groupe GUILLIN","article_modified_time":"2023-10-03T14:52:51+00:00","og_image":[{"width":1172,"height":300,"url":"https:\/\/www.groupeguillin.fr\/wp-content\/uploads\/2020\/09\/Logo-guillin-1.png","type":"image\/png"}],"twitter_card":"summary_large_image","twitter_misc":{"Est. reading time":"7 minutes"},"schema":{"@context":"https:\/\/schema.org","@graph":[{"@type":"WebPage","@id":"https:\/\/www.groupeguillin.fr\/it\/performance-e-servizi\/","url":"https:\/\/www.groupeguillin.fr\/it\/performance-e-servizi\/","name":"PERFORMANCE E SERVIZI - Groupe GUILLIN","isPartOf":{"@id":"https:\/\/www.groupeguillin.fr\/it\/#website"},"datePublished":"2023-02-08T15:30:21+00:00","dateModified":"2023-10-03T14:52:51+00:00","description":"Le Groupe GUILLIN est le r\u00e9f\u00e9rent europ\u00e9en de l'emballage plastique alimentaire","breadcrumb":{"@id":"https:\/\/www.groupeguillin.fr\/it\/performance-e-servizi\/#breadcrumb"},"inLanguage":"it-IT","potentialAction":[{"@type":"ReadAction","target":["https:\/\/www.groupeguillin.fr\/it\/performance-e-servizi\/"]}]},{"@type":"BreadcrumbList","@id":"https:\/\/www.groupeguillin.fr\/it\/performance-e-servizi\/#breadcrumb","itemListElement":[{"@type":"ListItem","position":1,"name":"Accueil","item":"https:\/\/www.groupeguillin.fr\/it\/"},{"@type":"ListItem","position":2,"name":"PERFORMANCE E SERVIZI"}]},{"@type":"WebSite","@id":"https:\/\/www.groupeguillin.fr\/it\/#website","url":"https:\/\/www.groupeguillin.fr\/it\/","name":"Groupe GUILLIN","description":"We protect your food","publisher":{"@id":"https:\/\/www.groupeguillin.fr\/it\/#organization"},"potentialAction":[{"@type":"SearchAction","target":{"@type":"EntryPoint","urlTemplate":"https:\/\/www.groupeguillin.fr\/it\/?s={search_term_string}"},"query-input":{"@type":"PropertyValueSpecification","valueRequired":true,"valueName":"search_term_string"}}],"inLanguage":"it-IT"},{"@type":"Organization","@id":"https:\/\/www.groupeguillin.fr\/it\/#organization","name":"Groupe GUILLIN","url":"https:\/\/www.groupeguillin.fr\/it\/","logo":{"@type":"ImageObject","inLanguage":"it-IT","@id":"https:\/\/www.groupeguillin.fr\/it\/#\/schema\/logo\/image\/","url":"https:\/\/www.groupeguillin.fr\/wp-content\/uploads\/2020\/09\/Logo-guillin-1.png","contentUrl":"https:\/\/www.groupeguillin.fr\/wp-content\/uploads\/2020\/09\/Logo-guillin-1.png","width":1172,"height":300,"caption":"Groupe GUILLIN"},"image":{"@id":"https:\/\/www.groupeguillin.fr\/it\/#\/schema\/logo\/image\/"},"sameAs":["https:\/\/www.instagram.com\/groupeguillin\/","https:\/\/www.linkedin.com\/company\/guillin-emballages\/","https:\/\/www.youtube.com\/channel\/UCS-Q4Qkgd1bN9pdIPGRjogQ"]}]}},"publishpress_future_action":{"enabled":false,"date":"2026-04-30 10:38:15","action":"change-status","newStatus":"draft","terms":[],"taxonomy":"translation_priority","extraData":[]},"publishpress_future_workflow_manual_trigger":{"enabledWorkflows":[]},"_links":{"self":[{"href":"https:\/\/www.groupeguillin.fr\/it\/wp-json\/wp\/v2\/pages\/14652","targetHints":{"allow":["GET"]}}],"collection":[{"href":"https:\/\/www.groupeguillin.fr\/it\/wp-json\/wp\/v2\/pages"}],"about":[{"href":"https:\/\/www.groupeguillin.fr\/it\/wp-json\/wp\/v2\/types\/page"}],"author":[{"embeddable":true,"href":"https:\/\/www.groupeguillin.fr\/it\/wp-json\/wp\/v2\/users\/1"}],"replies":[{"embeddable":true,"href":"https:\/\/www.groupeguillin.fr\/it\/wp-json\/wp\/v2\/comments?post=14652"}],"version-history":[{"count":12,"href":"https:\/\/www.groupeguillin.fr\/it\/wp-json\/wp\/v2\/pages\/14652\/revisions"}],"predecessor-version":[{"id":16114,"href":"https:\/\/www.groupeguillin.fr\/it\/wp-json\/wp\/v2\/pages\/14652\/revisions\/16114"}],"wp:attachment":[{"href":"https:\/\/www.groupeguillin.fr\/it\/wp-json\/wp\/v2\/media?parent=14652"}],"curies":[{"name":"wp","href":"https:\/\/api.w.org\/{rel}","templated":true}]}}