{"id":17296,"date":"2024-03-15T14:21:26","date_gmt":"2024-03-15T13:21:26","guid":{"rendered":"https:\/\/www.groupeguillin.fr\/politica-de-privacidad\/"},"modified":"2024-03-15T14:59:36","modified_gmt":"2024-03-15T13:59:36","slug":"politica-de-privacidad","status":"publish","type":"page","link":"https:\/\/www.groupeguillin.fr\/es\/politica-de-privacidad\/","title":{"rendered":"Pol\u00edtica de privacidad"},"content":{"rendered":"<p>[et_pb_section fb_built=&#8221;1&#8243; _builder_version=&#8221;4.16&#8243; saved_tabs=&#8221;all&#8221; global_colors_info=&#8221;{}&#8221;][et_pb_row _builder_version=&#8221;4.16&#8243; background_size=&#8221;initial&#8221; background_position=&#8221;top_left&#8221; background_repeat=&#8221;repeat&#8221; global_colors_info=&#8221;{}&#8221;][et_pb_column type=&#8221;4_4&#8243; _builder_version=&#8221;4.16&#8243; custom_padding=&#8221;|||&#8221; global_colors_info=&#8221;{}&#8221; custom_padding__hover=&#8221;|||&#8221;][et_pb_post_title meta=&#8221;off&#8221; _builder_version=&#8221;4.16&#8243; _module_preset=&#8221;default&#8221; title_font_size=&#8221;28px&#8221; custom_margin=&#8221;20px||20px||true|false&#8221; custom_padding=&#8221;0px||0px||true|false&#8221; locked=&#8221;off&#8221; global_colors_info=&#8221;{}&#8221;][\/et_pb_post_title][et_pb_text _builder_version=&#8221;4.24.2&#8243; text_line_height=&#8221;1.1em&#8221; background_size=&#8221;initial&#8221; background_position=&#8221;top_left&#8221; background_repeat=&#8221;repeat&#8221; hover_enabled=&#8221;0&#8243; custom_css_main_element=&#8221;padding-bottom:0 !important;&#8221; global_colors_info=&#8221;{}&#8221; sticky_enabled=&#8221;0&#8243;]<\/p>\n<p>El sitio <a href=\"https:\/\/www.groupeguillin.fr\" target=\"_blank\" rel=\"noopener\">www.groupeguillin.fr<\/a> es un sitio institucional. Este no es un sitio destinado a la venta comercial.<\/p>\n<p>La presente pol\u00edtica de privacidad tiene por objeto explicarle por qu\u00e9 y c\u00f3mo se procesan los datos personales que nos conf\u00eda, de conformidad con la ley francesa 78-17 (Ley de inform\u00e1tica y libertades), de 6 de enero de 1978, modificada, y el Reglamento (UE) n.\u00ba 2016\/679, de 27 de abril de 2016, (RGPD).<\/p>\n<p>&nbsp;<\/p>\n<p>Definiciones<\/p>\n<p>&nbsp;<\/p>\n<p>Definiciones preliminares :<\/p>\n<p>Dato personal : un dato se considera personal cuando permite identificarle directa o indirectamente.<\/p>\n<p>Responsable del tratamiento : es la persona responsable de la gesti\u00f3n de sus datos personales.<\/p>\n<p>Finalidad : es la raz\u00f3n por la que recogemos sus datos (por ejemplo, para responder a una pregunta, enviar un bolet\u00edn de noticias, procesar su candidatura, etc.).<\/p>\n<p>Legitimaci\u03ccn : es la base legal en la que nos apoyamos para recoger sus datos. Puede tratarse de una obligaci\u00f3n legal, de la ejecuci\u00f3n de un contrato o, simplemente, porque usted ha dado su consentimiento para el uso de sus datos.<\/p>\n<p>Transferencia : significa cualquier transferencia de datos personales a otro pa\u00eds. Una transferencia puede efectuarse mediante cualquier comunicaci\u00f3n, copia, transferencia o divulgaci\u00f3n de datos personales a trav\u00e9s de una red, incluido el acceso remoto a una base de datos o la transferencia de un soporte a otro (por ejemplo, del disco duro de un ordenador a un servidor).<\/p>\n<p>&nbsp;<\/p>\n<p>\u00bfQui\u00e9n es el responsable del tratamiento?<\/p>\n<p>El responsable del tratamiento es Groupe Guillin, sociedad por acciones de derecho franc\u00e9s con un capital de 11\u00a0487 825 de euros, con domicilio social en Zone Industrielle, Avenue du Mar\u00e9chal de Lattre de Tassigny, 25\u00a0290 Ornans Francia, y que se encuentra inscrita en el Registro Mercantil de Besan\u00e7on con el n\u00famero 349\u00a0846 303.<\/p>\n<p>&nbsp;<\/p>\n<p>\u00bfQu\u00e9 datos se recogen?<\/p>\n<p>&nbsp;<\/p>\n<p><!-- \/divi:paragraph --> <!-- divi:list --><\/p>\n<ul>\n<li>En la pesta\u00f1a Formulario de contacto: nombre, apellido, direcci\u00f3n de correo electr\u00f3nico, empresa a la que pertenece, n\u00famero de tel\u00e9fono (fijo o m\u00f3vil), direcci\u00f3n, c\u00f3digo postal y ciudad.<\/li>\n<\/ul>\n<p><!-- \/divi:list --> <!-- divi:list --><\/p>\n<ul>\n<li>En la pesta\u00f1a Oferta de trabajo: nombre, apellido, direcci\u00f3n, c\u00f3digo postal y ciudad, tel\u00e9fono fijo y m\u00f3vil, fax, direcci\u00f3n de correo electr\u00f3nico, foto y CV.<\/li>\n<\/ul>\n<p>Los campos marcados con * son obligatorios. Si no se cumplimentan, no podremos procesar correctamente su solicitud. Los dem\u00e1s datos son opcionales.<\/p>\n<p>&nbsp;<\/p>\n<p>\u00bfPor qu\u00e9 recogemos estos datos?<\/p>\n<p>&nbsp;<\/p>\n<p><!-- \/divi:paragraph --> <!-- divi:table --><\/p>\n<figure class=\"wp-block-table\">\n<table>\n<tbody>\n<tr>\n<td><strong>Tipos de datos<\/strong><\/td>\n<td><strong>Prop\u00f3sitos<\/strong><\/td>\n<td><strong>Fundamentos del tratamiento<\/strong><\/td>\n<\/tr>\n<tr>\n<td>Nombre, apellido direcci\u00f3n de correo electr\u00f3nico, empresa a la que pertenece, n\u00famero de tel\u00e9fono, direcci\u00f3n, c\u00f3digo postal y ciudad<\/td>\n<td>-Como respuesta a su petici\u00f3n<br \/>-Gesti\u00f3n de nuestra comunicaci\u00f3n externa y financiera<\/td>\n<td><span style=\"text-decoration: underline;\">Contrato<\/span>: el uso de estos datos es necesario para responderle.<br \/><span style=\"text-decoration: underline;\">Consentimiento<\/span>: al cumplimentar el formulario, ha dado su consentimiento para el uso de sus datos.<\/td>\n<\/tr>\n<tr>\n<td>Nombre, apellido, direcci\u00f3n, c\u00f3digo postal y ciudad, tel\u00e9fono fijo y m\u00f3vil, fax, direcci\u00f3n de correo electr\u00f3nico, foto y CV.<\/td>\n<td>-Estudiar su candidatura dentro del Grupo Guillin<\/td>\n<td><span style=\"text-decoration: underline;\">Contrato<\/span>: la ejecuci\u00f3n de medidas precontractuales adoptadas a petici\u00f3n suya<br \/><span style=\"text-decoration: underline;\">Consentimiento<\/span>: al presentar su candidatura, ha dado su consentimiento para el an\u00e1lisis de sus datos.<\/td>\n<\/tr>\n<\/tbody>\n<\/table>\n<\/figure>\n<p>\u00bfCu\u00e1nto tiempo guardamos sus datos?<\/p>\n<table>\n<tbody>\n<tr>\n<td rowspan=\"2\" style=\"width: 116px;\"><\/td>\n<td rowspan=\"2\" style=\"width: 240px;\">\n<p>&nbsp;<\/p>\n<p><strong>Datos del formulario de contacto<\/strong><\/p>\n<\/td>\n<td colspan=\"2\" style=\"width: 287.2px;\"><strong>Datos del formulario de reclutamiento<\/strong><\/td>\n<\/tr>\n<tr>\n<td style=\"width: 141px;\"><strong>El reclutamiento prospera<\/strong><\/td>\n<td style=\"width: 141px;\"><strong>El reclutamiento no prospera<\/strong><\/td>\n<\/tr>\n<tr>\n<td style=\"width: 116px;\">\n<p><strong>Conservaci\u00f3n<\/strong><br \/><strong>en nuestra base de datos activa<\/strong><\/p>\n<p><strong>\u00a0<\/strong><\/p>\n<\/td>\n<td style=\"width: 240px;\">3 a\u00f1os a partir de su solicitud<\/td>\n<td style=\"width: 141px;\">Durante toda la duraci\u00f3n del contrato de trabajo<\/td>\n<td style=\"width: 141px;\">2 a\u00f1os desde el \u00faltimo contacto con la persona en cuesti\u00f3n<\/td>\n<\/tr>\n<tr>\n<td style=\"width: 116px;\"><strong>Archivo<\/strong><\/td>\n<td style=\"width: 240px;\">5 a\u00f1os*<\/td>\n<td style=\"width: 141px;\">5 a\u00f1os*<\/td>\n<td style=\"width: 141px;\">NO, los datos se destruyen<\/td>\n<\/tr>\n<\/tbody>\n<\/table>\n<p>* Estos datos se archivan durante 5 a\u00f1os con fines probatorios de conformidad con las disposiciones del C\u00f3digo Civil franc\u00e9s y del C\u00f3digo de Comercio franc\u00e9s, sujeto a la defensa de reclamaciones.<\/p>\n<p>&nbsp;<\/p>\n<p>\u00bfQui\u00e9n tiene acceso a mis datos?<\/p>\n<p>&nbsp;<\/p>\n<p>Dentro de los l\u00edmites de sus respectivas atribuciones y para los prop\u00f3sitos mencionados anteriormente, las personas que pueden tener acceso a sus datos son las siguientes:<\/p>\n<p>&nbsp;<\/p>\n<p><!-- \/divi:paragraph --> <!-- divi:list --><\/p>\n<ul>\n<li><span style=\"text-decoration: underline;\">En cuanto a los datos recogidos a trav\u00e9s del formulario de contacto y en funci\u00f3n de la naturaleza de su solicitud<\/span>: el departamento de marketing, el departamento de ventas, el departamento financiero de la filial y, en su caso, el departamento inform\u00e1tico y los departamentos del Grupo Guillin al que pertenece la filial.<\/li>\n<\/ul>\n<p>&nbsp;<\/p>\n<ul>\n<li><span style=\"text-decoration: underline;\">En lo que respecta a los datos recogidos a trav\u00e9s del formulario de reclutamiento<\/span>: las personas autorizadas del departamento de recursos humanos de la filial, la alta Direcci\u00f3n y el departamento encargado del reclutamiento.<\/li>\n<\/ul>\n<p>&#8211; Para todos los datos:<\/p>\n<p>&nbsp;<\/p>\n<p><!-- \/divi:paragraph --> <!-- divi:list --><\/p>\n<ul>\n<li>El personal autorizado de nuestros subcontratistas como el proveedor de alojamiento web y el encargado del mantenimiento del sitio que actuar\u00e1n de acuerdo con las instrucciones del responsable del tratamiento.<\/li>\n<li>Terceros en caso de que recibamos una solicitud de una autoridad judicial o p\u00fablica legalmente autorizada para tal efecto.<\/li>\n<\/ul>\n<p>&nbsp;<\/p>\n<p><!-- \/divi:list --> <!-- divi:heading {\"level\":3} --><\/p>\n<h3>\u00bfCu\u00e1les son mis derechos?<\/h3>\n<p>De conformidad con la normativa, estos son sus derechos:<\/p>\n<p>&nbsp;<\/p>\n<p><!-- \/divi:paragraph --> <!-- divi:list --><\/p>\n<ul>\n<li>derecho de consulta y acceso a los datos tratados,<\/li>\n<li>derecho de rectificaci\u00f3n de sus datos,<\/li>\n<li>derecho de oposici\u00f3n a los datos que le conciernen retirando su consentimiento,<\/li>\n<li>derecho de supresi\u00f3n, es decir, a la eliminaci\u00f3n de sus datos,<\/li>\n<li>derecho de portabilidad de sus datos, es decir, a obtener una copia de sus datos en un formato estructurado y legible por una m\u00e1quina,<\/li>\n<li>derecho de oposici\u00f3n a la elaboraci\u00f3n de perfiles,<\/li>\n<li>reclamar ante la Comisi\u00f3n Nacional de Inform\u00e1tica y Libertades francesa (CNIL) en esta direcci\u00f3n : <a href=\"https:\/\/www.cnil.fr\/fr\/plaintes\">https:\/\/www.cnil.fr\/fr\/plaintes<\/a>,<\/li>\n<li>derecho a dar instrucciones sobre el destino de sus datos tras su fallecimiento.<\/li>\n<\/ul>\n<p>Puede ejercer sus derechos escribiendo a:<\/p>\n<p>&nbsp;<\/p>\n<p><!-- \/divi:paragraph --> <!-- divi:paragraph -->\u00a0Groupe GUILLIN<\/p>\n<p>&nbsp;<\/p>\n<p><!-- \/divi:paragraph --> <!-- divi:paragraph -->\u00a0 ZI Avenue du Mar\u00e9chal de Lattre de Tassigny<\/p>\n<p>&nbsp;<\/p>\n<p><!-- \/divi:paragraph --> <!-- divi:paragraph -->\u00a0 25290 ORNANS<\/p>\n<p>&nbsp;<\/p>\n<p>o enviando un mensaje de correo electr\u00f3nico a <a href=\"mailto:contactrgpd@groupeguillin.fr.\" target=\"_blank\" rel=\"noopener noreferrer\">contactrgpd@groupeguillin.fr.<\/a><\/p>\n<p>&nbsp;<\/p>\n<p>Responderemos lo antes posible y en un plazo m\u00e1ximo de un mes a partir de la recepci\u00f3n de su solicitud.<br \/>En caso de duda razonable sobre su identidad, podremos pedirle que la acredite.<\/p>\n<p>En este \u00faltimo supuesto, la copia de su documento de identidad se conservar\u00e1 durante un a\u00f1o en caso de que se ejerza el derecho de acceso o rectificaci\u00f3n, o durante tres a\u00f1os en caso de que se ejerza el derecho de oposici\u00f3n de conformidad con las disposiciones del C\u00f3digo Penal.<\/p>\n<p>&nbsp;<\/p>\n<p><!-- \/divi:paragraph --> <!-- divi:heading {\"level\":3} --><\/p>\n<h3>\u00bfLos datos se transfieren fuera de la Uni\u00f3n Europea?<\/h3>\n<p>Sus datos no se transfieren fuera de la Uni\u00f3n Europea.<\/p>\n<p>&nbsp;<\/p>\n<p><!-- \/divi:paragraph --> <!-- divi:heading {\"level\":3} --><\/p>\n<h3>Cookies y rastreadores<\/h3>\n<p>Una cookie es un archivo de texto que se almacena en su terminal (ordenador, tableta, tel\u00e9fono m\u00f3vil, en particular) cuando visita un sitio web.<\/p>\n<p>Recopilamos cookies con fines estad\u00edsticos. Las cookies tienen una vida \u00fatil de 13 meses. La informaci\u00f3n recogida a trav\u00e9s de las cookies se conservar\u00e1 durante 25 meses.<\/p>\n<p>Al hacer clic en los iconos dedicados a las redes sociales LinkedIn, Twitter y You Tube en nuestro sitio, y si ha aceptado las cookies al proseguir su navegaci\u00f3n, LinkedIn, Twitter y You Tube tambi\u00e9n pueden almacenar cookies en sus terminales.<\/p>\n<p>&nbsp;<\/p>\n<p><!-- \/divi:paragraph --> <!-- divi:heading {\"level\":3} --><\/p>\n<h3>\u00bfCu\u00e1l es el nivel de protecci\u00f3n?<\/h3>\n<p>Hemos implantado medidas t\u00e9cnicas y organizativas apropiadas para garantizar un nivel de seguridad adecuado al riesgo y para evitar que terceros no autorizados alteren, modifiquen, da\u00f1en o accedan a sus datos.<\/p>\n<p>A este respecto, las instalaciones se encuentran protegidas y el personal autorizado para tratar sus datos personales est\u00e1 concienciado sobre tema y se compromete a respetar la m\u00e1s estricta confidencialidad.<\/p>\n<p>&nbsp;<\/p>\n<p><!-- \/divi:paragraph --> <!-- divi:heading {\"level\":3} --><\/p>\n<h3>Modificaci\u00f3n de nuestra pol\u00edtica<\/h3>\n<p>Nos reservamos el derecho a realizar cambios en esta pol\u00edtica con el fin de adaptarla a las novedades legislativas.<\/p>\n<p>&nbsp;<\/p>\n<p><!-- \/divi:paragraph --><\/p>\n<p>[\/et_pb_text][\/et_pb_column][\/et_pb_row][\/et_pb_section]<\/p>\n","protected":false},"excerpt":{"rendered":"<p>El sitio www.groupeguillin.fr es un sitio institucional. Este no es un sitio destinado a la venta comercial. La presente pol\u00edtica de privacidad tiene por objeto explicarle por qu\u00e9 y c\u00f3mo se procesan los datos personales que nos conf\u00eda, de conformidad con la ley francesa 78-17 (Ley de inform\u00e1tica y libertades), de 6 de enero de [&hellip;]<\/p>\n","protected":false},"author":1,"featured_media":0,"parent":0,"menu_order":0,"comment_status":"closed","ping_status":"open","template":"","meta":{"_acf_changed":false,"_et_pb_use_builder":"on","_et_pb_old_content":"","_et_gb_content_width":"","footnotes":""},"class_list":["post-17296","page","type-page","status-publish","hentry"],"acf":[],"yoast_head":"<!-- This site is optimized with the Yoast SEO plugin v27.4 - https:\/\/yoast.com\/product\/yoast-seo-wordpress\/ -->\n<title>Pol\u00edtica de privacidad - Groupe GUILLIN<\/title>\n<meta name=\"description\" content=\"Le Groupe GUILLIN est le r\u00e9f\u00e9rent europ\u00e9en de l&#039;emballage plastique alimentaire\" \/>\n<meta name=\"robots\" content=\"index, follow, max-snippet:-1, max-image-preview:large, max-video-preview:-1\" \/>\n<link rel=\"canonical\" href=\"https:\/\/www.groupeguillin.fr\/es\/politica-de-privacidad\/\" \/>\n<meta property=\"og:locale\" content=\"es_ES\" \/>\n<meta property=\"og:type\" content=\"article\" \/>\n<meta property=\"og:title\" content=\"Pol\u00edtica de privacidad - Groupe GUILLIN\" \/>\n<meta property=\"og:description\" content=\"Le Groupe GUILLIN est le r\u00e9f\u00e9rent europ\u00e9en de l&#039;emballage plastique alimentaire\" \/>\n<meta property=\"og:url\" content=\"https:\/\/www.groupeguillin.fr\/es\/politica-de-privacidad\/\" \/>\n<meta property=\"og:site_name\" content=\"Groupe GUILLIN\" \/>\n<meta property=\"article:modified_time\" content=\"2024-03-15T13:59:36+00:00\" \/>\n<meta property=\"og:image\" content=\"https:\/\/www.groupeguillin.fr\/wp-content\/uploads\/2020\/09\/Logo-guillin-1.png\" \/>\n\t<meta property=\"og:image:width\" content=\"1172\" \/>\n\t<meta property=\"og:image:height\" content=\"300\" \/>\n\t<meta property=\"og:image:type\" content=\"image\/png\" \/>\n<meta name=\"twitter:card\" content=\"summary_large_image\" \/>\n<meta name=\"twitter:label1\" content=\"Est. reading time\" \/>\n\t<meta name=\"twitter:data1\" content=\"7 minutes\" \/>\n<script type=\"application\/ld+json\" class=\"yoast-schema-graph\">{\"@context\":\"https:\\\/\\\/schema.org\",\"@graph\":[{\"@type\":\"WebPage\",\"@id\":\"https:\\\/\\\/www.groupeguillin.fr\\\/es\\\/politica-de-privacidad\\\/\",\"url\":\"https:\\\/\\\/www.groupeguillin.fr\\\/es\\\/politica-de-privacidad\\\/\",\"name\":\"Pol\u00edtica de privacidad - Groupe GUILLIN\",\"isPartOf\":{\"@id\":\"https:\\\/\\\/www.groupeguillin.fr\\\/es\\\/#website\"},\"datePublished\":\"2024-03-15T13:21:26+00:00\",\"dateModified\":\"2024-03-15T13:59:36+00:00\",\"description\":\"Le Groupe GUILLIN est le r\u00e9f\u00e9rent europ\u00e9en de l'emballage plastique alimentaire\",\"breadcrumb\":{\"@id\":\"https:\\\/\\\/www.groupeguillin.fr\\\/es\\\/politica-de-privacidad\\\/#breadcrumb\"},\"inLanguage\":\"es-ES\",\"potentialAction\":[{\"@type\":\"ReadAction\",\"target\":[\"https:\\\/\\\/www.groupeguillin.fr\\\/es\\\/politica-de-privacidad\\\/\"]}]},{\"@type\":\"BreadcrumbList\",\"@id\":\"https:\\\/\\\/www.groupeguillin.fr\\\/es\\\/politica-de-privacidad\\\/#breadcrumb\",\"itemListElement\":[{\"@type\":\"ListItem\",\"position\":1,\"name\":\"Accueil\",\"item\":\"https:\\\/\\\/www.groupeguillin.fr\\\/es\\\/\"},{\"@type\":\"ListItem\",\"position\":2,\"name\":\"Pol\u00edtica de privacidad\"}]},{\"@type\":\"WebSite\",\"@id\":\"https:\\\/\\\/www.groupeguillin.fr\\\/es\\\/#website\",\"url\":\"https:\\\/\\\/www.groupeguillin.fr\\\/es\\\/\",\"name\":\"Groupe GUILLIN\",\"description\":\"We protect your food\",\"publisher\":{\"@id\":\"https:\\\/\\\/www.groupeguillin.fr\\\/es\\\/#organization\"},\"potentialAction\":[{\"@type\":\"SearchAction\",\"target\":{\"@type\":\"EntryPoint\",\"urlTemplate\":\"https:\\\/\\\/www.groupeguillin.fr\\\/es\\\/?s={search_term_string}\"},\"query-input\":{\"@type\":\"PropertyValueSpecification\",\"valueRequired\":true,\"valueName\":\"search_term_string\"}}],\"inLanguage\":\"es-ES\"},{\"@type\":\"Organization\",\"@id\":\"https:\\\/\\\/www.groupeguillin.fr\\\/es\\\/#organization\",\"name\":\"Groupe GUILLIN\",\"url\":\"https:\\\/\\\/www.groupeguillin.fr\\\/es\\\/\",\"logo\":{\"@type\":\"ImageObject\",\"inLanguage\":\"es-ES\",\"@id\":\"https:\\\/\\\/www.groupeguillin.fr\\\/es\\\/#\\\/schema\\\/logo\\\/image\\\/\",\"url\":\"https:\\\/\\\/www.groupeguillin.fr\\\/wp-content\\\/uploads\\\/2020\\\/09\\\/Logo-guillin-1.png\",\"contentUrl\":\"https:\\\/\\\/www.groupeguillin.fr\\\/wp-content\\\/uploads\\\/2020\\\/09\\\/Logo-guillin-1.png\",\"width\":1172,\"height\":300,\"caption\":\"Groupe GUILLIN\"},\"image\":{\"@id\":\"https:\\\/\\\/www.groupeguillin.fr\\\/es\\\/#\\\/schema\\\/logo\\\/image\\\/\"},\"sameAs\":[\"https:\\\/\\\/www.instagram.com\\\/groupeguillin\\\/\",\"https:\\\/\\\/www.linkedin.com\\\/company\\\/guillin-emballages\\\/\",\"https:\\\/\\\/www.youtube.com\\\/channel\\\/UCS-Q4Qkgd1bN9pdIPGRjogQ\"]}]}<\/script>\n<!-- \/ Yoast SEO plugin. -->","yoast_head_json":{"title":"Pol\u00edtica de privacidad - Groupe GUILLIN","description":"Le Groupe GUILLIN est le r\u00e9f\u00e9rent europ\u00e9en de l'emballage plastique alimentaire","robots":{"index":"index","follow":"follow","max-snippet":"max-snippet:-1","max-image-preview":"max-image-preview:large","max-video-preview":"max-video-preview:-1"},"canonical":"https:\/\/www.groupeguillin.fr\/es\/politica-de-privacidad\/","og_locale":"es_ES","og_type":"article","og_title":"Pol\u00edtica de privacidad - Groupe GUILLIN","og_description":"Le Groupe GUILLIN est le r\u00e9f\u00e9rent europ\u00e9en de l'emballage plastique alimentaire","og_url":"https:\/\/www.groupeguillin.fr\/es\/politica-de-privacidad\/","og_site_name":"Groupe GUILLIN","article_modified_time":"2024-03-15T13:59:36+00:00","og_image":[{"width":1172,"height":300,"url":"https:\/\/www.groupeguillin.fr\/wp-content\/uploads\/2020\/09\/Logo-guillin-1.png","type":"image\/png"}],"twitter_card":"summary_large_image","twitter_misc":{"Est. reading time":"7 minutes"},"schema":{"@context":"https:\/\/schema.org","@graph":[{"@type":"WebPage","@id":"https:\/\/www.groupeguillin.fr\/es\/politica-de-privacidad\/","url":"https:\/\/www.groupeguillin.fr\/es\/politica-de-privacidad\/","name":"Pol\u00edtica de privacidad - Groupe GUILLIN","isPartOf":{"@id":"https:\/\/www.groupeguillin.fr\/es\/#website"},"datePublished":"2024-03-15T13:21:26+00:00","dateModified":"2024-03-15T13:59:36+00:00","description":"Le Groupe GUILLIN est le r\u00e9f\u00e9rent europ\u00e9en de l'emballage plastique alimentaire","breadcrumb":{"@id":"https:\/\/www.groupeguillin.fr\/es\/politica-de-privacidad\/#breadcrumb"},"inLanguage":"es-ES","potentialAction":[{"@type":"ReadAction","target":["https:\/\/www.groupeguillin.fr\/es\/politica-de-privacidad\/"]}]},{"@type":"BreadcrumbList","@id":"https:\/\/www.groupeguillin.fr\/es\/politica-de-privacidad\/#breadcrumb","itemListElement":[{"@type":"ListItem","position":1,"name":"Accueil","item":"https:\/\/www.groupeguillin.fr\/es\/"},{"@type":"ListItem","position":2,"name":"Pol\u00edtica de privacidad"}]},{"@type":"WebSite","@id":"https:\/\/www.groupeguillin.fr\/es\/#website","url":"https:\/\/www.groupeguillin.fr\/es\/","name":"Groupe GUILLIN","description":"We protect your food","publisher":{"@id":"https:\/\/www.groupeguillin.fr\/es\/#organization"},"potentialAction":[{"@type":"SearchAction","target":{"@type":"EntryPoint","urlTemplate":"https:\/\/www.groupeguillin.fr\/es\/?s={search_term_string}"},"query-input":{"@type":"PropertyValueSpecification","valueRequired":true,"valueName":"search_term_string"}}],"inLanguage":"es-ES"},{"@type":"Organization","@id":"https:\/\/www.groupeguillin.fr\/es\/#organization","name":"Groupe GUILLIN","url":"https:\/\/www.groupeguillin.fr\/es\/","logo":{"@type":"ImageObject","inLanguage":"es-ES","@id":"https:\/\/www.groupeguillin.fr\/es\/#\/schema\/logo\/image\/","url":"https:\/\/www.groupeguillin.fr\/wp-content\/uploads\/2020\/09\/Logo-guillin-1.png","contentUrl":"https:\/\/www.groupeguillin.fr\/wp-content\/uploads\/2020\/09\/Logo-guillin-1.png","width":1172,"height":300,"caption":"Groupe GUILLIN"},"image":{"@id":"https:\/\/www.groupeguillin.fr\/es\/#\/schema\/logo\/image\/"},"sameAs":["https:\/\/www.instagram.com\/groupeguillin\/","https:\/\/www.linkedin.com\/company\/guillin-emballages\/","https:\/\/www.youtube.com\/channel\/UCS-Q4Qkgd1bN9pdIPGRjogQ"]}]}},"publishpress_future_action":{"enabled":false,"date":"2026-04-29 12:01:17","action":"change-status","newStatus":"draft","terms":[],"taxonomy":"translation_priority","extraData":[]},"publishpress_future_workflow_manual_trigger":{"enabledWorkflows":[]},"_links":{"self":[{"href":"https:\/\/www.groupeguillin.fr\/es\/wp-json\/wp\/v2\/pages\/17296","targetHints":{"allow":["GET"]}}],"collection":[{"href":"https:\/\/www.groupeguillin.fr\/es\/wp-json\/wp\/v2\/pages"}],"about":[{"href":"https:\/\/www.groupeguillin.fr\/es\/wp-json\/wp\/v2\/types\/page"}],"author":[{"embeddable":true,"href":"https:\/\/www.groupeguillin.fr\/es\/wp-json\/wp\/v2\/users\/1"}],"replies":[{"embeddable":true,"href":"https:\/\/www.groupeguillin.fr\/es\/wp-json\/wp\/v2\/comments?post=17296"}],"version-history":[{"count":4,"href":"https:\/\/www.groupeguillin.fr\/es\/wp-json\/wp\/v2\/pages\/17296\/revisions"}],"predecessor-version":[{"id":17301,"href":"https:\/\/www.groupeguillin.fr\/es\/wp-json\/wp\/v2\/pages\/17296\/revisions\/17301"}],"wp:attachment":[{"href":"https:\/\/www.groupeguillin.fr\/es\/wp-json\/wp\/v2\/media?parent=17296"}],"curies":[{"name":"wp","href":"https:\/\/api.w.org\/{rel}","templated":true}]}}