{"id":14259,"date":"2022-11-08T21:16:26","date_gmt":"2022-11-08T20:16:26","guid":{"rendered":"https:\/\/www.groupeguillin.fr\/50-years\/"},"modified":"2022-11-08T21:36:56","modified_gmt":"2022-11-08T20:36:56","slug":"50-years","status":"publish","type":"page","link":"https:\/\/www.groupeguillin.fr\/en\/50-years\/","title":{"rendered":"50 YEARS"},"content":{"rendered":"<p>[et_pb_section fb_built=&#8221;1&#8243; disabled_on=&#8221;on|on|off&#8221; admin_label=&#8221;Section&#8221; _builder_version=&#8221;4.8.1&#8243; _module_preset=&#8221;default&#8221; custom_margin=&#8221;0px|0px|0px|0px|true|true&#8221; custom_padding=&#8221;0px|0px|0px|0px|true|true&#8221;][et_pb_row module_id=&#8221;50-hp&#8221; module_class=&#8221;accordion-50&#8243; _builder_version=&#8221;4.8.1&#8243; _module_preset=&#8221;default&#8221; width=&#8221;100%&#8221; custom_margin=&#8221;0px||0px||true|false&#8221; custom_padding=&#8221;0px||0px||true|false&#8221;][et_pb_column type=&#8221;4_4&#8243; _builder_version=&#8221;4.8.1&#8243; _module_preset=&#8221;default&#8221;][dsm_image_accordion image_accordion_type=&#8221;on_click&#8221; image_accordion_animation=&#8221;push_up&#8221; image_accordion_animation_sequence=&#8221;on&#8221; ia_height=&#8221;80vh&#8221; _builder_version=&#8221;4.8.1&#8243; _module_preset=&#8221;default&#8221; background_enable_image=&#8221;off&#8221; hover_enabled=&#8221;0&#8243; sticky_enabled=&#8221;0&#8243;][dsm_image_accordion_child expanded_item=&#8221;on&#8221; image_accordion_src=&#8221;https:\/\/www.groupeguillin.fr\/wp-content\/uploads\/2022\/09\/guillin.png&#8221; image_accordion_title=&#8221;Histoire&#8221; _builder_version=&#8221;4.8.1&#8243; _module_preset=&#8221;default&#8221; title_level=&#8221;h4&#8243; title_text_color=&#8221;#FFFFFF&#8221; background_color=&#8221;#00a469&#8243; background_enable_color=&#8221;on&#8221; background_image=&#8221;https:\/\/www.groupeguillin.fr\/wp-content\/uploads\/2022\/09\/home-90.jpg&#8221; background_enable_image=&#8221;on&#8221; background_enable_video_mp4=&#8221;off&#8221; background_video_height=&#8221;100%&#8221; hover_enabled=&#8221;0&#8243; image_accordion_desc=&#8221;<\/p>\n<h4>FOR 50 YEARS<br \/> LEADING THE WAY<br \/> HAS BEEN IN OUR NATURE!<\/h4>\n<p>\n<button><a href=%22https:\/\/www.groupeguillin.fr\/en\/50-ans-history\/%22>DISCOVER OUR HISTORY<\/a><\/button>&#8221; sticky_enabled=&#8221;0&#8243;][\/dsm_image_accordion_child][dsm_image_accordion_child image_accordion_src=&#8221;https:\/\/www.groupeguillin.fr\/wp-content\/uploads\/2022\/09\/showroom-1.png&#8221; image_accordion_title=&#8221;Showroom&#8221; _builder_version=&#8221;4.8.1&#8243; _module_preset=&#8221;default&#8221; title_level=&#8221;h4&#8243; title_text_color=&#8221;#FFFFFF&#8221; background_color=&#8221;#00a469&#8243; background_enable_color=&#8221;on&#8221; background_enable_image=&#8221;off&#8221; background_enable_video_mp4=&#8221;off&#8221; hover_enabled=&#8221;0&#8243; image_accordion_desc=&#8221;<\/p>\n<h4>FOR 50 YEARS<br \/>WE HAVE BEEN<br \/>SETTING THE TREND!<\/h4>\n<p>\n<button><a href=%22https:\/\/www.groupeguillin.fr\/en\/50-ans-showroom-digital\/%22>ENTER THE SHOWROOM<\/a><\/button>&#8221; sticky_enabled=&#8221;0&#8243;][\/dsm_image_accordion_child][dsm_image_accordion_child image_accordion_src=&#8221;https:\/\/www.groupeguillin.fr\/wp-content\/uploads\/2022\/09\/home-3.jpg&#8221; image_accordion_title=&#8221;Talents&#8221; _builder_version=&#8221;4.8.1&#8243; _module_preset=&#8221;default&#8221; title_level=&#8221;h4&#8243; title_text_color=&#8221;#FFFFFF&#8221; background_color=&#8221;#00a469&#8243; background_enable_color=&#8221;on&#8221; background_enable_image=&#8221;off&#8221; background_enable_video_mp4=&#8221;off&#8221; width=&#8221;%22200%22&#8243; hover_enabled=&#8221;0&#8243; image_accordion_desc=&#8221;<img src=%22https:\/\/www.groupeguillin.fr\/wp-content\/uploads\/2022\/09\/GUILLIN_50ANS_BLANC_RVB.png%22 width=%22200%22><\/p>\n<h4>FOR 50 YEARS<br \/>OUR TALENTS <br \/>HAVE INSPIRED US!<\/h4>\n<p>\n<button><a href=%22https:\/\/www.groupeguillin.fr\/en\/50-ans-talents\/%22>DISCOVER OUR TALENTS<\/a><\/button>&#8221; sticky_enabled=&#8221;0&#8243;][\/dsm_image_accordion_child][dsm_image_accordion_child image_accordion_src=&#8221;https:\/\/www.groupeguillin.fr\/wp-content\/uploads\/2022\/09\/home-gg-stories-dark-scaled.jpg&#8221; image_accordion_title=&#8221;Stories&#8221; _builder_version=&#8221;4.8.1&#8243; _module_preset=&#8221;default&#8221; title_level=&#8221;h4&#8243; title_text_color=&#8221;#FFFFFF&#8221; background_color=&#8221;#00a469&#8243; background_enable_color=&#8221;on&#8221; background_enable_image=&#8221;off&#8221; background_enable_video_mp4=&#8221;off&#8221; width=&#8221;%22200%22&#8243; hover_enabled=&#8221;0&#8243; image_accordion_desc=&#8221;<img src=%22https:\/\/www.groupeguillin.fr\/wp-content\/uploads\/2022\/09\/GUILLIN_50ANS_BLANC_RVB.png%22 width=%22200%22><\/p>\n<h4>FOR 50 YEARS<br \/>OUR PARTNERS<br \/>HAVE BEEN WITH US!<\/h4>\n<p>\n<button><a href=%22https:\/\/www.groupeguillin.fr\/en\/50-ans-stories\/%22>DISCOVER OUR STORIES<\/a><\/button><br \/>\n&#8221; sticky_enabled=&#8221;0&#8243;][\/dsm_image_accordion_child][\/dsm_image_accordion][\/et_pb_column][\/et_pb_row][\/et_pb_section][et_pb_section fb_built=&#8221;1&#8243; disabled_on=&#8221;off|off|on&#8221; admin_label=&#8221;Section&#8221; _builder_version=&#8221;4.8.1&#8243; _module_preset=&#8221;default&#8221; custom_margin=&#8221;0px|0px|0px|0px|true|true&#8221; custom_padding=&#8221;0px|0px|0px|0px|true|true&#8221;][et_pb_row module_id=&#8221;50-hp&#8221; module_class=&#8221;accordion-50&#8243; _builder_version=&#8221;4.8.1&#8243; _module_preset=&#8221;default&#8221; width=&#8221;100%&#8221; custom_margin=&#8221;0px||0px||true|false&#8221; custom_padding=&#8221;0px||0px||true|false&#8221;][et_pb_column type=&#8221;4_4&#8243; _builder_version=&#8221;4.8.1&#8243; _module_preset=&#8221;default&#8221;][dsm_image_accordion image_accordion_type=&#8221;on_click&#8221; image_accordion_animation=&#8221;push_up&#8221; image_accordion_animation_sequence=&#8221;on&#8221; ia_direction=&#8221;vertical&#8221; ia_height=&#8221;70vh&#8221; _builder_version=&#8221;4.8.1&#8243; _module_preset=&#8221;default&#8221; background_enable_image=&#8221;off&#8221; hover_enabled=&#8221;0&#8243; sticky_enabled=&#8221;0&#8243;][dsm_image_accordion_child expanded_item=&#8221;on&#8221; image_accordion_src=&#8221;https:\/\/www.groupeguillin.fr\/wp-content\/uploads\/2022\/09\/guillin.png&#8221; image_accordion_title=&#8221;Histoire&#8221; _builder_version=&#8221;4.8.1&#8243; _module_preset=&#8221;default&#8221; title_level=&#8221;h4&#8243; title_text_color=&#8221;#FFFFFF&#8221; background_color=&#8221;#00a469&#8243; background_enable_color=&#8221;on&#8221; background_image=&#8221;https:\/\/www.groupeguillin.fr\/wp-content\/uploads\/2022\/09\/home-90.jpg&#8221; background_enable_image=&#8221;on&#8221; background_enable_video_mp4=&#8221;off&#8221; background_video_height=&#8221;100%&#8221; hover_enabled=&#8221;0&#8243; sticky_enabled=&#8221;0&#8243; image_accordion_desc=&#8221;<\/p>\n<h4>FOR 50 YEARS<br \/> LEADING THE WAY<br \/> HAS BEEN IN OUR NATURE!<\/h4>\n<p>\n<button><a href=%22https:\/\/www.groupeguillin.fr\/en\/50-ans-history\/%22>DISCOVER OUR HISTORY<\/a><\/button>&#8220;][\/dsm_image_accordion_child][dsm_image_accordion_child image_accordion_src=&#8221;https:\/\/www.groupeguillin.fr\/wp-content\/uploads\/2022\/09\/showroom-1.png&#8221; image_accordion_title=&#8221;Showroom&#8221; _builder_version=&#8221;4.8.1&#8243; _module_preset=&#8221;default&#8221; title_level=&#8221;h4&#8243; title_text_color=&#8221;#FFFFFF&#8221; background_color=&#8221;#00a469&#8243; background_enable_color=&#8221;on&#8221; background_enable_image=&#8221;off&#8221; background_enable_video_mp4=&#8221;off&#8221; width=&#8221;%22200%22&#8243; hover_enabled=&#8221;0&#8243; image_accordion_desc=&#8221;<\/p>\n<h4>FOR 50 YEARS<br \/>WE HAVE BEEN<br \/>SETTING THE TREND!<\/h4>\n<p>\n<button><a href=%22https:\/\/www.groupeguillin.fr\/en\/50-ans-showroom-digital\/%22>ENTER THE SHOWROOM<\/a><\/button>&#8221; sticky_enabled=&#8221;0&#8243;][\/dsm_image_accordion_child][dsm_image_accordion_child image_accordion_src=&#8221;https:\/\/www.groupeguillin.fr\/wp-content\/uploads\/2022\/09\/home-3.jpg&#8221; image_accordion_title=&#8221;Talents&#8221; _builder_version=&#8221;4.8.1&#8243; _module_preset=&#8221;default&#8221; title_level=&#8221;h4&#8243; title_text_color=&#8221;#FFFFFF&#8221; background_color=&#8221;#00a469&#8243; background_enable_color=&#8221;on&#8221; background_enable_image=&#8221;off&#8221; background_enable_video_mp4=&#8221;off&#8221; width=&#8221;%22200%22&#8243; hover_enabled=&#8221;0&#8243; image_accordion_desc=&#8221;<img src=%22https:\/\/www.groupeguillin.fr\/wp-content\/uploads\/2022\/09\/GUILLIN_50ANS_BLANC_RVB.png%22 width=%22200%22><\/p>\n<h4>FOR 50 YEARS<br \/>OUR TALENTS <br \/>HAVE INSPIRED US!<\/h4>\n<p>\n<button><a href=%22https:\/\/www.groupeguillin.fr\/en\/50-ans-talents\/%22>DISCOVER OUR TALENTS<\/a><\/button>&#8221; sticky_enabled=&#8221;0&#8243;][\/dsm_image_accordion_child][dsm_image_accordion_child image_accordion_src=&#8221;https:\/\/www.groupeguillin.fr\/wp-content\/uploads\/2022\/09\/home-gg-stories-dark-scaled.jpg&#8221; image_accordion_title=&#8221;Stories&#8221; _builder_version=&#8221;4.8.1&#8243; _module_preset=&#8221;default&#8221; title_level=&#8221;h4&#8243; title_text_color=&#8221;#FFFFFF&#8221; background_color=&#8221;#00a469&#8243; background_enable_color=&#8221;on&#8221; background_enable_image=&#8221;off&#8221; background_enable_video_mp4=&#8221;off&#8221; width=&#8221;%22200%22&#8243; hover_enabled=&#8221;0&#8243; image_accordion_desc=&#8221;<img src=%22https:\/\/www.groupeguillin.fr\/wp-content\/uploads\/2022\/09\/GUILLIN_50ANS_BLANC_RVB.png%22 width=%22200%22><\/p>\n<h4>FOR 50 YEARS<br \/>OUR PARTNERS<br \/>HAVE BEEN WITH US!<\/h4>\n<p>\n<button><a href=%22https:\/\/www.groupeguillin.fr\/en\/50-ans-stories\/%22>DISCOVER OUR STORIES<\/a><\/button><br \/>\n&#8221; sticky_enabled=&#8221;0&#8243;][\/dsm_image_accordion_child][\/dsm_image_accordion][\/et_pb_column][\/et_pb_row][\/et_pb_section]<\/p>\n","protected":false},"excerpt":{"rendered":"<p><div class=\"et_pb_module dsm_image_accordion dsm_image_accordion_0 dsm_image_accordion_animation_push_up dsm_image_accordion_animation_sequence_on\">\n\t\t\t\t\n\t\t\t\t\n\t\t\t\t\n\t\t\t\t\n\t\t\t\t\n\t\t\t\t\n\t\t\t\t<div class=\"et_pb_module_inner\">\n\t\t\t\t\t<div class=\"dsm_image_accordion_wrapper dsm_image_accordion_trigger_on_click\">\n                \n            <\/div>\n\t\t\t\t<\/div>\n\t\t\t<\/div><div class=\"et_pb_module dsm_image_accordion_child dsm_image_accordion_child_0 dsm_image_accordion_horizontal_center dsm_image_accordion_vertical_center dsm_image_accordion_active_item \">\n\t\t\t\t\n\t\t\t\t\n\t\t\t\t\n\t\t\t\t\n\t\t\t\t\n\t\t\t\t\n\t\t\t\t<div class=\"et_pb_module_inner\">\n\t\t\t\t\t<div class=\"dsm_image_accordion_child_content\">\n\t\t\t\t\n\t\t\t\t<h4 class=\"dsm_image_accordion_title\">Histoire<\/h4>\n\t\t\t\t<div class=\"dsm_image_accordion_description\">FOR 50 YEARS LEADING THE WAY HAS BEEN IN OUR NATURE! DISCOVER OUR HISTORY<\/div>\n\t\t\t\t\n\t\t\t<\/div>\n\t\t\t\t<\/div>\n\t\t\t<\/div><div class=\"et_pb_module dsm_image_accordion_child dsm_image_accordion_child_1 dsm_image_accordion_horizontal_center dsm_image_accordion_vertical_center \">\n\t\t\t\t\n\t\t\t\t\n\t\t\t\t\n\t\t\t\t\n\t\t\t\t\n\t\t\t\t\n\t\t\t\t<div class=\"et_pb_module_inner\">\n\t\t\t\t\t<div class=\"dsm_image_accordion_child_content\">\n\t\t\t\t\n\t\t\t\t<&#8221;h4&#8243; class=\"dsm_image_accordion_title\">&#8221;Showroom&#8221;<\/&#8221;h4&#8243;>\n\t\t\t\t<div class=\"dsm_image_accordion_description\">&#8221;FOR<\/div>\n\t\t\t\t\n\t\t\t<\/div>\n\t\t\t\t<\/div>\n\t\t\t<\/div><\/p>\n","protected":false},"author":1,"featured_media":0,"parent":0,"menu_order":0,"comment_status":"closed","ping_status":"closed","template":"","meta":{"_acf_changed":false,"_et_pb_use_builder":"on","_et_pb_old_content":"","_et_gb_content_width":"","footnotes":""},"class_list":["post-14259","page","type-page","status-publish","hentry"],"acf":[],"yoast_head":"<!-- This site is optimized with the Yoast SEO plugin v27.3 - https:\/\/yoast.com\/product\/yoast-seo-wordpress\/ -->\n<title>50 YEARS - Groupe GUILLIN<\/title>\n<meta name=\"description\" content=\"Le Groupe GUILLIN est le r\u00e9f\u00e9rent europ\u00e9en de l&#039;emballage plastique alimentaire\" \/>\n<meta name=\"robots\" content=\"index, follow, max-snippet:-1, max-image-preview:large, max-video-preview:-1\" \/>\n<link rel=\"canonical\" href=\"https:\/\/www.groupeguillin.fr\/en\/50-years\/\" \/>\n<meta property=\"og:locale\" content=\"en_US\" \/>\n<meta property=\"og:type\" content=\"article\" \/>\n<meta property=\"og:title\" content=\"50 YEARS - Groupe GUILLIN\" \/>\n<meta property=\"og:description\" content=\"Le Groupe GUILLIN est le r\u00e9f\u00e9rent europ\u00e9en de l&#039;emballage plastique alimentaire\" \/>\n<meta property=\"og:url\" content=\"https:\/\/www.groupeguillin.fr\/en\/50-years\/\" \/>\n<meta property=\"og:site_name\" content=\"Groupe GUILLIN\" \/>\n<meta property=\"article:modified_time\" content=\"2022-11-08T20:36:56+00:00\" \/>\n<meta property=\"og:image\" content=\"https:\/\/www.groupeguillin.fr\/wp-content\/uploads\/2020\/09\/Logo-guillin-1.png\" \/>\n\t<meta property=\"og:image:width\" content=\"1172\" \/>\n\t<meta property=\"og:image:height\" content=\"300\" \/>\n\t<meta property=\"og:image:type\" content=\"image\/png\" \/>\n<meta name=\"twitter:card\" content=\"summary_large_image\" \/>\n<meta name=\"twitter:label1\" content=\"Est. reading time\" \/>\n\t<meta name=\"twitter:data1\" content=\"4 minutes\" \/>\n<script type=\"application\/ld+json\" class=\"yoast-schema-graph\">{\"@context\":\"https:\\\/\\\/schema.org\",\"@graph\":[{\"@type\":\"WebPage\",\"@id\":\"https:\\\/\\\/www.groupeguillin.fr\\\/en\\\/50-years\\\/\",\"url\":\"https:\\\/\\\/www.groupeguillin.fr\\\/en\\\/50-years\\\/\",\"name\":\"50 YEARS - Groupe GUILLIN\",\"isPartOf\":{\"@id\":\"https:\\\/\\\/www.groupeguillin.fr\\\/en\\\/#website\"},\"datePublished\":\"2022-11-08T20:16:26+00:00\",\"dateModified\":\"2022-11-08T20:36:56+00:00\",\"description\":\"Le Groupe GUILLIN est le r\u00e9f\u00e9rent europ\u00e9en de l'emballage plastique alimentaire\",\"breadcrumb\":{\"@id\":\"https:\\\/\\\/www.groupeguillin.fr\\\/en\\\/50-years\\\/#breadcrumb\"},\"inLanguage\":\"en-US\",\"potentialAction\":[{\"@type\":\"ReadAction\",\"target\":[\"https:\\\/\\\/www.groupeguillin.fr\\\/en\\\/50-years\\\/\"]}]},{\"@type\":\"BreadcrumbList\",\"@id\":\"https:\\\/\\\/www.groupeguillin.fr\\\/en\\\/50-years\\\/#breadcrumb\",\"itemListElement\":[{\"@type\":\"ListItem\",\"position\":1,\"name\":\"Accueil\",\"item\":\"https:\\\/\\\/www.groupeguillin.fr\\\/en\\\/\"},{\"@type\":\"ListItem\",\"position\":2,\"name\":\"50 YEARS\"}]},{\"@type\":\"WebSite\",\"@id\":\"https:\\\/\\\/www.groupeguillin.fr\\\/en\\\/#website\",\"url\":\"https:\\\/\\\/www.groupeguillin.fr\\\/en\\\/\",\"name\":\"Groupe GUILLIN\",\"description\":\"We protect your food\",\"publisher\":{\"@id\":\"https:\\\/\\\/www.groupeguillin.fr\\\/en\\\/#organization\"},\"potentialAction\":[{\"@type\":\"SearchAction\",\"target\":{\"@type\":\"EntryPoint\",\"urlTemplate\":\"https:\\\/\\\/www.groupeguillin.fr\\\/en\\\/?s={search_term_string}\"},\"query-input\":{\"@type\":\"PropertyValueSpecification\",\"valueRequired\":true,\"valueName\":\"search_term_string\"}}],\"inLanguage\":\"en-US\"},{\"@type\":\"Organization\",\"@id\":\"https:\\\/\\\/www.groupeguillin.fr\\\/en\\\/#organization\",\"name\":\"Groupe GUILLIN\",\"url\":\"https:\\\/\\\/www.groupeguillin.fr\\\/en\\\/\",\"logo\":{\"@type\":\"ImageObject\",\"inLanguage\":\"en-US\",\"@id\":\"https:\\\/\\\/www.groupeguillin.fr\\\/en\\\/#\\\/schema\\\/logo\\\/image\\\/\",\"url\":\"https:\\\/\\\/www.groupeguillin.fr\\\/wp-content\\\/uploads\\\/2020\\\/09\\\/Logo-guillin-1.png\",\"contentUrl\":\"https:\\\/\\\/www.groupeguillin.fr\\\/wp-content\\\/uploads\\\/2020\\\/09\\\/Logo-guillin-1.png\",\"width\":1172,\"height\":300,\"caption\":\"Groupe GUILLIN\"},\"image\":{\"@id\":\"https:\\\/\\\/www.groupeguillin.fr\\\/en\\\/#\\\/schema\\\/logo\\\/image\\\/\"},\"sameAs\":[\"https:\\\/\\\/www.instagram.com\\\/groupeguillin\\\/\",\"https:\\\/\\\/www.linkedin.com\\\/company\\\/guillin-emballages\\\/\",\"https:\\\/\\\/www.youtube.com\\\/channel\\\/UCS-Q4Qkgd1bN9pdIPGRjogQ\"]}]}<\/script>\n<!-- \/ Yoast SEO plugin. -->","yoast_head_json":{"title":"50 YEARS - Groupe GUILLIN","description":"Le Groupe GUILLIN est le r\u00e9f\u00e9rent europ\u00e9en de l'emballage plastique alimentaire","robots":{"index":"index","follow":"follow","max-snippet":"max-snippet:-1","max-image-preview":"max-image-preview:large","max-video-preview":"max-video-preview:-1"},"canonical":"https:\/\/www.groupeguillin.fr\/en\/50-years\/","og_locale":"en_US","og_type":"article","og_title":"50 YEARS - Groupe GUILLIN","og_description":"Le Groupe GUILLIN est le r\u00e9f\u00e9rent europ\u00e9en de l'emballage plastique alimentaire","og_url":"https:\/\/www.groupeguillin.fr\/en\/50-years\/","og_site_name":"Groupe GUILLIN","article_modified_time":"2022-11-08T20:36:56+00:00","og_image":[{"width":1172,"height":300,"url":"https:\/\/www.groupeguillin.fr\/wp-content\/uploads\/2020\/09\/Logo-guillin-1.png","type":"image\/png"}],"twitter_card":"summary_large_image","twitter_misc":{"Est. reading time":"4 minutes"},"schema":{"@context":"https:\/\/schema.org","@graph":[{"@type":"WebPage","@id":"https:\/\/www.groupeguillin.fr\/en\/50-years\/","url":"https:\/\/www.groupeguillin.fr\/en\/50-years\/","name":"50 YEARS - Groupe GUILLIN","isPartOf":{"@id":"https:\/\/www.groupeguillin.fr\/en\/#website"},"datePublished":"2022-11-08T20:16:26+00:00","dateModified":"2022-11-08T20:36:56+00:00","description":"Le Groupe GUILLIN est le r\u00e9f\u00e9rent europ\u00e9en de l'emballage plastique alimentaire","breadcrumb":{"@id":"https:\/\/www.groupeguillin.fr\/en\/50-years\/#breadcrumb"},"inLanguage":"en-US","potentialAction":[{"@type":"ReadAction","target":["https:\/\/www.groupeguillin.fr\/en\/50-years\/"]}]},{"@type":"BreadcrumbList","@id":"https:\/\/www.groupeguillin.fr\/en\/50-years\/#breadcrumb","itemListElement":[{"@type":"ListItem","position":1,"name":"Accueil","item":"https:\/\/www.groupeguillin.fr\/en\/"},{"@type":"ListItem","position":2,"name":"50 YEARS"}]},{"@type":"WebSite","@id":"https:\/\/www.groupeguillin.fr\/en\/#website","url":"https:\/\/www.groupeguillin.fr\/en\/","name":"Groupe GUILLIN","description":"We protect your food","publisher":{"@id":"https:\/\/www.groupeguillin.fr\/en\/#organization"},"potentialAction":[{"@type":"SearchAction","target":{"@type":"EntryPoint","urlTemplate":"https:\/\/www.groupeguillin.fr\/en\/?s={search_term_string}"},"query-input":{"@type":"PropertyValueSpecification","valueRequired":true,"valueName":"search_term_string"}}],"inLanguage":"en-US"},{"@type":"Organization","@id":"https:\/\/www.groupeguillin.fr\/en\/#organization","name":"Groupe GUILLIN","url":"https:\/\/www.groupeguillin.fr\/en\/","logo":{"@type":"ImageObject","inLanguage":"en-US","@id":"https:\/\/www.groupeguillin.fr\/en\/#\/schema\/logo\/image\/","url":"https:\/\/www.groupeguillin.fr\/wp-content\/uploads\/2020\/09\/Logo-guillin-1.png","contentUrl":"https:\/\/www.groupeguillin.fr\/wp-content\/uploads\/2020\/09\/Logo-guillin-1.png","width":1172,"height":300,"caption":"Groupe GUILLIN"},"image":{"@id":"https:\/\/www.groupeguillin.fr\/en\/#\/schema\/logo\/image\/"},"sameAs":["https:\/\/www.instagram.com\/groupeguillin\/","https:\/\/www.linkedin.com\/company\/guillin-emballages\/","https:\/\/www.youtube.com\/channel\/UCS-Q4Qkgd1bN9pdIPGRjogQ"]}]}},"publishpress_future_action":{"enabled":false,"date":"2026-04-16 12:26:40","action":"change-status","newStatus":"draft","terms":[],"taxonomy":"translation_priority","extraData":[]},"publishpress_future_workflow_manual_trigger":{"enabledWorkflows":[]},"_links":{"self":[{"href":"https:\/\/www.groupeguillin.fr\/en\/wp-json\/wp\/v2\/pages\/14259","targetHints":{"allow":["GET"]}}],"collection":[{"href":"https:\/\/www.groupeguillin.fr\/en\/wp-json\/wp\/v2\/pages"}],"about":[{"href":"https:\/\/www.groupeguillin.fr\/en\/wp-json\/wp\/v2\/types\/page"}],"author":[{"embeddable":true,"href":"https:\/\/www.groupeguillin.fr\/en\/wp-json\/wp\/v2\/users\/1"}],"replies":[{"embeddable":true,"href":"https:\/\/www.groupeguillin.fr\/en\/wp-json\/wp\/v2\/comments?post=14259"}],"version-history":[{"count":12,"href":"https:\/\/www.groupeguillin.fr\/en\/wp-json\/wp\/v2\/pages\/14259\/revisions"}],"predecessor-version":[{"id":14275,"href":"https:\/\/www.groupeguillin.fr\/en\/wp-json\/wp\/v2\/pages\/14259\/revisions\/14275"}],"wp:attachment":[{"href":"https:\/\/www.groupeguillin.fr\/en\/wp-json\/wp\/v2\/media?parent=14259"}],"curies":[{"name":"wp","href":"https:\/\/api.w.org\/{rel}","templated":true}]}}