{"id":19692,"date":"2025-03-05T12:59:36","date_gmt":"2025-03-05T11:59:36","guid":{"rendered":"https:\/\/www.groupeguillin.fr\/datenschutzbestimmungen\/"},"modified":"2025-03-25T12:28:19","modified_gmt":"2025-03-25T11:28:19","slug":"datenschutzbestimmungen","status":"publish","type":"page","link":"https:\/\/www.groupeguillin.fr\/de\/datenschutzbestimmungen\/","title":{"rendered":"Datenschutzbestimmungen"},"content":{"rendered":"<p>[et_pb_section fb_built=&#8221;1&#8243; _builder_version=&#8221;4.8.1&#8243; hover_enabled=&#8221;0&#8243; sticky_enabled=&#8221;0&#8243; global_module=&#8221;10984&#8243; saved_tabs=&#8221;all&#8221;][et_pb_row _builder_version=&#8221;3.25&#8243; background_size=&#8221;initial&#8221; background_position=&#8221;top_left&#8221; background_repeat=&#8221;repeat&#8221;][et_pb_column type=&#8221;4_4&#8243; _builder_version=&#8221;3.25&#8243; custom_padding=&#8221;|||&#8221; custom_padding__hover=&#8221;|||&#8221;][et_pb_button button_url=&#8221;@ET-DC@eyJkeW5hbWljIjp0cnVlLCJjb250ZW50IjoiaG9tZV91cmwiLCJzZXR0aW5ncyI6W119@&#8221; button_text=&#8221;zur\u00fcck&#8221; button_alignment=&#8221;left&#8221; _builder_version=&#8221;4.7.3&#8243; _dynamic_attributes=&#8221;button_url&#8221; _module_preset=&#8221;default&#8221; custom_button=&#8221;on&#8221; button_text_size=&#8221;15px&#8221; button_text_color=&#8221;#ffffff&#8221; button_bg_color=&#8221;#21aa6b&#8221; button_border_width=&#8221;0px&#8221; button_border_radius=&#8221;25px&#8221; button_font=&#8221;|600||on|||||&#8221; custom_margin=&#8221;0px||0px||false|false&#8221; custom_margin_tablet=&#8221;&#8221; custom_margin_phone=&#8221;||30px||false|false&#8221; custom_margin_last_edited=&#8221;on|phone&#8221; custom_padding=&#8221;4px||4px||true|false&#8221; locked=&#8221;off&#8221;][\/et_pb_button][et_pb_post_title meta=&#8221;off&#8221; _builder_version=&#8221;4.7.4&#8243; _module_preset=&#8221;default&#8221; title_font_size=&#8221;28px&#8221; custom_margin=&#8221;20px||20px||true|false&#8221; custom_padding=&#8221;0px||0px||true|false&#8221; locked=&#8221;off&#8221;][\/et_pb_post_title][et_pb_text _builder_version=&#8221;4.7.7&#8243; text_line_height=&#8221;1.1em&#8221; background_size=&#8221;initial&#8221; background_position=&#8221;top_left&#8221; background_repeat=&#8221;repeat&#8221; custom_css_main_element=&#8221;padding-bottom:0 !important;&#8221;]<\/p>\n<p><!-- divi:paragraph -->Die Website <a href=\"https:\/\/www.groupeguillin.fr\/de\/\">www.groupeguillin.fr<\/a> ist eine Unternehmenswebsite. Es handelt sich nicht um eine kommerzielle Website. <\/p>\n<p>&nbsp;<\/p>\n<p><!-- \/divi:paragraph --> <!-- divi:paragraph -->Mit diesen Datenschutzbestimmungen m\u00f6chten wir Ihnen erkl\u00e4ren, warum und wie die personenbezogenen Daten, die Sie uns anvertrauen, gem\u00e4\u00df dem franz\u00f6sischen Gesetz 78-17 &#8220;Informatique et Libert\u00e9s&#8221; <em>[Informatik und Freiheiten]<\/em> vom 6. Januar 1978 in seiner ge\u00e4nderten Fassung und der Verordnung (EU) 2016\/679 vom 27. April 2016 \u201eDSGVO&#8221; verarbeitet werden.<\/p>\n<p>&nbsp;<\/p>\n<p><!-- \/divi:paragraph --> <!-- divi:paragraph --><a>Begriffserl\u00e4uterungen<\/a><\/p>\n<p>&nbsp;<\/p>\n<p><!-- \/divi:paragraph --> <!-- divi:paragraph -->Vorab einige Begriffserl\u00e4uterungen:<\/p>\n<p><!-- \/divi:paragraph --> <!-- divi:paragraph --><u>Personenbezogene Daten:<\/u> Daten sind personenbezogen, wenn sie es erm\u00f6glichen, Sie direkt oder indirekt zu identifizieren.<\/p>\n<p><!-- \/divi:paragraph --> <!-- divi:paragraph --><u>Verantwortlicher f\u00fcr die Datenverarbeitung:<\/u> Der Verantwortliche f\u00fcr die Datenverarbeitung ist die Person, die f\u00fcr die Verwaltung Ihrer personenbezogenen Daten verantwortlich ist.<\/p>\n<p><!-- \/divi:paragraph --> <!-- divi:paragraph --><u>Zwecke:<\/u> iDas sind die Ziele, zu deren Erreichung wir Ihre Daten erheben (z. B. zur Beantwortung einer Frage, zum Versand eines Newsletters, zur Bearbeitung Ihrer Bewerbung usw.).<\/p>\n<p><!-- \/divi:paragraph --> <!-- divi:paragraph --><u>Rechtsgrundlage:<\/u> Das ist die rechtliche Grundlage, auf der wir Ihre Daten erheben. Dabei kann es sich um die Erf\u00fcllung einer rechtlichen Verpflichtung oder eines Vertrages handeln oder einfach nur, weil Sie in die Verwendung Ihrer Daten eingewilligt haben.<\/p>\n<p><!-- \/divi:paragraph --> <!-- divi:paragraph --><u>Datentransfer:<\/u> bedeutet jegliche \u00dcbertragung von personenbezogenen Daten ins Ausland. Ein Transfer kann \u00fcber eine beliebige Kommunikation, \u00fcber Kopien, einen Transfer oder die Verbreitung von personenbezogenen Daten \u00fcber ein Netz, einschlie\u00dflich Fernzugriff auf eine Datenbank oder durch den Transfer zwischen Datentr\u00e4gern (z. B. von einer Festplatte auf einen Server) erfolgen.<\/p>\n<p>&nbsp;<\/p>\n<p><!-- \/divi:paragraph --> <!-- divi:paragraph --><a>Wer ist f\u00fcr die Verarbeitung verantwortlich?<\/a><\/p>\n<p><!-- \/divi:paragraph --> <!-- divi:paragraph -->Verantwortlich f\u00fcr die Datenverarbeitung ist Groupe Guillin, eine Vereinfachte Aktiengesellschaft nach franz\u00f6sischem Recht mit einem Kapital von 11,487,825 EUR mit Sitz in Zone Industrielle, Avenue du Mar\u00e9chal de Lattre de Tassigny, 25\u00a0290 Ornans Frankreich, eingetragen in das Handelsregister Besan\u00e7on unter der Nr. 349\u00a0846 303.<\/p>\n<p>&nbsp;<\/p>\n<p><!-- \/divi:paragraph --> <!-- divi:paragraph --><a>Welche Daten werden erfasst?\u00a0<\/a><\/p>\n<p><!-- \/divi:paragraph --> <!-- divi:list --><\/p>\n<ul>\n<li><u>Unter der Registerkarte Kontaktformular:<\/u> Name, Vorname, E-Mail (pers\u00f6nlich oder gesch\u00e4ftlich), das Unternehmen, f\u00fcr das Sie t\u00e4tig sind, Telefonnummer (Festanschluss oder Mobiltelefon, pers\u00f6nlich oder gesch\u00e4ftlich), Anschrift, Postleitzahl und Ort (pers\u00f6nlich oder gesch\u00e4ftlich)<\/li>\n<\/ul>\n<p><!-- \/divi:list --> <!-- divi:list --><\/p>\n<ul>\n<li><u>Unter der Registerkarte Stellenangebot:<\/u> Name, Vorname, Anschrift, Postleitzahl und Ort, Telefonnummer (Festanschluss und Mobiltelefon), Fax, E-Mail, Foto und Lebenslauf<\/li>\n<\/ul>\n<p><!-- \/divi:list --> <!-- divi:paragraph -->Die mit einem * versehenen Felder m\u00fcssen ausgef\u00fcllt werden. Wenn sie nicht ausgef\u00fcllt sind, k\u00f6nnen wir Ihre Anfrage nicht richtig bearbeiten. Die Angabe der anderen Daten ist freiwillig<\/p>\n<p>&nbsp;<\/p>\n<p><!-- \/divi:paragraph --> <!-- divi:paragraph --><a>Warum erfassen wir diese Daten?\u00a0<\/a><\/p>\n<p>&nbsp;<\/p>\n<p><!-- \/divi:paragraph --> <!-- divi:table --><\/p>\n<figure class=\"wp-block-table\">\n<table>\n<tbody>\n<tr>\n<td><strong>Datenarten<\/strong><\/td>\n<td><strong>Zwecke<\/strong><\/td>\n<td><strong>Grundlagen f\u00fcr die Verarbeitung<\/strong><\/td>\n<\/tr>\n<tr>\n<td>Name, Vorname, E-Mail, Unternehmen, f\u00fcr das Sie t\u00e4tig sind, Telefonnummer, Anschrift, Postleitzahl und Ort<\/td>\n<td>&#8211; Antwort auf Ihre Anfrage<br \/>\n&#8211; Verwaltung unserer externen und Finanzkommunikation<\/td>\n<td><u>Vertrag:<\/u> Die Verwendung dieser Daten ist erforderlich, um Ihnen zu antworten.<br \/>\n<u>Zustimmung:<\/u> Mit dem Ausf\u00fcllen des Formulars haben Sie in die Verwendung Ihrer Daten eingewilligt.<\/td>\n<\/tr>\n<tr>\n<td>Name, Vorname, Anschrift, Postleitzahl und Ort, Telefon-nummer (Festanschluss und Mobiltelefon), Fax, E-Mail, Foto und Lebenslauf<\/td>\n<td>&#8211; Pr\u00fcfung Ihrer Bewerbung in der Groupe Guillin<\/td>\n<td><u>Vertrag:<\/u> Durchf\u00fchrung der vorvertraglichen Ma\u00dfnahmen in Bezug auf Ihre Bewerbung<br \/>\n<u>Einwilligung:<\/u> Mit der Bewerbung haben Sie in die Analyse Ihrer Daten eingewilligt..<\/td>\n<\/tr>\n<\/tbody>\n<\/table>\n<\/figure>\n<p><!-- \/divi:table --><\/p>\n<p>&nbsp;<\/p>\n<p><!-- divi:paragraph --><a>Wie lange werden Ihre Daten gespeichert?\u00a0<\/a><\/p>\n<table>\n<tbody>\n<tr>\n<td rowspan=\"2\" width=\"94\"><\/td>\n<td rowspan=\"2\" width=\"236\">\n<p>&nbsp;<\/p>\n<p><strong>Daten f\u00fcr das Kontaktformular<\/strong><\/p>\n<\/td>\n<td colspan=\"2\" width=\"274\"><strong>Daten f\u00fcr das Bewerbungsformular<\/strong><\/td>\n<\/tr>\n<tr>\n<td width=\"137\"><strong>Die Personaleinstellung ist erfolgreich.<\/strong><\/td>\n<td width=\"137\"><strong>Die Personaleinstellung ist nicht erfolgreich.<\/strong><\/td>\n<\/tr>\n<tr>\n<td width=\"94\">\n<p><strong>Speicherung<br \/>\nin unserer aktuellen Datenbank<\/strong><\/p>\n<\/td>\n<td width=\"236\">3 Jahre ab dem Datum Ihrer Bewerbung<\/td>\n<td width=\"137\">\u00dcber die gesamte Dauer des Arbeits-vertrages<\/td>\n<td width=\"137\">2 Jahre nach dem letzten Kontakt mit der betreffenden Person<\/td>\n<\/tr>\n<tr>\n<td width=\"94\"><strong>Archivierung<\/strong><strong>\u00a0<\/strong><\/td>\n<td width=\"236\">5 Jahre*<\/td>\n<td width=\"137\">5 Jahre*<\/td>\n<td width=\"137\">NEIN \u2013 die Daten werden gel\u00f6scht<\/td>\n<\/tr>\n<\/tbody>\n<\/table>\n<p>&nbsp;<\/p>\n<p>*Diese Daten werden gem\u00e4\u00df den Bestimmungen des Code Civil [franz\u00f6sisches Zivilgesetzbuch] und des Code de Commerce [franz\u00f6sisches Handelsgesetzbuch] 5 Jahre lang zu Beweiszwecken archiviert, vorbehaltlich der Verteidigung von Rechtsanspr\u00fcchen.<\/p>\n<p>&nbsp;<\/p>\n<p><!-- \/divi:paragraph --> <!-- divi:paragraph --><a>Wer hat Zugriff auf meine Daten?<\/a><\/p>\n<p>&nbsp;<\/p>\n<p><!-- \/divi:paragraph --> <!-- divi:paragraph -->Im Rahmen ihres oben beschriebenen Verantwortungsbereichs und der o. g. Zwecke k\u00f6nnten die folgenden Personen Zugriff auf Ihre folgenden Daten haben:<\/p>\n<p>&nbsp;<\/p>\n<p><!-- \/divi:paragraph --> <!-- divi:list --><\/p>\n<ul>\n<li>&#8211; <u>\u00dcber das Kontaktformular und gem\u00e4\u00df der Art Ihrer Bewerbung erfasste Daten:<\/u> die Bereiche Marketing, Vertrieb, Finanzen und eventuell die Informatikabteilung und Bereiche der Groupe Guillin, zu der die Tochtergesellschaft geh\u00f6rt.  <\/li>\n<\/ul>\n<p><!-- \/divi:list --> <!-- divi:list --><\/p>\n<ul>\n<li>&#8211; <u>\u00dcber das Bewerbungsformular erfasste Daten:<\/u> die berechtigten Personen der Personalabteilung und der mit der Personaleinstellung befasste Bereich<\/li>\n<\/ul>\n<p><!-- \/divi:list --> <!-- divi:paragraph -->&#8211; <u>Alle Daten:<\/u><\/p>\n<p>&nbsp;<\/p>\n<p><!-- \/divi:paragraph --> <!-- divi:list --><\/p>\n<ul>\n<li>Das berechtigte Personal unserer Zulieferer wie z. B. des Hosting-Providers und des Maintainers, die nach den Vorschriften des f\u00fcr die Verarbeitung Verantwortlichen handeln<\/li>\n<li>Dritte Parteien im Fall, dass wir eine entsprechende Aufforderung einer Justiz- oder staatlichen Beh\u00f6rde erhalten, die hierzu berechtigt ist<\/li>\n<\/ul>\n<p><!-- \/divi:list --> <!-- divi:heading {\"level\":3} --><\/p>\n<h3><a>Welche Rechte habe ich?<\/a><\/h3>\n<p><!-- \/divi:heading --> <!-- divi:paragraph -->Nach den geltenden Regeln und Vorschriften haben Sie mehrere Rechte:\u00a0<\/p>\n<p>&nbsp;<\/p>\n<p><!-- \/divi:paragraph --> <!-- divi:list --><\/p>\n<ul>\n<li>Auskunftsrecht und Recht auf Zugriff auf die verarbeiteten Daten,<\/li>\n<li>Recht auf Berichtigung Ihrer Daten,<\/li>\n<li>Widerspruchsrecht in Bezug auf Sie betreffende Daten, indem Sie Ihre Zustimmung zur\u00fccknehmen,<\/li>\n<li>Recht auf L\u00f6schung, d. h. L\u00f6schung Ihrer Daten,<\/li>\n<li>Recht auf \u00dcbertragbarkeit Ihrer Daten, d. h. Zurverf\u00fcgungstellung einer Kopie Ihrer Daten in einem strukturierten und machinenlesbaren Format,<\/li>\n<li>Recht auf Widerspruch gegen Profilierung,<\/li>\n<li>Recht auf Beschwerde bei der nationale Datenschutzbeh\u00f6rde Frankreichs CNIL unter der Adresse : <a href=\"https:\/\/www.cnil.fr\/fr\/plaintes\">https:\/\/www.cnil.fr\/fr\/plaintes<\/a>,<\/li>\n<li>Recht, Anweisungen f\u00fcr die Behandlung der Daten nach Ihrem Ableben zu geben.<\/li>\n<\/ul>\n<p><!-- \/divi:list --> <!-- divi:paragraph -->VSie k\u00f6nnen Ihre Rechte brieflich aus\u00fcben, indem Sie an die folgende Adresse schreiben:\u00a0<\/p>\n<p>&nbsp;<\/p>\n<p><!-- \/divi:paragraph --> <!-- divi:paragraph -->\u00a0Groupe GUILLIN<\/p>\n<p>&nbsp;<\/p>\n<p><!-- \/divi:paragraph --> <!-- divi:paragraph -->\u00a0 ZI Avenue du Mar\u00e9chal de Lattre de Tassigny<\/p>\n<p>&nbsp;<\/p>\n<p><!-- \/divi:paragraph --> <!-- divi:paragraph -->\u00a0 25290 ORNANS<\/p>\n<p>&nbsp;<\/p>\n<p><!-- \/divi:paragraph --> <!-- divi:paragraph -->ooder indem Sie eine E-Mail an <a href=\"mailto:contactrgpd@groupeguillin.fr.\" target=\"_blank\" rel=\"noopener noreferrer\">contactrgpd@groupeguillin.fr.<\/a> richten.<\/p>\n<p>&nbsp;<\/p>\n<p><!-- \/divi:paragraph --> <!-- divi:paragraph -->Wir antworten Ihnen so zeitnah wie m\u00f6glich, jedoch sp\u00e4testens einen Monat nach Erhalt Ihres Schreibens\/Ihrer Mail.<\/p>\n<p>&nbsp;<\/p>\n<p><!-- \/divi:paragraph --> <!-- divi:paragraph -->Bei begr\u00fcndeten Zweifeln an Ihrer Identit\u00e4t k\u00f6nnen wir einen Identit\u00e4tsnachweis von Ihnen verlangen.<\/p>\n<p>&nbsp;<\/p>\n<p><!-- \/divi:paragraph --> <!-- divi:paragraph -->Im letzteren Fall wird die Kopie Ihres Identit\u00e4tsnachweises gem\u00e4\u00df den Bestimmungen des Code P\u00e9nal [franz\u00f6sisches Strafgesetzbuch] wie folgt gespeichert: ein Jahr, wenn Sie Ihr Recht auf Zugriff und Berichtigung, und drei Jahre, wenn Sie Ihr Widerspruchsrecht aus\u00fcben.<\/p>\n<p>&nbsp;<\/p>\n<p><!-- \/divi:paragraph --> <!-- divi:heading {\"level\":3} --><\/p>\n<h3><a>Werden die Daten in L\u00e4nder au\u00dferhalb der Europ\u00e4ischen Union transferiert?\u00a0<\/a><\/h3>\n<p><!-- \/divi:heading --> <!-- divi:paragraph -->Ihre Daten werden nicht in L\u00e4nder au\u00dferhalb der Europ\u00e4ischen Union transferiert.<\/p>\n<p>&nbsp;<\/p>\n<p><!-- \/divi:paragraph --> <!-- divi:heading {\"level\":3} --><\/p>\n<h3><a>Cookies und Verfolgungscookies<\/a><\/h3>\n<p><!-- \/divi:heading --> <!-- divi:paragraph -->Ein Cookie ist eine Datei im Textformat, die auf Ihrem Endger\u00e4t (insbesondere Rechner, Tablet, Mobiltelefon) gespeichert wird, wenn Sie unsere Internetseite besuchen.<\/p>\n<p>&nbsp;<\/p>\n<p><!-- \/divi:paragraph --> <!-- divi:paragraph -->Wir erfassen Cookies f\u00fcr statistische Zwecke. Die Cookies haben eine Lebensdauer von 13 Monaten. Die \u00fcber die Cookies gesammelten Daten werden f\u00fcr eine Dauer von 25 Monaten gespeichert.<\/p>\n<p>&nbsp;<\/p>\n<p><!-- \/divi:paragraph --> <!-- divi:paragraph -->Wenn Sie bei der Nutzung unserer Website das Setzen von Cookies erlauben, k\u00f6nnen auch LinkedIn, Twitter und YouTube Cookies auf Ihren Endger\u00e4ten setzen, wenn Sie die von uns f\u00fcr die Netzwerke LinkedIn, Twitter und YouTube verwendeten Ikonen anklicken.<\/p>\n<p>&nbsp;<\/p>\n<p><!-- \/divi:paragraph --> <!-- divi:heading {\"level\":3} --><\/p>\n<h3><a>Wie hoch ist die Schutzstufe?\u00a0<\/a><\/h3>\n<p><!-- \/divi:heading --> <!-- divi:paragraph -->Wir haben geeignete technische und organisatorische Ma\u00dfnahmen getroffen, um ein dem Risiko angemessenes Sicherheitsniveau zu gew\u00e4hrleisten und um zu verhindern, dass Ihre Daten ge\u00e4ndert, modifiziert oder besch\u00e4digt werden oder dass nicht berechtigte Dritte Zugang zu ihnen haben.<\/p>\n<p>&nbsp;<\/p>\n<p><!-- \/divi:paragraph --> <!-- divi:paragraph -->Zu diesem Zweck sind die R\u00e4ume gesch\u00fctzt und ist das zur Verarbeitung Ihrer Daten berechtigte Personal entsprechend instruiert und verpflichtet worden, strenge Vertraulichkeit zu wahren.<\/p>\n<p>&nbsp;<\/p>\n<p><!-- \/divi:paragraph --> <!-- divi:heading {\"level\":3} --><\/p>\n<h3><a>\u00c4nderung unserer Datenschutzbestimmungen<\/a><\/h3>\n<p><!-- \/divi:heading --> <!-- divi:paragraph -->Wir behalten uns \u00c4nderungen dieser Datenschutzbestimmungen vor, um gesetzliche Neuerungen zu ber\u00fccksichtigen.<\/p>\n<p>&nbsp;<\/p>\n<p><!-- \/divi:paragraph --><\/p>\n<p>[\/et_pb_text][et_pb_button button_url=&#8221;@ET-DC@eyJkeW5hbWljIjp0cnVlLCJjb250ZW50IjoiaG9tZV91cmwiLCJzZXR0aW5ncyI6W119@&#8221; button_text=&#8221;zur\u00fcck&#8221; button_alignment=&#8221;left&#8221; _builder_version=&#8221;4.7.3&#8243; _dynamic_attributes=&#8221;button_url&#8221; _module_preset=&#8221;default&#8221; custom_button=&#8221;on&#8221; button_text_size=&#8221;15px&#8221; button_text_color=&#8221;#ffffff&#8221; button_bg_color=&#8221;#21aa6b&#8221; button_border_width=&#8221;0px&#8221; button_border_radius=&#8221;25px&#8221; button_font=&#8221;|600||on|||||&#8221; custom_margin=&#8221;0px||0px||false|false&#8221; custom_margin_tablet=&#8221;&#8221; custom_margin_phone=&#8221;||30px||false|false&#8221; custom_margin_last_edited=&#8221;on|phone&#8221; custom_padding=&#8221;4px||4px||true|false&#8221; locked=&#8221;off&#8221;][\/et_pb_button][\/et_pb_column][\/et_pb_row][\/et_pb_section]<\/p>\n","protected":false},"excerpt":{"rendered":"<p>Die Website www.groupeguillin.fr ist eine Unternehmenswebsite. Es handelt sich nicht um eine kommerzielle Website. &nbsp; Mit diesen Datenschutzbestimmungen m\u00f6chten wir Ihnen erkl\u00e4ren, warum und wie die personenbezogenen Daten, die Sie uns anvertrauen, gem\u00e4\u00df dem franz\u00f6sischen Gesetz 78-17 &#8220;Informatique et Libert\u00e9s&#8221; [Informatik und Freiheiten] vom 6. Januar 1978 in seiner ge\u00e4nderten Fassung und der Verordnung (EU) [&hellip;]<\/p>\n","protected":false},"author":1,"featured_media":0,"parent":0,"menu_order":0,"comment_status":"closed","ping_status":"open","template":"","meta":{"_acf_changed":false,"_et_pb_use_builder":"on","_et_pb_old_content":"","_et_gb_content_width":"","footnotes":""},"class_list":["post-19692","page","type-page","status-publish","hentry"],"acf":[],"yoast_head":"<!-- This site is optimized with the Yoast SEO plugin v27.3 - https:\/\/yoast.com\/product\/yoast-seo-wordpress\/ -->\n<title>Datenschutzbestimmungen - Groupe GUILLIN<\/title>\n<meta name=\"description\" content=\"Le Groupe GUILLIN est le r\u00e9f\u00e9rent europ\u00e9en de l&#039;emballage plastique alimentaire\" \/>\n<meta name=\"robots\" content=\"index, follow, max-snippet:-1, max-image-preview:large, max-video-preview:-1\" \/>\n<link rel=\"canonical\" href=\"https:\/\/www.groupeguillin.fr\/de\/datenschutzbestimmungen\/\" \/>\n<meta property=\"og:locale\" content=\"de_DE\" \/>\n<meta property=\"og:type\" content=\"article\" \/>\n<meta property=\"og:title\" content=\"Datenschutzbestimmungen - Groupe GUILLIN\" \/>\n<meta property=\"og:description\" content=\"Le Groupe GUILLIN est le r\u00e9f\u00e9rent europ\u00e9en de l&#039;emballage plastique alimentaire\" \/>\n<meta property=\"og:url\" content=\"https:\/\/www.groupeguillin.fr\/de\/datenschutzbestimmungen\/\" \/>\n<meta property=\"og:site_name\" content=\"Groupe GUILLIN\" \/>\n<meta property=\"article:modified_time\" content=\"2025-03-25T11:28:19+00:00\" \/>\n<meta property=\"og:image\" content=\"https:\/\/www.groupeguillin.fr\/wp-content\/uploads\/2020\/09\/Logo-guillin-1.png\" \/>\n\t<meta property=\"og:image:width\" content=\"1172\" \/>\n\t<meta property=\"og:image:height\" content=\"300\" \/>\n\t<meta property=\"og:image:type\" content=\"image\/png\" \/>\n<meta name=\"twitter:card\" content=\"summary_large_image\" \/>\n<meta name=\"twitter:label1\" content=\"Est. reading time\" \/>\n\t<meta name=\"twitter:data1\" content=\"7 minutes\" \/>\n<script type=\"application\/ld+json\" class=\"yoast-schema-graph\">{\"@context\":\"https:\\\/\\\/schema.org\",\"@graph\":[{\"@type\":\"WebPage\",\"@id\":\"https:\\\/\\\/www.groupeguillin.fr\\\/de\\\/datenschutzbestimmungen\\\/\",\"url\":\"https:\\\/\\\/www.groupeguillin.fr\\\/de\\\/datenschutzbestimmungen\\\/\",\"name\":\"Datenschutzbestimmungen - Groupe GUILLIN\",\"isPartOf\":{\"@id\":\"https:\\\/\\\/www.groupeguillin.fr\\\/de\\\/#website\"},\"datePublished\":\"2025-03-05T11:59:36+00:00\",\"dateModified\":\"2025-03-25T11:28:19+00:00\",\"description\":\"Le Groupe GUILLIN est le r\u00e9f\u00e9rent europ\u00e9en de l'emballage plastique alimentaire\",\"breadcrumb\":{\"@id\":\"https:\\\/\\\/www.groupeguillin.fr\\\/de\\\/datenschutzbestimmungen\\\/#breadcrumb\"},\"inLanguage\":\"de-DE\",\"potentialAction\":[{\"@type\":\"ReadAction\",\"target\":[\"https:\\\/\\\/www.groupeguillin.fr\\\/de\\\/datenschutzbestimmungen\\\/\"]}]},{\"@type\":\"BreadcrumbList\",\"@id\":\"https:\\\/\\\/www.groupeguillin.fr\\\/de\\\/datenschutzbestimmungen\\\/#breadcrumb\",\"itemListElement\":[{\"@type\":\"ListItem\",\"position\":1,\"name\":\"Accueil\",\"item\":\"https:\\\/\\\/www.groupeguillin.fr\\\/de\\\/\"},{\"@type\":\"ListItem\",\"position\":2,\"name\":\"Datenschutzbestimmungen\"}]},{\"@type\":\"WebSite\",\"@id\":\"https:\\\/\\\/www.groupeguillin.fr\\\/de\\\/#website\",\"url\":\"https:\\\/\\\/www.groupeguillin.fr\\\/de\\\/\",\"name\":\"Groupe GUILLIN\",\"description\":\"We protect your food\",\"publisher\":{\"@id\":\"https:\\\/\\\/www.groupeguillin.fr\\\/de\\\/#organization\"},\"potentialAction\":[{\"@type\":\"SearchAction\",\"target\":{\"@type\":\"EntryPoint\",\"urlTemplate\":\"https:\\\/\\\/www.groupeguillin.fr\\\/de\\\/?s={search_term_string}\"},\"query-input\":{\"@type\":\"PropertyValueSpecification\",\"valueRequired\":true,\"valueName\":\"search_term_string\"}}],\"inLanguage\":\"de-DE\"},{\"@type\":\"Organization\",\"@id\":\"https:\\\/\\\/www.groupeguillin.fr\\\/de\\\/#organization\",\"name\":\"Groupe GUILLIN\",\"url\":\"https:\\\/\\\/www.groupeguillin.fr\\\/de\\\/\",\"logo\":{\"@type\":\"ImageObject\",\"inLanguage\":\"de-DE\",\"@id\":\"https:\\\/\\\/www.groupeguillin.fr\\\/de\\\/#\\\/schema\\\/logo\\\/image\\\/\",\"url\":\"https:\\\/\\\/www.groupeguillin.fr\\\/wp-content\\\/uploads\\\/2020\\\/09\\\/Logo-guillin-1.png\",\"contentUrl\":\"https:\\\/\\\/www.groupeguillin.fr\\\/wp-content\\\/uploads\\\/2020\\\/09\\\/Logo-guillin-1.png\",\"width\":1172,\"height\":300,\"caption\":\"Groupe GUILLIN\"},\"image\":{\"@id\":\"https:\\\/\\\/www.groupeguillin.fr\\\/de\\\/#\\\/schema\\\/logo\\\/image\\\/\"},\"sameAs\":[\"https:\\\/\\\/www.instagram.com\\\/groupeguillin\\\/\",\"https:\\\/\\\/www.linkedin.com\\\/company\\\/guillin-emballages\\\/\",\"https:\\\/\\\/www.youtube.com\\\/channel\\\/UCS-Q4Qkgd1bN9pdIPGRjogQ\"]}]}<\/script>\n<!-- \/ Yoast SEO plugin. -->","yoast_head_json":{"title":"Datenschutzbestimmungen - Groupe GUILLIN","description":"Le Groupe GUILLIN est le r\u00e9f\u00e9rent europ\u00e9en de l'emballage plastique alimentaire","robots":{"index":"index","follow":"follow","max-snippet":"max-snippet:-1","max-image-preview":"max-image-preview:large","max-video-preview":"max-video-preview:-1"},"canonical":"https:\/\/www.groupeguillin.fr\/de\/datenschutzbestimmungen\/","og_locale":"de_DE","og_type":"article","og_title":"Datenschutzbestimmungen - Groupe GUILLIN","og_description":"Le Groupe GUILLIN est le r\u00e9f\u00e9rent europ\u00e9en de l'emballage plastique alimentaire","og_url":"https:\/\/www.groupeguillin.fr\/de\/datenschutzbestimmungen\/","og_site_name":"Groupe GUILLIN","article_modified_time":"2025-03-25T11:28:19+00:00","og_image":[{"width":1172,"height":300,"url":"https:\/\/www.groupeguillin.fr\/wp-content\/uploads\/2020\/09\/Logo-guillin-1.png","type":"image\/png"}],"twitter_card":"summary_large_image","twitter_misc":{"Est. reading time":"7 minutes"},"schema":{"@context":"https:\/\/schema.org","@graph":[{"@type":"WebPage","@id":"https:\/\/www.groupeguillin.fr\/de\/datenschutzbestimmungen\/","url":"https:\/\/www.groupeguillin.fr\/de\/datenschutzbestimmungen\/","name":"Datenschutzbestimmungen - Groupe GUILLIN","isPartOf":{"@id":"https:\/\/www.groupeguillin.fr\/de\/#website"},"datePublished":"2025-03-05T11:59:36+00:00","dateModified":"2025-03-25T11:28:19+00:00","description":"Le Groupe GUILLIN est le r\u00e9f\u00e9rent europ\u00e9en de l'emballage plastique alimentaire","breadcrumb":{"@id":"https:\/\/www.groupeguillin.fr\/de\/datenschutzbestimmungen\/#breadcrumb"},"inLanguage":"de-DE","potentialAction":[{"@type":"ReadAction","target":["https:\/\/www.groupeguillin.fr\/de\/datenschutzbestimmungen\/"]}]},{"@type":"BreadcrumbList","@id":"https:\/\/www.groupeguillin.fr\/de\/datenschutzbestimmungen\/#breadcrumb","itemListElement":[{"@type":"ListItem","position":1,"name":"Accueil","item":"https:\/\/www.groupeguillin.fr\/de\/"},{"@type":"ListItem","position":2,"name":"Datenschutzbestimmungen"}]},{"@type":"WebSite","@id":"https:\/\/www.groupeguillin.fr\/de\/#website","url":"https:\/\/www.groupeguillin.fr\/de\/","name":"Groupe GUILLIN","description":"We protect your food","publisher":{"@id":"https:\/\/www.groupeguillin.fr\/de\/#organization"},"potentialAction":[{"@type":"SearchAction","target":{"@type":"EntryPoint","urlTemplate":"https:\/\/www.groupeguillin.fr\/de\/?s={search_term_string}"},"query-input":{"@type":"PropertyValueSpecification","valueRequired":true,"valueName":"search_term_string"}}],"inLanguage":"de-DE"},{"@type":"Organization","@id":"https:\/\/www.groupeguillin.fr\/de\/#organization","name":"Groupe GUILLIN","url":"https:\/\/www.groupeguillin.fr\/de\/","logo":{"@type":"ImageObject","inLanguage":"de-DE","@id":"https:\/\/www.groupeguillin.fr\/de\/#\/schema\/logo\/image\/","url":"https:\/\/www.groupeguillin.fr\/wp-content\/uploads\/2020\/09\/Logo-guillin-1.png","contentUrl":"https:\/\/www.groupeguillin.fr\/wp-content\/uploads\/2020\/09\/Logo-guillin-1.png","width":1172,"height":300,"caption":"Groupe GUILLIN"},"image":{"@id":"https:\/\/www.groupeguillin.fr\/de\/#\/schema\/logo\/image\/"},"sameAs":["https:\/\/www.instagram.com\/groupeguillin\/","https:\/\/www.linkedin.com\/company\/guillin-emballages\/","https:\/\/www.youtube.com\/channel\/UCS-Q4Qkgd1bN9pdIPGRjogQ"]}]}},"publishpress_future_action":{"enabled":false,"date":"2026-04-14 17:06:19","action":"change-status","newStatus":"draft","terms":[],"taxonomy":"translation_priority","extraData":[]},"publishpress_future_workflow_manual_trigger":{"enabledWorkflows":[]},"_links":{"self":[{"href":"https:\/\/www.groupeguillin.fr\/de\/wp-json\/wp\/v2\/pages\/19692","targetHints":{"allow":["GET"]}}],"collection":[{"href":"https:\/\/www.groupeguillin.fr\/de\/wp-json\/wp\/v2\/pages"}],"about":[{"href":"https:\/\/www.groupeguillin.fr\/de\/wp-json\/wp\/v2\/types\/page"}],"author":[{"embeddable":true,"href":"https:\/\/www.groupeguillin.fr\/de\/wp-json\/wp\/v2\/users\/1"}],"replies":[{"embeddable":true,"href":"https:\/\/www.groupeguillin.fr\/de\/wp-json\/wp\/v2\/comments?post=19692"}],"version-history":[{"count":8,"href":"https:\/\/www.groupeguillin.fr\/de\/wp-json\/wp\/v2\/pages\/19692\/revisions"}],"predecessor-version":[{"id":20457,"href":"https:\/\/www.groupeguillin.fr\/de\/wp-json\/wp\/v2\/pages\/19692\/revisions\/20457"}],"wp:attachment":[{"href":"https:\/\/www.groupeguillin.fr\/de\/wp-json\/wp\/v2\/media?parent=19692"}],"curies":[{"name":"wp","href":"https:\/\/api.w.org\/{rel}","templated":true}]}}