{"id":19686,"date":"2025-03-05T11:52:12","date_gmt":"2025-03-05T10:52:12","guid":{"rendered":"https:\/\/www.groupeguillin.fr\/nutzungsbedingungen\/"},"modified":"2025-03-25T12:24:35","modified_gmt":"2025-03-25T11:24:35","slug":"nutzungsbedingungen","status":"publish","type":"page","link":"https:\/\/www.groupeguillin.fr\/de\/nutzungsbedingungen\/","title":{"rendered":"Nutzungsbedingungen"},"content":{"rendered":"<p>[et_pb_section fb_built=&#8221;1&#8243; admin_label=&#8221;section&#8221; _builder_version=&#8221;4.16&#8243; saved_tabs=&#8221;all&#8221; global_colors_info=&#8221;{}&#8221;][et_pb_row admin_label=&#8221;row&#8221; _builder_version=&#8221;4.16&#8243; background_size=&#8221;initial&#8221; background_position=&#8221;top_left&#8221; background_repeat=&#8221;repeat&#8221; global_colors_info=&#8221;{}&#8221;][et_pb_column type=&#8221;4_4&#8243; _builder_version=&#8221;4.16&#8243; custom_padding=&#8221;|||&#8221; global_colors_info=&#8221;{}&#8221; custom_padding__hover=&#8221;|||&#8221;][et_pb_button button_url=&#8221;@ET-DC@eyJkeW5hbWljIjp0cnVlLCJjb250ZW50IjoiaG9tZV91cmwiLCJzZXR0aW5ncyI6e319@&#8221; button_text=&#8221;Retour&#8221; button_alignment=&#8221;left&#8221; _builder_version=&#8221;4.16&#8243; _dynamic_attributes=&#8221;button_url&#8221; _module_preset=&#8221;default&#8221; custom_button=&#8221;on&#8221; button_text_size=&#8221;15px&#8221; button_text_color=&#8221;#ffffff&#8221; button_bg_color=&#8221;#21aa6b&#8221; button_border_width=&#8221;0px&#8221; button_border_radius=&#8221;25px&#8221; button_font=&#8221;|600||on|||||&#8221; custom_margin=&#8221;0px||0px||false|false&#8221; custom_margin_tablet=&#8221;&#8221; custom_margin_phone=&#8221;||30px||false|false&#8221; custom_margin_last_edited=&#8221;on|phone&#8221; custom_padding=&#8221;4px||4px||true|false&#8221; global_colors_info=&#8221;{}&#8221;][\/et_pb_button][et_pb_post_title meta=&#8221;off&#8221; _builder_version=&#8221;4.16&#8243; _module_preset=&#8221;default&#8221; title_font_size=&#8221;28px&#8221; custom_margin=&#8221;20px||20px||true|false&#8221; custom_padding=&#8221;0px||0px||true|false&#8221; global_colors_info=&#8221;{}&#8221;][\/et_pb_post_title][et_pb_text admin_label=&#8221;Text&#8221; _builder_version=&#8221;4.27.4&#8243; background_size=&#8221;initial&#8221; background_position=&#8221;top_left&#8221; background_repeat=&#8221;repeat&#8221; custom_margin=&#8221;0px||0px||true|false&#8221; custom_padding=&#8221;0px||0px||true|false&#8221; global_colors_info=&#8221;{}&#8221;]Diese Website wird herausgegeben von:<br \/>\nGroupe GUILLIN SA \u2013 ZI, Avenue du Mar\u00e9chal de Lattre de Tassigny- 25\u00a0290 Ornans<\/p>\n<p>T\u00e9l : 33 (0)3 81 40 23 23 &#8211; Fax : +33 (0)3 81 62 15 92 &#8211; E-mail\u00a0: contact@groupeguillin.fr<br \/>\n349\u00a0846 303 RCS [frz. Handels- und Firmenregister] Besan\u00e7on<\/p>\n<p>Grundkapital:  11.487.825 EUR<\/p>\n<p>Die Website wird gehostet von : OVH SAS &#8211; 2\u00a0rue Kellermann\u00a0&#8211; BP 80157 &#8211; 59053 ROUBAIX CEDEX 1 \/ www.ovh.com<\/p>\n<p>&nbsp;<\/p>\n<p><strong>Zugang zur Website<\/strong><\/p>\n<p>Jede Person, die auf die Website <a href=\"https:\/\/www.groupeguillin.fr\">www.groupeguillin.fr<\/a> (im Folgenden &#8220;die Website&#8221;) zugreift, verpflichtet sich zur Einhaltung der vorliegenden Nutzungsbedingungen. Die Verbindung oder der Zugriff auf diese Website unterliegt diesen Nutzungsbedingungen und setzt die vollst\u00e4ndige und vorbehaltlose Akzeptanz der Nutzungsbedingungen, der Datenschutzrichtlinien und des Cookie-Managements durch den Internetbenutzer voraus.  <\/p>\n<p>Die Produktseiten der Website <a href=\"https:\/\/www.groupeguillin.fr\">www.groupeguillin.fr<\/a> sind f\u00fcr Fachleute bestimmt. Die auf der Website enthaltenen Elemente stellen kein Verkaufs- oder Kaufangebot dar.<\/p>\n<p>Die Website ist 7 Tage die Woche rund um die Uhr zug\u00e4nglich. Eine Haftung seitens Socamel kann nicht geltend gemacht werden, wenn der Schaden auf einen technischen Ausfall der Verbindung insbesondere aufgrund h\u00f6herer Gewalt, eine Wartungsma\u00dfnahme, eine Aktualisierung, eine \u00c4nderung der Website, das T\u00e4tigwerden des Hosting-Providers, einen Netzausfall, eine Unterbrechung der Stromversorgung oder Fehler Ihrerseits bei der Konfiguration oder Benutzung des Rechners zur\u00fcckzuf\u00fchren ist.<\/p>\n<p>Groupe Guillin SA tut ihr Bestes, um ihre Website virenfrei zu halten, kann aber nicht garantieren, dass sie virenfrei ist. Deshalb empfiehlt Ihnen die Groupe Guillin SA, vor dem Herunterladen von Dokumenten und Daten einen angemessenen Schutz vor Viren (insbesondere durch Verwendung von Antivirenprogrammen) sicherzustellen.<\/p>\n<p>Alle auf dieser Website befindlichen Informationen haben allgemeinen Charakter ohne jedweden Vertragswert.<\/p>\n<p><strong>Geistiges Eigentum<\/strong><\/p>\n<p>Die Website und alle ihre Elemente sind durch geltende Gesetze und insbesondere durch geistige Eigentumsrechte gesch\u00fctzt, unabh\u00e4ngig davon, ob es sich um Urheberrechte oder gewerbliche Schutzrechte (wie Patente, Marken, Muster und Modelle) handelt. Sie sind das ausschlie\u00dfliche Eigentum der Groupe Guillin SA oder Dritter, die der Groupe Guillin SA gestattet haben, sie zu nutzen. Die Nutzung der Website ist ausschlie\u00dflich den Bed\u00fcrfnissen des Benutzers vorbehalten. <\/p>\n<p>Jedwede Verwertung, Vervielf\u00e4ltigung, Nutzung, Vorstellung, Anpassung, \u00c4nderung, \u00dcbernahme, \u00dcbersetzung und Vermarktung der gesamten oder eines Teils der Website und\/oder ihrer gesch\u00fctzten Elemente, und zwar einschlie\u00dflich der bis dato \u00f6ffentlich bekannten oder unbekannten Informatikanwendungen und herunterladbaren Dokumente oder fotografischen Aufzeichnungen ist unabh\u00e4ngig vom Verfahren oder Medium strikt untersagt, es sei denn, dass eine ausdr\u00fcckliche schriftliche Genehmigung der Groupe Guillin SA vorliegt. Davon unber\u00fchrt sind die in der franz\u00f6sischen Gesetzgebung vorgesehenen Ausnahmen. Jegliche Zuwiderhandlung kann zivil- oder strafrechtlich insbesondere wegen F\u00e4lschung verfolgt werden. <\/p>\n<p>Daher untersagt die Groupe Guillin SA u. a. die Verwertung, Vervielf\u00e4ltigung, Nutzung, Darstellung, Anpassung, \u00c4nderung, \u00dcbernahme, \u00dcbersetzung und Vermarktung ihrer Marke, ihres Handelsnamens, ihres Logos bzw. eines anderen Unterscheidungsmerkmals, die sie oder ihre Tochterunternehmen verwenden, es sei denn, dass eine zuvor erteilte schriftliche Einwilligung des f\u00fcr die Herausgabe Verantwortlichen vorliegt. <\/p>\n<p>Gleicherweise m\u00fcssen alle Hyperlinks, die direkt oder indirekt auf diese Website f\u00fchren, zuvor von der Groupe Guillin SA genehmigt werden. Es steht der Socamel Technologie SAS frei, solche Hyperlinks abzulehnen, ohne ihre Entscheidung in irgendeiner Weise rechtfertigen zu m\u00fcssen. Wenn eine solche Genehmigung erteilt worden ist, kann sie auf einfache Aufforderung seitens der Groupe Guillin SA jederzeit und ohne Vorank\u00fcndigung zur\u00fcckgezogen werden. <\/p>\n<p><strong>Haftung<\/strong><\/p>\n<p>Die Nutzung dieser Website erfolgt unter der alleinigen und ausschlie\u00dflichen Verantwortung des Nutzers. <\/p>\n<p>Auf keinen Fall kann die Groupe Guillin SA haftbar gemacht werden f\u00fcr direkte oder indirekte, materielle oder immaterielle oder besondere Sch\u00e4den, die insbesondere auf die Nutzung und\/oder Verwendung dieser Website oder verlinkter Websites sowie auf die Verwendung schriftlicher, akustischer oder visueller Informationen aus dieser Website zur\u00fcckzuf\u00fchren sind, sowie insbesondere f\u00fcr finanzielle oder gesch\u00e4ftliche Verluste, f\u00fcr Programm- oder Datenverluste in Ihren Informations- oder sonstigen Systemen.<\/p>\n<p>Die Website kann Links zu anderen Internetseiten enthalten, auf die die Groupe Guillin SA keinen Einfluss hat. Angesichts dieser Umst\u00e4nde kann keine ausdr\u00fcckliche oder stillschweigende Gew\u00e4hrleistung hinsichtlich der Genauigkeit, Vollst\u00e4ndigkeit oder Qualit\u00e4t der hier ver\u00f6ffentlichten Inhalte gegeben werden, und die Groupe Guillin SA lehnt jegliche Haftung in Bezug auf die Nutzung dieser Links ab. Desgleichen kann die Groupe Guillin SA keinesfalls f\u00fcr den Inhalt sowie f\u00fcr die auf den mit Hyper- oder sonstigen Links verlinkten Internetseiten angebotenen Produkte oder Dienstleistungen haftbar gemacht werden.<\/p>\n<p><strong>Aktualisierung<\/strong><\/p>\n<p>Die Groupe Guillin SA beh\u00e4lt sich das Recht vor, diese Nutzungsbedingungen und alle auf dieser Website enthaltenen Elemente, Produkte und Dienstleistungen ohne Vorank\u00fcndigung zu \u00e4ndern und zu aktualisieren. Sie sind f\u00fcr die Nutzer bindend. Es obliegt dem Benutzer, diese Rubrik regelm\u00e4\u00dfig aufzusuchen, um die geltenden Bestimmungen zu \u00fcberpr\u00fcfen.<\/p>\n<p><strong>Anwendbares Recht und Gerichtsbarkeit<\/strong><\/p>\n<p>Diese Website unterliegt franz\u00f6sischem Recht. Davon ausgenommen sind alle Bestimmungen des internationalen Privatrechts, die zur Anwendung einer anderen Rechtsprechung f\u00fchren k\u00f6nnen. F\u00fcr alle Rechtsstreitigkeiten im Zusammenhang mit dem Inhalt der Website oder ihrer Nutzung sind ausschlie\u00dflich die franz\u00f6sischen Gerichte zust\u00e4ndig.[\/et_pb_text][et_pb_button button_url=&#8221;@ET-DC@eyJkeW5hbWljIjp0cnVlLCJjb250ZW50IjoiaG9tZV91cmwiLCJzZXR0aW5ncyI6e319@&#8221; button_text=&#8221;Zur\u00fcck&#8221; button_alignment=&#8221;left&#8221; _builder_version=&#8221;4.27.4&#8243; _dynamic_attributes=&#8221;button_url&#8221; _module_preset=&#8221;default&#8221; custom_button=&#8221;on&#8221; button_text_size=&#8221;15px&#8221; button_text_color=&#8221;#ffffff&#8221; button_bg_color=&#8221;#21aa6b&#8221; button_border_width=&#8221;0px&#8221; button_border_radius=&#8221;25px&#8221; button_font=&#8221;|600||on|||||&#8221; custom_margin=&#8221;0px||0px||false|false&#8221; custom_margin_tablet=&#8221;&#8221; custom_margin_phone=&#8221;||30px||false|false&#8221; custom_margin_last_edited=&#8221;on|phone&#8221; custom_padding=&#8221;4px||4px||true|false&#8221; hover_enabled=&#8221;0&#8243; global_colors_info=&#8221;{}&#8221; sticky_enabled=&#8221;0&#8243;][\/et_pb_button][\/et_pb_column][\/et_pb_row][\/et_pb_section]<\/p>\n","protected":false},"excerpt":{"rendered":"<p>Diese Website wird herausgegeben von: Groupe GUILLIN SA \u2013 ZI, Avenue du Mar\u00e9chal de Lattre de Tassigny- 25\u00a0290 Ornans T\u00e9l : 33 (0)3 81 40 23 23 &#8211; Fax : +33 (0)3 81 62 15 92 &#8211; E-mail\u00a0: contact@groupeguillin.fr 349\u00a0846 303 RCS [frz. Handels- und Firmenregister] Besan\u00e7on Grundkapital: 11.487.825 EUR Die Website wird gehostet von [&hellip;]<\/p>\n","protected":false},"author":1,"featured_media":0,"parent":0,"menu_order":0,"comment_status":"closed","ping_status":"closed","template":"","meta":{"_acf_changed":false,"_et_pb_use_builder":"on","_et_pb_old_content":"","_et_gb_content_width":"","footnotes":""},"class_list":["post-19686","page","type-page","status-publish","hentry"],"acf":[],"yoast_head":"<!-- This site is optimized with the Yoast SEO plugin v27.4 - https:\/\/yoast.com\/product\/yoast-seo-wordpress\/ -->\n<title>Nutzungsbedingungen - Groupe GUILLIN<\/title>\n<meta name=\"description\" content=\"Le Groupe GUILLIN est le r\u00e9f\u00e9rent europ\u00e9en de l&#039;emballage plastique alimentaire\" \/>\n<meta name=\"robots\" content=\"index, follow, max-snippet:-1, max-image-preview:large, max-video-preview:-1\" \/>\n<link rel=\"canonical\" href=\"https:\/\/www.groupeguillin.fr\/de\/nutzungsbedingungen\/\" \/>\n<meta property=\"og:locale\" content=\"de_DE\" \/>\n<meta property=\"og:type\" content=\"article\" \/>\n<meta property=\"og:title\" content=\"Nutzungsbedingungen - Groupe GUILLIN\" \/>\n<meta property=\"og:description\" content=\"Le Groupe GUILLIN est le r\u00e9f\u00e9rent europ\u00e9en de l&#039;emballage plastique alimentaire\" \/>\n<meta property=\"og:url\" content=\"https:\/\/www.groupeguillin.fr\/de\/nutzungsbedingungen\/\" \/>\n<meta property=\"og:site_name\" content=\"Groupe GUILLIN\" \/>\n<meta property=\"article:modified_time\" content=\"2025-03-25T11:24:35+00:00\" \/>\n<meta property=\"og:image\" content=\"https:\/\/www.groupeguillin.fr\/wp-content\/uploads\/2020\/09\/Logo-guillin-1.png\" \/>\n\t<meta property=\"og:image:width\" content=\"1172\" \/>\n\t<meta property=\"og:image:height\" content=\"300\" \/>\n\t<meta property=\"og:image:type\" content=\"image\/png\" \/>\n<meta name=\"twitter:card\" content=\"summary_large_image\" \/>\n<meta name=\"twitter:label1\" content=\"Est. reading time\" \/>\n\t<meta name=\"twitter:data1\" content=\"6 minutes\" \/>\n<script type=\"application\/ld+json\" class=\"yoast-schema-graph\">{\"@context\":\"https:\\\/\\\/schema.org\",\"@graph\":[{\"@type\":\"WebPage\",\"@id\":\"https:\\\/\\\/www.groupeguillin.fr\\\/de\\\/nutzungsbedingungen\\\/\",\"url\":\"https:\\\/\\\/www.groupeguillin.fr\\\/de\\\/nutzungsbedingungen\\\/\",\"name\":\"Nutzungsbedingungen - Groupe GUILLIN\",\"isPartOf\":{\"@id\":\"https:\\\/\\\/www.groupeguillin.fr\\\/de\\\/#website\"},\"datePublished\":\"2025-03-05T10:52:12+00:00\",\"dateModified\":\"2025-03-25T11:24:35+00:00\",\"description\":\"Le Groupe GUILLIN est le r\u00e9f\u00e9rent europ\u00e9en de l'emballage plastique alimentaire\",\"breadcrumb\":{\"@id\":\"https:\\\/\\\/www.groupeguillin.fr\\\/de\\\/nutzungsbedingungen\\\/#breadcrumb\"},\"inLanguage\":\"de-DE\",\"potentialAction\":[{\"@type\":\"ReadAction\",\"target\":[\"https:\\\/\\\/www.groupeguillin.fr\\\/de\\\/nutzungsbedingungen\\\/\"]}]},{\"@type\":\"BreadcrumbList\",\"@id\":\"https:\\\/\\\/www.groupeguillin.fr\\\/de\\\/nutzungsbedingungen\\\/#breadcrumb\",\"itemListElement\":[{\"@type\":\"ListItem\",\"position\":1,\"name\":\"Accueil\",\"item\":\"https:\\\/\\\/www.groupeguillin.fr\\\/de\\\/\"},{\"@type\":\"ListItem\",\"position\":2,\"name\":\"Nutzungsbedingungen\"}]},{\"@type\":\"WebSite\",\"@id\":\"https:\\\/\\\/www.groupeguillin.fr\\\/de\\\/#website\",\"url\":\"https:\\\/\\\/www.groupeguillin.fr\\\/de\\\/\",\"name\":\"Groupe GUILLIN\",\"description\":\"We protect your food\",\"publisher\":{\"@id\":\"https:\\\/\\\/www.groupeguillin.fr\\\/de\\\/#organization\"},\"potentialAction\":[{\"@type\":\"SearchAction\",\"target\":{\"@type\":\"EntryPoint\",\"urlTemplate\":\"https:\\\/\\\/www.groupeguillin.fr\\\/de\\\/?s={search_term_string}\"},\"query-input\":{\"@type\":\"PropertyValueSpecification\",\"valueRequired\":true,\"valueName\":\"search_term_string\"}}],\"inLanguage\":\"de-DE\"},{\"@type\":\"Organization\",\"@id\":\"https:\\\/\\\/www.groupeguillin.fr\\\/de\\\/#organization\",\"name\":\"Groupe GUILLIN\",\"url\":\"https:\\\/\\\/www.groupeguillin.fr\\\/de\\\/\",\"logo\":{\"@type\":\"ImageObject\",\"inLanguage\":\"de-DE\",\"@id\":\"https:\\\/\\\/www.groupeguillin.fr\\\/de\\\/#\\\/schema\\\/logo\\\/image\\\/\",\"url\":\"https:\\\/\\\/www.groupeguillin.fr\\\/wp-content\\\/uploads\\\/2020\\\/09\\\/Logo-guillin-1.png\",\"contentUrl\":\"https:\\\/\\\/www.groupeguillin.fr\\\/wp-content\\\/uploads\\\/2020\\\/09\\\/Logo-guillin-1.png\",\"width\":1172,\"height\":300,\"caption\":\"Groupe GUILLIN\"},\"image\":{\"@id\":\"https:\\\/\\\/www.groupeguillin.fr\\\/de\\\/#\\\/schema\\\/logo\\\/image\\\/\"},\"sameAs\":[\"https:\\\/\\\/www.instagram.com\\\/groupeguillin\\\/\",\"https:\\\/\\\/www.linkedin.com\\\/company\\\/guillin-emballages\\\/\",\"https:\\\/\\\/www.youtube.com\\\/channel\\\/UCS-Q4Qkgd1bN9pdIPGRjogQ\"]}]}<\/script>\n<!-- \/ Yoast SEO plugin. -->","yoast_head_json":{"title":"Nutzungsbedingungen - Groupe GUILLIN","description":"Le Groupe GUILLIN est le r\u00e9f\u00e9rent europ\u00e9en de l'emballage plastique alimentaire","robots":{"index":"index","follow":"follow","max-snippet":"max-snippet:-1","max-image-preview":"max-image-preview:large","max-video-preview":"max-video-preview:-1"},"canonical":"https:\/\/www.groupeguillin.fr\/de\/nutzungsbedingungen\/","og_locale":"de_DE","og_type":"article","og_title":"Nutzungsbedingungen - Groupe GUILLIN","og_description":"Le Groupe GUILLIN est le r\u00e9f\u00e9rent europ\u00e9en de l'emballage plastique alimentaire","og_url":"https:\/\/www.groupeguillin.fr\/de\/nutzungsbedingungen\/","og_site_name":"Groupe GUILLIN","article_modified_time":"2025-03-25T11:24:35+00:00","og_image":[{"width":1172,"height":300,"url":"https:\/\/www.groupeguillin.fr\/wp-content\/uploads\/2020\/09\/Logo-guillin-1.png","type":"image\/png"}],"twitter_card":"summary_large_image","twitter_misc":{"Est. reading time":"6 minutes"},"schema":{"@context":"https:\/\/schema.org","@graph":[{"@type":"WebPage","@id":"https:\/\/www.groupeguillin.fr\/de\/nutzungsbedingungen\/","url":"https:\/\/www.groupeguillin.fr\/de\/nutzungsbedingungen\/","name":"Nutzungsbedingungen - Groupe GUILLIN","isPartOf":{"@id":"https:\/\/www.groupeguillin.fr\/de\/#website"},"datePublished":"2025-03-05T10:52:12+00:00","dateModified":"2025-03-25T11:24:35+00:00","description":"Le Groupe GUILLIN est le r\u00e9f\u00e9rent europ\u00e9en de l'emballage plastique alimentaire","breadcrumb":{"@id":"https:\/\/www.groupeguillin.fr\/de\/nutzungsbedingungen\/#breadcrumb"},"inLanguage":"de-DE","potentialAction":[{"@type":"ReadAction","target":["https:\/\/www.groupeguillin.fr\/de\/nutzungsbedingungen\/"]}]},{"@type":"BreadcrumbList","@id":"https:\/\/www.groupeguillin.fr\/de\/nutzungsbedingungen\/#breadcrumb","itemListElement":[{"@type":"ListItem","position":1,"name":"Accueil","item":"https:\/\/www.groupeguillin.fr\/de\/"},{"@type":"ListItem","position":2,"name":"Nutzungsbedingungen"}]},{"@type":"WebSite","@id":"https:\/\/www.groupeguillin.fr\/de\/#website","url":"https:\/\/www.groupeguillin.fr\/de\/","name":"Groupe GUILLIN","description":"We protect your food","publisher":{"@id":"https:\/\/www.groupeguillin.fr\/de\/#organization"},"potentialAction":[{"@type":"SearchAction","target":{"@type":"EntryPoint","urlTemplate":"https:\/\/www.groupeguillin.fr\/de\/?s={search_term_string}"},"query-input":{"@type":"PropertyValueSpecification","valueRequired":true,"valueName":"search_term_string"}}],"inLanguage":"de-DE"},{"@type":"Organization","@id":"https:\/\/www.groupeguillin.fr\/de\/#organization","name":"Groupe GUILLIN","url":"https:\/\/www.groupeguillin.fr\/de\/","logo":{"@type":"ImageObject","inLanguage":"de-DE","@id":"https:\/\/www.groupeguillin.fr\/de\/#\/schema\/logo\/image\/","url":"https:\/\/www.groupeguillin.fr\/wp-content\/uploads\/2020\/09\/Logo-guillin-1.png","contentUrl":"https:\/\/www.groupeguillin.fr\/wp-content\/uploads\/2020\/09\/Logo-guillin-1.png","width":1172,"height":300,"caption":"Groupe GUILLIN"},"image":{"@id":"https:\/\/www.groupeguillin.fr\/de\/#\/schema\/logo\/image\/"},"sameAs":["https:\/\/www.instagram.com\/groupeguillin\/","https:\/\/www.linkedin.com\/company\/guillin-emballages\/","https:\/\/www.youtube.com\/channel\/UCS-Q4Qkgd1bN9pdIPGRjogQ"]}]}},"publishpress_future_action":{"enabled":false,"date":"2026-04-26 12:38:32","action":"change-status","newStatus":"draft","terms":[],"taxonomy":"translation_priority","extraData":[]},"publishpress_future_workflow_manual_trigger":{"enabledWorkflows":[]},"_links":{"self":[{"href":"https:\/\/www.groupeguillin.fr\/de\/wp-json\/wp\/v2\/pages\/19686","targetHints":{"allow":["GET"]}}],"collection":[{"href":"https:\/\/www.groupeguillin.fr\/de\/wp-json\/wp\/v2\/pages"}],"about":[{"href":"https:\/\/www.groupeguillin.fr\/de\/wp-json\/wp\/v2\/types\/page"}],"author":[{"embeddable":true,"href":"https:\/\/www.groupeguillin.fr\/de\/wp-json\/wp\/v2\/users\/1"}],"replies":[{"embeddable":true,"href":"https:\/\/www.groupeguillin.fr\/de\/wp-json\/wp\/v2\/comments?post=19686"}],"version-history":[{"count":10,"href":"https:\/\/www.groupeguillin.fr\/de\/wp-json\/wp\/v2\/pages\/19686\/revisions"}],"predecessor-version":[{"id":20451,"href":"https:\/\/www.groupeguillin.fr\/de\/wp-json\/wp\/v2\/pages\/19686\/revisions\/20451"}],"wp:attachment":[{"href":"https:\/\/www.groupeguillin.fr\/de\/wp-json\/wp\/v2\/media?parent=19686"}],"curies":[{"name":"wp","href":"https:\/\/api.w.org\/{rel}","templated":true}]}}